{"id":673,"date":"2016-03-11T17:26:36","date_gmt":"2016-03-11T17:26:36","guid":{"rendered":"http:\/\/www.carruajesalba.com\/?page_id=673"},"modified":"2016-03-18T11:43:35","modified_gmt":"2016-03-18T11:43:35","slug":"restauracion-de-automoviles-de-epoca","status":"publish","type":"page","link":"https:\/\/www.carruajesalba.com\/fr\/restauracion-de-automoviles-de-epoca\/","title":{"rendered":"Restauraci\u00f3n de Autom\u00f3viles de \u00e9poca"},"content":{"rendered":"\n<style type=\"text\/css\" data-created_by=\"avia_inline_auto\" id=\"style-css-av-av_one_full-9497bbf8bff73ea4c6992cc17fa9ec36\">\n.flex_column.av-av_one_full-9497bbf8bff73ea4c6992cc17fa9ec36{\nborder-radius:0px 0px 0px 0px;\npadding:0px 0px 0px 0px;\n}\n<\/style>\n<div  class='flex_column av-av_one_full-9497bbf8bff73ea4c6992cc17fa9ec36 av_one_full  avia-builder-el-0  el_before_av_masonry_gallery  avia-builder-el-no-sibling  first flex_column_div av-zero-column-padding  '     ><p>\n<style type=\"text\/css\" data-created_by=\"avia_inline_auto\" id=\"style-css-av-av_heading-c803f641195671ec7345a4ea559c81e6\">\n#top .av-special-heading.av-av_heading-c803f641195671ec7345a4ea559c81e6{\npadding-bottom:0;\n}\nbody .av-special-heading.av-av_heading-c803f641195671ec7345a4ea559c81e6 .av-special-heading-tag .heading-char{\nfont-size:25px;\n}\n.av-special-heading.av-av_heading-c803f641195671ec7345a4ea559c81e6 .av-subheading{\nfont-size:15px;\n}\n<\/style>\n<div  class='av-special-heading av-av_heading-c803f641195671ec7345a4ea559c81e6 av-special-heading-h3  avia-builder-el-1  el_before_av_promobox  avia-builder-el-first '><h3 class='av-special-heading-tag '  itemprop=\"headline\"  >Restauraci\u00f3n de Autom\u00f3viles de \u00c9poca<\/h3><div class=\"special-heading-border\"><div class=\"special-heading-inner-border\"><\/div><\/div><\/div><br \/>\n\n<style type=\"text\/css\" data-created_by=\"avia_inline_auto\" id=\"style-css-av-av_promobox-40ecd0388d03b1c3ee578bf09fec6eb3\">\n.av_promobox.av-av_promobox-40ecd0388d03b1c3ee578bf09fec6eb3{\ncolor:#424242;\nbackground:#f2f2f2;\nborder-color:#ffffff;\n}\n<\/style>\n<div  class='av_promobox av-av_promobox-40ecd0388d03b1c3ee578bf09fec6eb3 avia-button-no  avia-builder-el-2  el_after_av_heading  avia-builder-el-last '><div class='avia-promocontent'><\/p>\n<p style=\"text-align: justify;\"><img loading=\"lazy\" decoding=\"async\" class=\"alignleft wp-image-1052\" src=\"http:\/\/www.carruajesalba.com\/wp-content\/uploads\/2016\/03\/1-300x225.jpg\" alt=\"\" width=\"200\" height=\"150\" srcset=\"https:\/\/www.carruajesalba.com\/wp-content\/uploads\/2016\/03\/1-300x225.jpg 300w, https:\/\/www.carruajesalba.com\/wp-content\/uploads\/2016\/03\/1-450x338.jpg 450w, https:\/\/www.carruajesalba.com\/wp-content\/uploads\/2016\/03\/1.jpg 532w\" sizes=\"auto, (max-width: 200px) 100vw, 200px\" \/>La conservaci\u00f3n y salvaguarda de los bienes culturales son los principales objetivos dentro de nuestros rigurosos criterios de restauraci\u00f3n, velando siempre por la fidelidad en cuanto a t\u00e9cnicas y materiales se refiere. El carruaje evolucion\u00f3 y sustituy\u00f3 el caballo, como fuerza motriz, por el motor de combusti\u00f3n. Se ha de tener en cuenta que la estructura seguir\u00e1 siendo la misma durante a\u00f1os aunque si cambiar\u00eda la mec\u00e1nica de estos veh\u00edculos siendo ahora autopropulsados.<\/p>\n<p style=\"text-align: justify;\">Nuestras propuestas de intervenci\u00f3n responden a un factor com\u00fan, el respeto a la obra procurando su continuidad en el tiempo para legarlo a las generaciones futuras.<\/p>\n<p>\n<\/div><\/div><\/p><\/div><div id='av-masonry-1' class='av-masonry av-av_masonry_gallery-9cdf1797144b9082f59ac3f657a0afd6 noHover av-fixed-size av-large-gap av-hover-overlay- av-masonry-animation-active av-masonry-col-4 av-caption-always av-caption-style- av-masonry-gallery ' data-post_id=\"673\"><div class=\"av-masonry-container isotope av-js-disabled\"><div class='av-masonry-entry isotope-item av-masonry-item-no-image '><\/div><div id='av-masonry-1-item-2928' data-av-masonry-item='2928' class='av-masonry-entry isotope-item post-2928 attachment type-attachment status-inherit hentry  av-masonry-item-with-image av-grid-img'    itemprop=\"thumbnailUrl\" ><div class='av-inner-masonry-sizer'><\/div><figure class='av-inner-masonry main_color'><div class=\"av-masonry-outerimage-container\"><div class='av-masonry-image-container' style=\"background-image: url(https:\/\/www.carruajesalba.com\/wp-content\/uploads\/2016\/03\/2-705x447.jpg);\" ><\/div><\/div><\/figure><\/div><!--end av-masonry entry--><div id='av-masonry-1-item-2930' data-av-masonry-item='2930' class='av-masonry-entry isotope-item post-2930 attachment type-attachment status-inherit hentry  av-masonry-item-with-image av-grid-img'    itemprop=\"thumbnailUrl\" ><div class='av-inner-masonry-sizer'><\/div><figure class='av-inner-masonry main_color'><div class=\"av-masonry-outerimage-container\"><div class='av-masonry-image-container' style=\"background-image: url(https:\/\/www.carruajesalba.com\/wp-content\/uploads\/2016\/03\/3-705x472.jpg);\" ><\/div><\/div><\/figure><\/div><!--end av-masonry entry--><div id='av-masonry-1-item-2932' data-av-masonry-item='2932' class='av-masonry-entry isotope-item post-2932 attachment type-attachment status-inherit hentry  av-masonry-item-with-image av-grid-img'    itemprop=\"thumbnailUrl\" ><div class='av-inner-masonry-sizer'><\/div><figure class='av-inner-masonry main_color'><div class=\"av-masonry-outerimage-container\"><div class='av-masonry-image-container' style=\"background-image: url(https:\/\/www.carruajesalba.com\/wp-content\/uploads\/2016\/03\/4-705x472.jpg);\" ><\/div><\/div><\/figure><\/div><!--end av-masonry entry--><div id='av-masonry-1-item-2934' data-av-masonry-item='2934' class='av-masonry-entry isotope-item post-2934 attachment type-attachment status-inherit hentry  av-masonry-item-with-image av-grid-img'    itemprop=\"thumbnailUrl\" ><div class='av-inner-masonry-sizer'><\/div><figure class='av-inner-masonry main_color'><div class=\"av-masonry-outerimage-container\"><div class='av-masonry-image-container' style=\"background-image: url(https:\/\/www.carruajesalba.com\/wp-content\/uploads\/2016\/03\/5-1-705x472.jpg);\" ><\/div><\/div><\/figure><\/div><!--end av-masonry entry--><\/div><\/div><\/p>\n","protected":false},"excerpt":{"rendered":"","protected":false},"author":2,"featured_media":0,"parent":0,"menu_order":0,"comment_status":"closed","ping_status":"closed","template":"","meta":{"footnotes":""},"class_list":["post-673","page","type-page","status-publish","hentry"],"_links":{"self":[{"href":"https:\/\/www.carruajesalba.com\/fr\/wp-json\/wp\/v2\/pages\/673","targetHints":{"allow":["GET"]}}],"collection":[{"href":"https:\/\/www.carruajesalba.com\/fr\/wp-json\/wp\/v2\/pages"}],"about":[{"href":"https:\/\/www.carruajesalba.com\/fr\/wp-json\/wp\/v2\/types\/page"}],"author":[{"embeddable":true,"href":"https:\/\/www.carruajesalba.com\/fr\/wp-json\/wp\/v2\/users\/2"}],"replies":[{"embeddable":true,"href":"https:\/\/www.carruajesalba.com\/fr\/wp-json\/wp\/v2\/comments?post=673"}],"version-history":[{"count":9,"href":"https:\/\/www.carruajesalba.com\/fr\/wp-json\/wp\/v2\/pages\/673\/revisions"}],"predecessor-version":[{"id":1056,"href":"https:\/\/www.carruajesalba.com\/fr\/wp-json\/wp\/v2\/pages\/673\/revisions\/1056"}],"wp:attachment":[{"href":"https:\/\/www.carruajesalba.com\/fr\/wp-json\/wp\/v2\/media?parent=673"}],"curies":[{"name":"wp","href":"https:\/\/api.w.org\/{rel}","templated":true}]}}