{"id":4085,"date":"2016-04-11T17:04:44","date_gmt":"2016-04-11T17:04:44","guid":{"rendered":"http:\/\/www.carruajesalba.com\/fr\/?page_id=4085"},"modified":"2016-04-11T17:09:12","modified_gmt":"2016-04-11T17:09:12","slug":"peinture","status":"publish","type":"page","link":"https:\/\/www.carruajesalba.com\/fr\/peinture\/","title":{"rendered":"Peinture"},"content":{"rendered":"\n<style type=\"text\/css\" data-created_by=\"avia_inline_auto\" id=\"style-css-av-av_one_full-9497bbf8bff73ea4c6992cc17fa9ec36\">\n.flex_column.av-av_one_full-9497bbf8bff73ea4c6992cc17fa9ec36{\nborder-radius:0px 0px 0px 0px;\npadding:0px 0px 0px 0px;\n}\n<\/style>\n<div  class='flex_column av-av_one_full-9497bbf8bff73ea4c6992cc17fa9ec36 av_one_full  avia-builder-el-0  el_before_av_masonry_gallery  avia-builder-el-no-sibling  first flex_column_div av-zero-column-padding  '     ><p>\n<style type=\"text\/css\" data-created_by=\"avia_inline_auto\" id=\"style-css-av-av_heading-73b0a0981045062ce12c67a05f6cdf05\">\n#top .av-special-heading.av-av_heading-73b0a0981045062ce12c67a05f6cdf05{\npadding-bottom:0;\n}\nbody .av-special-heading.av-av_heading-73b0a0981045062ce12c67a05f6cdf05 .av-special-heading-tag .heading-char{\nfont-size:25px;\n}\n.av-special-heading.av-av_heading-73b0a0981045062ce12c67a05f6cdf05 .av-subheading{\nfont-size:15px;\n}\n<\/style>\n<div  class='av-special-heading av-av_heading-73b0a0981045062ce12c67a05f6cdf05 av-special-heading-h3  avia-builder-el-1  el_before_av_promobox  avia-builder-el-first '><h3 class='av-special-heading-tag '  itemprop=\"headline\"  >Peinture<\/h3><div class=\"special-heading-border\"><div class=\"special-heading-inner-border\"><\/div><\/div><\/div><br \/>\n\n<style type=\"text\/css\" data-created_by=\"avia_inline_auto\" id=\"style-css-av-av_promobox-40ecd0388d03b1c3ee578bf09fec6eb3\">\n.av_promobox.av-av_promobox-40ecd0388d03b1c3ee578bf09fec6eb3{\ncolor:#424242;\nbackground:#f2f2f2;\nborder-color:#ffffff;\n}\n<\/style>\n<div  class='av_promobox av-av_promobox-40ecd0388d03b1c3ee578bf09fec6eb3 avia-button-no  avia-builder-el-2  el_after_av_heading  avia-builder-el-last '><div class='avia-promocontent'><\/p>\n<p style=\"text-align: justify;\"><img loading=\"lazy\" decoding=\"async\" class=\"alignleft wp-image-1128\" src=\"http:\/\/www.carruajesalba.com\/wp-content\/uploads\/2015\/11\/PORTADA-2-300x231.jpg\" alt=\"\" width=\"227\" height=\"175\" srcset=\"https:\/\/www.carruajesalba.com\/wp-content\/uploads\/2015\/11\/PORTADA-2-300x231.jpg 300w, https:\/\/www.carruajesalba.com\/wp-content\/uploads\/2015\/11\/PORTADA-2-768x590.jpg 768w, https:\/\/www.carruajesalba.com\/wp-content\/uploads\/2015\/11\/PORTADA-2-1030x792.jpg 1030w, https:\/\/www.carruajesalba.com\/wp-content\/uploads\/2015\/11\/PORTADA-2-1500x1153.jpg 1500w, https:\/\/www.carruajesalba.com\/wp-content\/uploads\/2015\/11\/PORTADA-2-705x542.jpg 705w, https:\/\/www.carruajesalba.com\/wp-content\/uploads\/2015\/11\/PORTADA-2-450x346.jpg 450w\" sizes=\"auto, (max-width: 227px) 100vw, 227px\" \/><\/p>\n<p style=\"text-align: justify;\">Dans la peinture de voitures, tels que des corps et des bas, nous analysons rigoureusement les couleurs originales correspondant \u00e0 chaque type. Pour la r\u00e9alisation de filets, d\u00e9termin\u00e9e avec de la peinture, fine feuille d&rsquo;or, etc. les mesures correspondantes sont utilis\u00e9es pour chaque mod\u00e8le.<\/p>\n<p style=\"text-align: justify;\">En ce qui concerne la peinture des travaux de restauration, nous analysons en profondeur le travail de d\u00e9couvrir et de conna\u00eetre les deux fa\u00e7ons et la couleur ou les mesures initiales. Plus tard, nous r\u00e9int\u00e9grons la totalit\u00e9 de l&rsquo;ensemble en r\u00e9cup\u00e9rant et maintenant des couches picturales qui ont atteint nos jours. Nous appliquons \u00e9galement les diff\u00e9rentes techniques de conservation. Une unification de l&rsquo;ensemble est conduite et enfin une protection finale s&rsquo;applique.<\/p>\n<p>\n<\/div><\/div><\/p><\/div><div id='av-masonry-1' class='av-masonry av-av_masonry_gallery-2b4dfb7cabdf92b32d1006c9393407ed noHover av-fixed-size av-large-gap av-hover-overlay- av-masonry-animation-active av-masonry-col-4 av-caption-always av-caption-style- av-masonry-gallery ' data-post_id=\"4085\"><div class=\"av-masonry-container isotope av-js-disabled\"><div class='av-masonry-entry isotope-item av-masonry-item-no-image '><\/div><div id='av-masonry-1-item-3016' data-av-masonry-item='3016' class='av-masonry-entry isotope-item post-3016 attachment type-attachment status-inherit hentry  av-masonry-item-with-image'    itemprop=\"thumbnailUrl\" ><div class='av-inner-masonry-sizer'><\/div><figure class='av-inner-masonry main_color'><div class=\"av-masonry-outerimage-container\"><div class='av-masonry-image-container' style=\"background-image: url(https:\/\/www.carruajesalba.com\/wp-content\/uploads\/2015\/11\/Fileteado-de-rueda-705x472.jpg);\"  title=\"Fileteado de rueda\" ><\/div><\/div><figcaption class='av-inner-masonry-content site-background'><div class='av-inner-masonry-content-pos'><div class='av-inner-masonry-content-pos-content'><div class='avia-arrow'><\/div><h3 class='av-masonry-entry-title entry-title '  itemprop=\"headline\" >Fileteado de rueda<\/h3><\/div><\/div><\/figcaption><\/figure><\/div><!--end av-masonry entry--><div id='av-masonry-1-item-3018' data-av-masonry-item='3018' class='av-masonry-entry isotope-item post-3018 attachment type-attachment status-inherit hentry  av-masonry-item-with-image'    itemprop=\"thumbnailUrl\" ><div class='av-inner-masonry-sizer'><\/div><figure class='av-inner-masonry main_color'><div class=\"av-masonry-outerimage-container\"><div class='av-masonry-image-container' style=\"background-image: url(https:\/\/www.carruajesalba.com\/wp-content\/uploads\/2015\/11\/Restauraci\u00f3n-her\u00e1ldica-663x705.jpg);\"  title=\"Restauraci\u00f3n her\u00e1ldica\" ><\/div><\/div><figcaption class='av-inner-masonry-content site-background'><div class='av-inner-masonry-content-pos'><div class='av-inner-masonry-content-pos-content'><div class='avia-arrow'><\/div><h3 class='av-masonry-entry-title entry-title '  itemprop=\"headline\" >Restauraci\u00f3n her\u00e1ldica<\/h3><\/div><\/div><\/figcaption><\/figure><\/div><!--end av-masonry entry--><div id='av-masonry-1-item-3022' data-av-masonry-item='3022' class='av-masonry-entry isotope-item post-3022 attachment type-attachment status-inherit hentry  av-masonry-item-with-image'    itemprop=\"thumbnailUrl\" ><div class='av-inner-masonry-sizer'><\/div><figure class='av-inner-masonry main_color'><div class=\"av-masonry-outerimage-container\"><div class='av-masonry-image-container' style=\"background-image: url(https:\/\/www.carruajesalba.com\/wp-content\/uploads\/2015\/11\/Elemento-decorativo-del-pulpitillo-705x472.jpg);\"  title=\"Elemento decorativo del pulpitillo\" ><\/div><\/div><figcaption class='av-inner-masonry-content site-background'><div class='av-inner-masonry-content-pos'><div class='av-inner-masonry-content-pos-content'><div class='avia-arrow'><\/div><h3 class='av-masonry-entry-title entry-title '  itemprop=\"headline\" >Elemento decorativo del pulpitillo<\/h3><\/div><\/div><\/figcaption><\/figure><\/div><!--end av-masonry entry--><div id='av-masonry-1-item-3020' data-av-masonry-item='3020' class='av-masonry-entry isotope-item post-3020 attachment type-attachment status-inherit hentry  av-masonry-item-with-image'    itemprop=\"thumbnailUrl\" ><div class='av-inner-masonry-sizer'><\/div><figure class='av-inner-masonry main_color'><div class=\"av-masonry-outerimage-container\"><div class='av-masonry-image-container' style=\"background-image: url(https:\/\/www.carruajesalba.com\/wp-content\/uploads\/2015\/11\/Ballesta-y-estribera-705x397.jpg);\"  title=\"Ballesta y estribera\" ><\/div><\/div><figcaption class='av-inner-masonry-content site-background'><div class='av-inner-masonry-content-pos'><div class='av-inner-masonry-content-pos-content'><div class='avia-arrow'><\/div><h3 class='av-masonry-entry-title entry-title '  itemprop=\"headline\" >Ballesta y estribera<\/h3><\/div><\/div><\/figcaption><\/figure><\/div><!--end av-masonry entry--><\/div><\/div><\/p>\n","protected":false},"excerpt":{"rendered":"","protected":false},"author":2,"featured_media":0,"parent":0,"menu_order":0,"comment_status":"closed","ping_status":"closed","template":"","meta":{"footnotes":""},"class_list":["post-4085","page","type-page","status-publish","hentry"],"_links":{"self":[{"href":"https:\/\/www.carruajesalba.com\/fr\/wp-json\/wp\/v2\/pages\/4085","targetHints":{"allow":["GET"]}}],"collection":[{"href":"https:\/\/www.carruajesalba.com\/fr\/wp-json\/wp\/v2\/pages"}],"about":[{"href":"https:\/\/www.carruajesalba.com\/fr\/wp-json\/wp\/v2\/types\/page"}],"author":[{"embeddable":true,"href":"https:\/\/www.carruajesalba.com\/fr\/wp-json\/wp\/v2\/users\/2"}],"replies":[{"embeddable":true,"href":"https:\/\/www.carruajesalba.com\/fr\/wp-json\/wp\/v2\/comments?post=4085"}],"version-history":[{"count":3,"href":"https:\/\/www.carruajesalba.com\/fr\/wp-json\/wp\/v2\/pages\/4085\/revisions"}],"predecessor-version":[{"id":4090,"href":"https:\/\/www.carruajesalba.com\/fr\/wp-json\/wp\/v2\/pages\/4085\/revisions\/4090"}],"wp:attachment":[{"href":"https:\/\/www.carruajesalba.com\/fr\/wp-json\/wp\/v2\/media?parent=4085"}],"curies":[{"name":"wp","href":"https:\/\/api.w.org\/{rel}","templated":true}]}}