{"id":4071,"date":"2016-04-11T16:47:32","date_gmt":"2016-04-11T16:47:32","guid":{"rendered":"http:\/\/www.carruajesalba.com\/fr\/?page_id=4071"},"modified":"2016-04-11T16:50:43","modified_gmt":"2016-04-11T16:50:43","slug":"tapisserie","status":"publish","type":"page","link":"https:\/\/www.carruajesalba.com\/fr\/tapisserie\/","title":{"rendered":"Tapisserie"},"content":{"rendered":"\n<style type=\"text\/css\" data-created_by=\"avia_inline_auto\" id=\"style-css-av-av_one_full-9497bbf8bff73ea4c6992cc17fa9ec36\">\n.flex_column.av-av_one_full-9497bbf8bff73ea4c6992cc17fa9ec36{\nborder-radius:0px 0px 0px 0px;\npadding:0px 0px 0px 0px;\n}\n<\/style>\n<div  class='flex_column av-av_one_full-9497bbf8bff73ea4c6992cc17fa9ec36 av_one_full  avia-builder-el-0  el_before_av_masonry_gallery  avia-builder-el-no-sibling  first flex_column_div av-zero-column-padding  '     ><p>\n<style type=\"text\/css\" data-created_by=\"avia_inline_auto\" id=\"style-css-av-av_heading-32753c21831409a0fd965992b4480968\">\n#top .av-special-heading.av-av_heading-32753c21831409a0fd965992b4480968{\npadding-bottom:0;\n}\nbody .av-special-heading.av-av_heading-32753c21831409a0fd965992b4480968 .av-special-heading-tag .heading-char{\nfont-size:25px;\n}\n.av-special-heading.av-av_heading-32753c21831409a0fd965992b4480968 .av-subheading{\nfont-size:15px;\n}\n<\/style>\n<div  class='av-special-heading av-av_heading-32753c21831409a0fd965992b4480968 av-special-heading-h3  avia-builder-el-1  el_before_av_promobox  avia-builder-el-first '><h3 class='av-special-heading-tag '  itemprop=\"headline\"  >Tapisserie<\/h3><div class=\"special-heading-border\"><div class=\"special-heading-inner-border\"><\/div><\/div><\/div><br \/>\n\n<style type=\"text\/css\" data-created_by=\"avia_inline_auto\" id=\"style-css-av-av_promobox-40ecd0388d03b1c3ee578bf09fec6eb3\">\n.av_promobox.av-av_promobox-40ecd0388d03b1c3ee578bf09fec6eb3{\ncolor:#424242;\nbackground:#f2f2f2;\nborder-color:#ffffff;\n}\n<\/style>\n<div  class='av_promobox av-av_promobox-40ecd0388d03b1c3ee578bf09fec6eb3 avia-button-no  avia-builder-el-2  el_after_av_heading  avia-builder-el-last '><div class='avia-promocontent'><\/p>\n<p style=\"text-align: justify;\"><img loading=\"lazy\" decoding=\"async\" class=\"alignleft size-medium wp-image-1111\" src=\"http:\/\/www.carruajesalba.com\/wp-content\/uploads\/2015\/11\/PORTADA-1-300x205.jpg\" alt=\"PORTADA\" width=\"300\" height=\"205\" srcset=\"https:\/\/www.carruajesalba.com\/wp-content\/uploads\/2015\/11\/PORTADA-1-300x205.jpg 300w, https:\/\/www.carruajesalba.com\/wp-content\/uploads\/2015\/11\/PORTADA-1-768x524.jpg 768w, https:\/\/www.carruajesalba.com\/wp-content\/uploads\/2015\/11\/PORTADA-1-1030x702.jpg 1030w, https:\/\/www.carruajesalba.com\/wp-content\/uploads\/2015\/11\/PORTADA-1-705x481.jpg 705w, https:\/\/www.carruajesalba.com\/wp-content\/uploads\/2015\/11\/PORTADA-1-450x307.jpg 450w, https:\/\/www.carruajesalba.com\/wp-content\/uploads\/2015\/11\/PORTADA-1.jpg 1100w\" sizes=\"auto, (max-width: 300px) 100vw, 300px\" \/><\/p>\n<p style=\"text-align: justify;\">Nous avons tous types de tissus de tapisserie en utilisant des mat\u00e9riaux tels que le cuir, tissu de laine, la soie, la soie et le coton, le satin de soie, de velours, velours c\u00f4tel\u00e9, etc. et des techniques telles que matelass\u00e9, matelass\u00e9e faux, carreaux avec plis, carreaux faux, carreaux cousus, \u00e9pi tissu, etc.<\/p>\n<p style=\"text-align: justify;\">Quant au d\u00e9coration, nous nous sp\u00e9cialisons dans passementerie, franges, pompons, pi\u00e8ces \u00e9galis\u00e9es, etc.<\/p>\n<p style=\"text-align: justify;\">Les nouveaux travaux, ainsi que les travaux de restauration, sont bas\u00e9es en tecniques et formes originales. Pour combler les manques dans les travaux de restauration des tissus, nous faisons des reproductions exactes apr\u00e8s une analyse pr\u00e9liminaire du tissu d&rsquo;origine en utilisant le m\u00eame mat\u00e9riau, le nombre de fils, les mod\u00e8les et la gamme de couleurs.<\/p>\n<p>\n<\/div><\/div><\/p><\/div>\n<div id='av-masonry-1' class='av-masonry av-av_masonry_gallery-5a195bfb0c1d6882eccb047ea7f92398 noHover av-fixed-size av-large-gap av-hover-overlay- av-masonry-animation-active av-masonry-col-4 av-caption-always av-caption-style- av-masonry-gallery ' data-post_id=\"4071\"><div class=\"av-masonry-container isotope av-js-disabled\"><div class='av-masonry-entry isotope-item av-masonry-item-no-image '><\/div><div id='av-masonry-1-item-2996' data-av-masonry-item='2996' class='av-masonry-entry isotope-item post-2996 attachment type-attachment status-inherit hentry  av-masonry-item-with-image av-grid-img'    itemprop=\"thumbnailUrl\" ><div class='av-inner-masonry-sizer'><\/div><figure class='av-inner-masonry main_color'><div class=\"av-masonry-outerimage-container\"><div class='av-masonry-image-container' style=\"background-image: url(https:\/\/www.carruajesalba.com\/wp-content\/uploads\/2015\/11\/Canastilla-cuero-y-pa\u00f1o.jpg);\"  title=\"Tapisserie en cuir et tissu\" ><\/div><\/div><figcaption class='av-inner-masonry-content site-background'><div class='av-inner-masonry-content-pos'><div class='av-inner-masonry-content-pos-content'><div class='avia-arrow'><\/div><h3 class='av-masonry-entry-title entry-title '  itemprop=\"headline\" >Tapisserie en cuir et tissu<\/h3><\/div><\/div><\/figcaption><\/figure><\/div><!--end av-masonry entry--><div id='av-masonry-1-item-2998' data-av-masonry-item='2998' class='av-masonry-entry isotope-item post-2998 attachment type-attachment status-inherit hentry  av-masonry-item-with-image av-grid-img'    itemprop=\"thumbnailUrl\" ><div class='av-inner-masonry-sizer'><\/div><figure class='av-inner-masonry main_color'><div class=\"av-masonry-outerimage-container\"><div class='av-masonry-image-container' style=\"background-image: url(https:\/\/www.carruajesalba.com\/wp-content\/uploads\/2015\/11\/Tapicer\u00eda-de-cuero-restaurada-705x472.jpg);\"  title=\"Tapisserie en cuir restaur\u00e9e\" ><\/div><\/div><figcaption class='av-inner-masonry-content site-background'><div class='av-inner-masonry-content-pos'><div class='av-inner-masonry-content-pos-content'><div class='avia-arrow'><\/div><h3 class='av-masonry-entry-title entry-title '  itemprop=\"headline\" >Tapisserie en cuir restaur\u00e9e<\/h3><\/div><\/div><\/figcaption><\/figure><\/div><!--end av-masonry entry--><div id='av-masonry-1-item-3000' data-av-masonry-item='3000' class='av-masonry-entry isotope-item post-3000 attachment type-attachment status-inherit hentry  av-masonry-item-with-image av-grid-img'    itemprop=\"thumbnailUrl\" ><div class='av-inner-masonry-sizer'><\/div><figure class='av-inner-masonry main_color'><div class=\"av-masonry-outerimage-container\"><div class='av-masonry-image-container' style=\"background-image: url(https:\/\/www.carruajesalba.com\/wp-content\/uploads\/2015\/11\/Tapizado-de-cuero-y-pa\u00f1o-705x529.jpg);\"  title=\"Tapisserie en cuir et tissu\" ><\/div><\/div><figcaption class='av-inner-masonry-content site-background'><div class='av-inner-masonry-content-pos'><div class='av-inner-masonry-content-pos-content'><div class='avia-arrow'><\/div><h3 class='av-masonry-entry-title entry-title '  itemprop=\"headline\" >Tapisserie en cuir et tissu<\/h3><\/div><\/div><\/figcaption><\/figure><\/div><!--end av-masonry entry--><div id='av-masonry-1-item-3002' data-av-masonry-item='3002' class='av-masonry-entry isotope-item post-3002 attachment type-attachment status-inherit hentry  av-masonry-item-with-image av-grid-img'    itemprop=\"thumbnailUrl\" ><div class='av-inner-masonry-sizer'><\/div><figure class='av-inner-masonry main_color'><div class=\"av-masonry-outerimage-container\"><div class='av-masonry-image-container' style=\"background-image: url(https:\/\/www.carruajesalba.com\/wp-content\/uploads\/2015\/11\/ALMOAD\u00d3N-EN-CAPITON\u00c9-705x470.jpg);\"  title=\"Coussin matelass\u00e9\" ><\/div><\/div><figcaption class='av-inner-masonry-content site-background'><div class='av-inner-masonry-content-pos'><div class='av-inner-masonry-content-pos-content'><div class='avia-arrow'><\/div><h3 class='av-masonry-entry-title entry-title '  itemprop=\"headline\" >Coussin matelass\u00e9<\/h3><\/div><\/div><\/figcaption><\/figure><\/div><!--end av-masonry entry--><\/div><\/div>\n","protected":false},"excerpt":{"rendered":"","protected":false},"author":2,"featured_media":0,"parent":0,"menu_order":0,"comment_status":"closed","ping_status":"closed","template":"","meta":{"footnotes":""},"class_list":["post-4071","page","type-page","status-publish","hentry"],"_links":{"self":[{"href":"https:\/\/www.carruajesalba.com\/fr\/wp-json\/wp\/v2\/pages\/4071","targetHints":{"allow":["GET"]}}],"collection":[{"href":"https:\/\/www.carruajesalba.com\/fr\/wp-json\/wp\/v2\/pages"}],"about":[{"href":"https:\/\/www.carruajesalba.com\/fr\/wp-json\/wp\/v2\/types\/page"}],"author":[{"embeddable":true,"href":"https:\/\/www.carruajesalba.com\/fr\/wp-json\/wp\/v2\/users\/2"}],"replies":[{"embeddable":true,"href":"https:\/\/www.carruajesalba.com\/fr\/wp-json\/wp\/v2\/comments?post=4071"}],"version-history":[{"count":3,"href":"https:\/\/www.carruajesalba.com\/fr\/wp-json\/wp\/v2\/pages\/4071\/revisions"}],"predecessor-version":[{"id":4076,"href":"https:\/\/www.carruajesalba.com\/fr\/wp-json\/wp\/v2\/pages\/4071\/revisions\/4076"}],"wp:attachment":[{"href":"https:\/\/www.carruajesalba.com\/fr\/wp-json\/wp\/v2\/media?parent=4071"}],"curies":[{"name":"wp","href":"https:\/\/api.w.org\/{rel}","templated":true}]}}