{"id":4062,"date":"2016-04-11T15:48:15","date_gmt":"2016-04-11T15:48:15","guid":{"rendered":"http:\/\/www.carruajesalba.com\/fr\/?page_id=4062"},"modified":"2016-04-11T15:50:21","modified_gmt":"2016-04-11T15:50:21","slug":"cuir","status":"publish","type":"page","link":"https:\/\/www.carruajesalba.com\/fr\/cuir\/","title":{"rendered":"Cuir"},"content":{"rendered":"\n<style type=\"text\/css\" data-created_by=\"avia_inline_auto\" id=\"style-css-av-av_one_full-9497bbf8bff73ea4c6992cc17fa9ec36\">\n.flex_column.av-av_one_full-9497bbf8bff73ea4c6992cc17fa9ec36{\nborder-radius:0px 0px 0px 0px;\npadding:0px 0px 0px 0px;\n}\n<\/style>\n<div  class='flex_column av-av_one_full-9497bbf8bff73ea4c6992cc17fa9ec36 av_one_full  avia-builder-el-0  el_before_av_masonry_gallery  avia-builder-el-no-sibling  first flex_column_div av-zero-column-padding  '     ><p>\n<style type=\"text\/css\" data-created_by=\"avia_inline_auto\" id=\"style-css-av-av_heading-f807d809d32be2e7b0f0ce4a8ee31766\">\n#top .av-special-heading.av-av_heading-f807d809d32be2e7b0f0ce4a8ee31766{\npadding-bottom:0;\n}\nbody .av-special-heading.av-av_heading-f807d809d32be2e7b0f0ce4a8ee31766 .av-special-heading-tag .heading-char{\nfont-size:25px;\n}\n.av-special-heading.av-av_heading-f807d809d32be2e7b0f0ce4a8ee31766 .av-subheading{\nfont-size:15px;\n}\n<\/style>\n<div  class='av-special-heading av-av_heading-f807d809d32be2e7b0f0ce4a8ee31766 av-special-heading-h3  avia-builder-el-1  el_before_av_promobox  avia-builder-el-first '><h3 class='av-special-heading-tag '  itemprop=\"headline\"  >Cuir<\/h3><div class=\"special-heading-border\"><div class=\"special-heading-inner-border\"><\/div><\/div><\/div><br \/>\n\n<style type=\"text\/css\" data-created_by=\"avia_inline_auto\" id=\"style-css-av-av_promobox-40ecd0388d03b1c3ee578bf09fec6eb3\">\n.av_promobox.av-av_promobox-40ecd0388d03b1c3ee578bf09fec6eb3{\ncolor:#424242;\nbackground:#f2f2f2;\nborder-color:#ffffff;\n}\n<\/style>\n<div  class='av_promobox av-av_promobox-40ecd0388d03b1c3ee578bf09fec6eb3 avia-button-no  avia-builder-el-2  el_after_av_heading  avia-builder-el-last '><div class='avia-promocontent'><\/p>\n<p style=\"text-align: justify;\"><img loading=\"lazy\" decoding=\"async\" class=\"alignleft wp-image-1104\" src=\"http:\/\/www.carruajesalba.com\/wp-content\/uploads\/2015\/11\/PORTADA-300x166.jpg\" alt=\"\" width=\"199\" height=\"110\" srcset=\"https:\/\/www.carruajesalba.com\/wp-content\/uploads\/2015\/11\/PORTADA-300x166.jpg 300w, https:\/\/www.carruajesalba.com\/wp-content\/uploads\/2015\/11\/PORTADA-768x425.jpg 768w, https:\/\/www.carruajesalba.com\/wp-content\/uploads\/2015\/11\/PORTADA-1030x569.jpg 1030w, https:\/\/www.carruajesalba.com\/wp-content\/uploads\/2015\/11\/PORTADA-1500x829.jpg 1500w, https:\/\/www.carruajesalba.com\/wp-content\/uploads\/2015\/11\/PORTADA-705x390.jpg 705w, https:\/\/www.carruajesalba.com\/wp-content\/uploads\/2015\/11\/PORTADA-450x249.jpg 450w\" sizes=\"auto, (max-width: 199px) 100vw, 199px\" \/><\/p>\n<p style=\"text-align: justify;\">Nous travaillons avec une qualit\u00e9 sup\u00e9rieure de cuir v\u00e9g\u00e9tal et cuir verni. Quant \u00e0 la restauration, nous proc\u00e9dons avec des techniques de nettoyage, de la nutrition et de l&rsquo;hydratation d&rsquo;entre eux pour assurer leur conservation et la durabilit\u00e9 au fil du temps.<\/p>\n<p style=\"text-align: justify;\">Nous intervenons morceaux comme paumelles, courroies pour support, garde-crotte, garde-boue, marche-pied, etc. avec des techniques traditionnelles et des coutures \u00e0 la main.<\/p>\n<p>\n<\/div><\/div><\/p><\/div>\n<div id='av-masonry-1' class='av-masonry av-av_masonry_gallery-52e70c4cf5acf88d62f0e47a764aa94d noHover av-fixed-size av-large-gap av-hover-overlay- av-masonry-animation-active av-masonry-col-4 av-caption-always av-caption-style- av-masonry-gallery ' data-post_id=\"4062\"><div class=\"av-masonry-container isotope av-js-disabled\"><div class='av-masonry-entry isotope-item av-masonry-item-no-image '><\/div><div id='av-masonry-1-item-2986' data-av-masonry-item='2986' class='av-masonry-entry isotope-item post-2986 attachment type-attachment status-inherit hentry  av-masonry-item-with-image av-grid-img'    itemprop=\"thumbnailUrl\" ><div class='av-inner-masonry-sizer'><\/div><figure class='av-inner-masonry main_color'><div class=\"av-masonry-outerimage-container\"><div class='av-masonry-image-container' style=\"background-image: url(https:\/\/www.carruajesalba.com\/wp-content\/uploads\/2015\/11\/Correas-de-sopanda-1-705x472.jpg);\"  title=\"Courroie pour support\" ><\/div><\/div><figcaption class='av-inner-masonry-content site-background'><div class='av-inner-masonry-content-pos'><div class='av-inner-masonry-content-pos-content'><div class='avia-arrow'><\/div><h3 class='av-masonry-entry-title entry-title '  itemprop=\"headline\" >Courroie pour support<\/h3><\/div><\/div><\/figcaption><\/figure><\/div><!--end av-masonry entry--><div id='av-masonry-1-item-2980' data-av-masonry-item='2980' class='av-masonry-entry isotope-item post-2980 attachment type-attachment status-inherit hentry  av-masonry-item-with-image av-grid-img'    itemprop=\"thumbnailUrl\" ><div class='av-inner-masonry-sizer'><\/div><figure class='av-inner-masonry main_color'><div class=\"av-masonry-outerimage-container\"><div class='av-masonry-image-container' style=\"background-image: url(https:\/\/www.carruajesalba.com\/wp-content\/uploads\/2015\/11\/Estribera-cuero-restaurado-705x544.jpg);\"  title=\"Marche-pied (cuir restor\u00e9)\" ><\/div><\/div><figcaption class='av-inner-masonry-content site-background'><div class='av-inner-masonry-content-pos'><div class='av-inner-masonry-content-pos-content'><div class='avia-arrow'><\/div><h3 class='av-masonry-entry-title entry-title '  itemprop=\"headline\" >Marche-pied (cuir restor\u00e9)<\/h3><\/div><\/div><\/figcaption><\/figure><\/div><!--end av-masonry entry--><div id='av-masonry-1-item-2982' data-av-masonry-item='2982' class='av-masonry-entry isotope-item post-2982 attachment type-attachment status-inherit hentry  av-masonry-item-with-image av-grid-img'    itemprop=\"thumbnailUrl\" ><div class='av-inner-masonry-sizer'><\/div><figure class='av-inner-masonry main_color'><div class=\"av-masonry-outerimage-container\"><div class='av-masonry-image-container' style=\"background-image: url(https:\/\/www.carruajesalba.com\/wp-content\/uploads\/2015\/11\/Pulpitillo-cuero-restaurado-705x472.jpg);\"  title=\"Chaire pour laquais (cuir restor\u00e9)\" ><\/div><\/div><figcaption class='av-inner-masonry-content site-background'><div class='av-inner-masonry-content-pos'><div class='av-inner-masonry-content-pos-content'><div class='avia-arrow'><\/div><h3 class='av-masonry-entry-title entry-title '  itemprop=\"headline\" >Chaire pour laquais (cuir restor\u00e9)<\/h3><\/div><\/div><\/figcaption><\/figure><\/div><!--end av-masonry entry--><div id='av-masonry-1-item-2984' data-av-masonry-item='2984' class='av-masonry-entry isotope-item post-2984 attachment type-attachment status-inherit hentry  av-masonry-item-with-image av-grid-img'    itemprop=\"thumbnailUrl\" ><div class='av-inner-masonry-sizer'><\/div><figure class='av-inner-masonry main_color'><div class=\"av-masonry-outerimage-container\"><div class='av-masonry-image-container' style=\"background-image: url(https:\/\/www.carruajesalba.com\/wp-content\/uploads\/2015\/11\/Salpicadero-705x470.jpg);\"  title=\"Garde-crotte\" ><\/div><\/div><figcaption class='av-inner-masonry-content site-background'><div class='av-inner-masonry-content-pos'><div class='av-inner-masonry-content-pos-content'><div class='avia-arrow'><\/div><h3 class='av-masonry-entry-title entry-title '  itemprop=\"headline\" >Garde-crotte<\/h3><\/div><\/div><\/figcaption><\/figure><\/div><!--end av-masonry entry--><\/div><\/div>\n","protected":false},"excerpt":{"rendered":"","protected":false},"author":2,"featured_media":0,"parent":0,"menu_order":0,"comment_status":"closed","ping_status":"closed","template":"","meta":{"footnotes":""},"class_list":["post-4062","page","type-page","status-publish","hentry"],"_links":{"self":[{"href":"https:\/\/www.carruajesalba.com\/fr\/wp-json\/wp\/v2\/pages\/4062","targetHints":{"allow":["GET"]}}],"collection":[{"href":"https:\/\/www.carruajesalba.com\/fr\/wp-json\/wp\/v2\/pages"}],"about":[{"href":"https:\/\/www.carruajesalba.com\/fr\/wp-json\/wp\/v2\/types\/page"}],"author":[{"embeddable":true,"href":"https:\/\/www.carruajesalba.com\/fr\/wp-json\/wp\/v2\/users\/2"}],"replies":[{"embeddable":true,"href":"https:\/\/www.carruajesalba.com\/fr\/wp-json\/wp\/v2\/comments?post=4062"}],"version-history":[{"count":2,"href":"https:\/\/www.carruajesalba.com\/fr\/wp-json\/wp\/v2\/pages\/4062\/revisions"}],"predecessor-version":[{"id":4067,"href":"https:\/\/www.carruajesalba.com\/fr\/wp-json\/wp\/v2\/pages\/4062\/revisions\/4067"}],"wp:attachment":[{"href":"https:\/\/www.carruajesalba.com\/fr\/wp-json\/wp\/v2\/media?parent=4062"}],"curies":[{"name":"wp","href":"https:\/\/api.w.org\/{rel}","templated":true}]}}