{"id":4055,"date":"2016-04-11T15:39:01","date_gmt":"2016-04-11T15:39:01","guid":{"rendered":"http:\/\/www.carruajesalba.com\/fr\/?page_id=4055"},"modified":"2016-06-21T11:56:03","modified_gmt":"2016-06-21T11:56:03","slug":"traitements-antiparasitaires","status":"publish","type":"page","link":"https:\/\/www.carruajesalba.com\/fr\/traitements-antiparasitaires\/","title":{"rendered":"Traitements antiparasitaires"},"content":{"rendered":"\n<style type=\"text\/css\" data-created_by=\"avia_inline_auto\" id=\"style-css-av-av_one_full-9497bbf8bff73ea4c6992cc17fa9ec36\">\n.flex_column.av-av_one_full-9497bbf8bff73ea4c6992cc17fa9ec36{\nborder-radius:0px 0px 0px 0px;\npadding:0px 0px 0px 0px;\n}\n<\/style>\n<div  class='flex_column av-av_one_full-9497bbf8bff73ea4c6992cc17fa9ec36 av_one_full  avia-builder-el-0  el_before_av_masonry_gallery  avia-builder-el-no-sibling  first flex_column_div av-zero-column-padding  '     ><p>\n<style type=\"text\/css\" data-created_by=\"avia_inline_auto\" id=\"style-css-av-av_heading-49562bf6cc5721da6c6f822237fde863\">\n#top .av-special-heading.av-av_heading-49562bf6cc5721da6c6f822237fde863{\npadding-bottom:0;\n}\nbody .av-special-heading.av-av_heading-49562bf6cc5721da6c6f822237fde863 .av-special-heading-tag .heading-char{\nfont-size:25px;\n}\n.av-special-heading.av-av_heading-49562bf6cc5721da6c6f822237fde863 .av-subheading{\nfont-size:15px;\n}\n<\/style>\n<div  class='av-special-heading av-av_heading-49562bf6cc5721da6c6f822237fde863 av-special-heading-h3  avia-builder-el-1  el_before_av_promobox  avia-builder-el-first '><h3 class='av-special-heading-tag '  itemprop=\"headline\"  >Traitements antiparasitaires<\/h3><div class=\"special-heading-border\"><div class=\"special-heading-inner-border\"><\/div><\/div><\/div><br \/>\n\n<style type=\"text\/css\" data-created_by=\"avia_inline_auto\" id=\"style-css-av-av_promobox-a5f4d7fa4235d08402397cc4fc4b294a\">\n.av_promobox.av-av_promobox-a5f4d7fa4235d08402397cc4fc4b294a{\ncolor:#424242;\nbackground:#f2f2f2;\nborder-color:#ffffff;\n}\n<\/style>\n<div  class='av_promobox av-av_promobox-a5f4d7fa4235d08402397cc4fc4b294a avia-button-no  avia-builder-el-2  el_after_av_heading  avia-builder-el-last '><div class='avia-promocontent'><\/p>\n<p style=\"text-align: justify;\"><img loading=\"lazy\" decoding=\"async\" class=\"alignleft wp-image-1087\" src=\"http:\/\/www.carruajesalba.com\/wp-content\/uploads\/2015\/11\/1-2-295x300.jpg\" alt=\"\" width=\"109\" height=\"111\" srcset=\"https:\/\/www.carruajesalba.com\/wp-content\/uploads\/2015\/11\/1-2-295x300.jpg 295w, https:\/\/www.carruajesalba.com\/wp-content\/uploads\/2015\/11\/1-2-80x80.jpg 80w, https:\/\/www.carruajesalba.com\/wp-content\/uploads\/2015\/11\/1-2-768x782.jpg 768w, https:\/\/www.carruajesalba.com\/wp-content\/uploads\/2015\/11\/1-2-1012x1030.jpg 1012w, https:\/\/www.carruajesalba.com\/wp-content\/uploads\/2015\/11\/1-2-36x36.jpg 36w, https:\/\/www.carruajesalba.com\/wp-content\/uploads\/2015\/11\/1-2-1473x1500.jpg 1473w, https:\/\/www.carruajesalba.com\/wp-content\/uploads\/2015\/11\/1-2-692x705.jpg 692w, https:\/\/www.carruajesalba.com\/wp-content\/uploads\/2015\/11\/1-2-450x458.jpg 450w\" sizes=\"auto, (max-width: 109px) 100vw, 109px\" \/><\/p>\n<p style=\"text-align: justify;\">Apr\u00e8s une analyse approfondie et l&rsquo;identification des insectes causant la d\u00e9t\u00e9rioration des supports organiques et des structures telles que des \u00e9l\u00e9ments de bois ou de textiles, nous utilisons diff\u00e9rents traitements pour les d\u00e9sinfecter. Nous avons effectu\u00e9 une \u00e9valuation des attaques vrillettes, les mites, et termites bas\u00e9s sur l&rsquo;attaque de la mati\u00e8re.<\/p>\n<p style=\"text-align: justify;\">Nous utilisons l&rsquo;impr\u00e9gnation en autoclave et l&rsquo;atmosph\u00e8re et temp\u00e9rature contr\u00f4l\u00e9es et bulle d\u2019air comme solution finale qui garantit l&rsquo;\u00e9limination totale des parasites. Nous pouvons \u00e9galement appliquer des traitements pr\u00e9ventifs.<\/p>\n<p>\n<\/div><\/div><\/p><\/div>\n<div id='av-masonry-1' class='av-masonry av-av_masonry_gallery-9094f1494b654340fa047c32f02525dc noHover av-fixed-size av-large-gap av-hover-overlay- av-masonry-animation-active av-masonry-col-4 av-caption-always av-caption-style- av-masonry-gallery ' data-post_id=\"4055\"><div class=\"av-masonry-container isotope av-js-disabled\"><div class='av-masonry-entry isotope-item av-masonry-item-no-image '><\/div><div id='av-masonry-1-item-2968' data-av-masonry-item='2968' class='av-masonry-entry isotope-item post-2968 attachment type-attachment status-inherit hentry  av-masonry-item-with-image'    itemprop=\"thumbnailUrl\" ><div class='av-inner-masonry-sizer'><\/div><figure class='av-inner-masonry main_color'><div class=\"av-masonry-outerimage-container\"><div class='av-masonry-image-container' style=\"background-image: url(https:\/\/www.carruajesalba.com\/wp-content\/uploads\/2015\/11\/2-2-705x472.jpg);\" ><\/div><\/div><\/figure><\/div><!--end av-masonry entry--><div id='av-masonry-1-item-2972' data-av-masonry-item='2972' class='av-masonry-entry isotope-item post-2972 attachment type-attachment status-inherit hentry  av-masonry-item-with-image'    itemprop=\"thumbnailUrl\" ><div class='av-inner-masonry-sizer'><\/div><figure class='av-inner-masonry main_color'><div class=\"av-masonry-outerimage-container\"><div class='av-masonry-image-container' style=\"background-image: url(https:\/\/www.carruajesalba.com\/wp-content\/uploads\/2015\/11\/4-2-705x472.jpg);\" ><\/div><\/div><\/figure><\/div><!--end av-masonry entry--><div id='av-masonry-1-item-2974' data-av-masonry-item='2974' class='av-masonry-entry isotope-item post-2974 attachment type-attachment status-inherit hentry  av-masonry-item-with-image'    itemprop=\"thumbnailUrl\" ><div class='av-inner-masonry-sizer'><\/div><figure class='av-inner-masonry main_color'><div class=\"av-masonry-outerimage-container\"><div class='av-masonry-image-container' style=\"background-image: url(https:\/\/www.carruajesalba.com\/wp-content\/uploads\/2015\/11\/5-2-705x472.jpg);\" ><\/div><\/div><\/figure><\/div><!--end av-masonry entry--><div id='av-masonry-1-item-4470' data-av-masonry-item='4470' class='av-masonry-entry isotope-item post-4470 attachment type-attachment status-inherit hentry  av-masonry-item-with-image'    itemprop=\"thumbnailUrl\" ><div class='av-inner-masonry-sizer'><\/div><figure class='av-inner-masonry main_color'><div class=\"av-masonry-outerimage-container\"><div class='av-masonry-image-container' style=\"background-image: url(https:\/\/www.carruajesalba.com\/wp-content\/uploads\/2015\/11\/DSCN3023.jpg);\"  title=\"DSCN3023\" ><\/div><\/div><\/figure><\/div><!--end av-masonry entry--><\/div><\/div>\n","protected":false},"excerpt":{"rendered":"","protected":false},"author":2,"featured_media":0,"parent":0,"menu_order":0,"comment_status":"closed","ping_status":"closed","template":"","meta":{"footnotes":""},"class_list":["post-4055","page","type-page","status-publish","hentry"],"_links":{"self":[{"href":"https:\/\/www.carruajesalba.com\/fr\/wp-json\/wp\/v2\/pages\/4055","targetHints":{"allow":["GET"]}}],"collection":[{"href":"https:\/\/www.carruajesalba.com\/fr\/wp-json\/wp\/v2\/pages"}],"about":[{"href":"https:\/\/www.carruajesalba.com\/fr\/wp-json\/wp\/v2\/types\/page"}],"author":[{"embeddable":true,"href":"https:\/\/www.carruajesalba.com\/fr\/wp-json\/wp\/v2\/users\/2"}],"replies":[{"embeddable":true,"href":"https:\/\/www.carruajesalba.com\/fr\/wp-json\/wp\/v2\/comments?post=4055"}],"version-history":[{"count":3,"href":"https:\/\/www.carruajesalba.com\/fr\/wp-json\/wp\/v2\/pages\/4055\/revisions"}],"predecessor-version":[{"id":4475,"href":"https:\/\/www.carruajesalba.com\/fr\/wp-json\/wp\/v2\/pages\/4055\/revisions\/4475"}],"wp:attachment":[{"href":"https:\/\/www.carruajesalba.com\/fr\/wp-json\/wp\/v2\/media?parent=4055"}],"curies":[{"name":"wp","href":"https:\/\/api.w.org\/{rel}","templated":true}]}}