{"id":4052,"date":"2016-04-11T15:34:05","date_gmt":"2016-04-11T15:34:05","guid":{"rendered":"http:\/\/www.carruajesalba.com\/fr\/?page_id=4052"},"modified":"2016-04-11T15:34:05","modified_gmt":"2016-04-11T15:34:05","slug":"maintenance","status":"publish","type":"page","link":"https:\/\/www.carruajesalba.com\/fr\/maintenance\/","title":{"rendered":"Maintenance"},"content":{"rendered":"\n<style type=\"text\/css\" data-created_by=\"avia_inline_auto\" id=\"style-css-av-av_one_full-9497bbf8bff73ea4c6992cc17fa9ec36\">\n.flex_column.av-av_one_full-9497bbf8bff73ea4c6992cc17fa9ec36{\nborder-radius:0px 0px 0px 0px;\npadding:0px 0px 0px 0px;\n}\n<\/style>\n<div  class='flex_column av-av_one_full-9497bbf8bff73ea4c6992cc17fa9ec36 av_one_full  avia-builder-el-0  el_before_av_masonry_gallery  avia-builder-el-no-sibling  first flex_column_div av-zero-column-padding  '     ><p>\n<style type=\"text\/css\" data-created_by=\"avia_inline_auto\" id=\"style-css-av-av_heading-80fecb57d8c167168261db2ebf16adb4\">\n#top .av-special-heading.av-av_heading-80fecb57d8c167168261db2ebf16adb4{\npadding-bottom:0;\n}\nbody .av-special-heading.av-av_heading-80fecb57d8c167168261db2ebf16adb4 .av-special-heading-tag .heading-char{\nfont-size:25px;\n}\n.av-special-heading.av-av_heading-80fecb57d8c167168261db2ebf16adb4 .av-subheading{\nfont-size:15px;\n}\n<\/style>\n<div  class='av-special-heading av-av_heading-80fecb57d8c167168261db2ebf16adb4 av-special-heading-h3  avia-builder-el-1  el_before_av_promobox  avia-builder-el-first '><h3 class='av-special-heading-tag '  itemprop=\"headline\"  >Maintenance<\/h3><div class=\"special-heading-border\"><div class=\"special-heading-inner-border\"><\/div><\/div><\/div><br \/>\n\n<style type=\"text\/css\" data-created_by=\"avia_inline_auto\" id=\"style-css-av-av_promobox-40ecd0388d03b1c3ee578bf09fec6eb3\">\n.av_promobox.av-av_promobox-40ecd0388d03b1c3ee578bf09fec6eb3{\ncolor:#424242;\nbackground:#f2f2f2;\nborder-color:#ffffff;\n}\n<\/style>\n<div  class='av_promobox av-av_promobox-40ecd0388d03b1c3ee578bf09fec6eb3 avia-button-no  avia-builder-el-2  el_after_av_heading  avia-builder-el-last '><div class='avia-promocontent'><\/p>\n<p style=\"text-align: justify;\"><img loading=\"lazy\" decoding=\"async\" class=\"alignleft wp-image-1077\" src=\"http:\/\/www.carruajesalba.com\/wp-content\/uploads\/2015\/11\/3-MANTENIMIENTO-1-300x225.jpg\" alt=\"3 MANTENIMIENTO\" width=\"171\" height=\"128\" srcset=\"https:\/\/www.carruajesalba.com\/wp-content\/uploads\/2015\/11\/3-MANTENIMIENTO-1-300x225.jpg 300w, https:\/\/www.carruajesalba.com\/wp-content\/uploads\/2015\/11\/3-MANTENIMIENTO-1-450x338.jpg 450w, https:\/\/www.carruajesalba.com\/wp-content\/uploads\/2015\/11\/3-MANTENIMIENTO-1.jpg 640w\" sizes=\"auto, (max-width: 171px) 100vw, 171px\" \/><\/p>\n<p style=\"text-align: justify;\">Assurer un bon fonctionnement<\/p>\n<p style=\"text-align: justify;\">De Carruajes Alba nous offrons la possibilit\u00e9 de louer des services annuels complets d&rsquo;entretien. Ceux-ci fournissent au nettoyage du cuir, de tapisserie, des m\u00e9taux et autres ensemble des voitures. Aussi le syst\u00e8me de lubrification est examin\u00e9; syst\u00e8me de freinage, l&rsquo;hydratation des peintures, la r\u00e9int\u00e9gration des d\u00e9chirures, le contr\u00f4le des parasites, etc. En outre, nous contr\u00f4lons l&rsquo;environnement du garage en tenant compte de la temp\u00e9rature et de l&rsquo;humidit\u00e9 relative appropri\u00e9 pour la conservation de l&rsquo;\u0153uvre.<\/p>\n<p>\n<\/div><\/div><\/p><\/div><div id='av-masonry-1' class='av-masonry av-av_masonry_gallery-4ed5ac472a82b643e67ae8a9c989297e noHover av-fixed-size av-large-gap av-hover-overlay- av-masonry-animation-active av-masonry-col-4 av-caption-always av-caption-style- av-masonry-gallery ' data-post_id=\"4052\"><div class=\"av-masonry-container isotope av-js-disabled\"><div class='av-masonry-entry isotope-item av-masonry-item-no-image '><\/div><div id='av-masonry-1-item-2958' data-av-masonry-item='2958' class='av-masonry-entry isotope-item post-2958 attachment type-attachment status-inherit hentry  av-masonry-item-with-image av-grid-img'    itemprop=\"thumbnailUrl\" ><div class='av-inner-masonry-sizer'><\/div><figure class='av-inner-masonry main_color'><div class=\"av-masonry-outerimage-container\"><div class='av-masonry-image-container' style=\"background-image: url(https:\/\/www.carruajesalba.com\/wp-content\/uploads\/2015\/11\/DSC_0202-705x472.jpg);\" ><\/div><\/div><\/figure><\/div><!--end av-masonry entry--><div id='av-masonry-1-item-2960' data-av-masonry-item='2960' class='av-masonry-entry isotope-item post-2960 attachment type-attachment status-inherit hentry  av-masonry-item-with-image av-grid-img'    itemprop=\"thumbnailUrl\" ><div class='av-inner-masonry-sizer'><\/div><figure class='av-inner-masonry main_color'><div class=\"av-masonry-outerimage-container\"><div class='av-masonry-image-container' style=\"background-image: url(https:\/\/www.carruajesalba.com\/wp-content\/uploads\/2015\/11\/IMG_9268-705x513.jpg);\" ><\/div><\/div><\/figure><\/div><!--end av-masonry entry--><div id='av-masonry-1-item-2962' data-av-masonry-item='2962' class='av-masonry-entry isotope-item post-2962 attachment type-attachment status-inherit hentry  av-masonry-item-with-image av-grid-img'    itemprop=\"thumbnailUrl\" ><div class='av-inner-masonry-sizer'><\/div><figure class='av-inner-masonry main_color'><div class=\"av-masonry-outerimage-container\"><div class='av-masonry-image-container' style=\"background-image: url(https:\/\/www.carruajesalba.com\/wp-content\/uploads\/2015\/11\/P1010276-705x529.jpg);\" ><\/div><\/div><\/figure><\/div><!--end av-masonry entry--><div id='av-masonry-1-item-2964' data-av-masonry-item='2964' class='av-masonry-entry isotope-item post-2964 attachment type-attachment status-inherit hentry  av-masonry-item-with-image av-grid-img'    itemprop=\"thumbnailUrl\" ><div class='av-inner-masonry-sizer'><\/div><figure class='av-inner-masonry main_color'><div class=\"av-masonry-outerimage-container\"><div class='av-masonry-image-container' style=\"background-image: url(https:\/\/www.carruajesalba.com\/wp-content\/uploads\/2015\/11\/P1150063.jpg);\" ><\/div><\/div><\/figure><\/div><!--end av-masonry entry--><\/div><\/div><\/p>\n","protected":false},"excerpt":{"rendered":"","protected":false},"author":2,"featured_media":0,"parent":0,"menu_order":0,"comment_status":"closed","ping_status":"closed","template":"","meta":{"footnotes":""},"class_list":["post-4052","page","type-page","status-publish","hentry"],"_links":{"self":[{"href":"https:\/\/www.carruajesalba.com\/fr\/wp-json\/wp\/v2\/pages\/4052","targetHints":{"allow":["GET"]}}],"collection":[{"href":"https:\/\/www.carruajesalba.com\/fr\/wp-json\/wp\/v2\/pages"}],"about":[{"href":"https:\/\/www.carruajesalba.com\/fr\/wp-json\/wp\/v2\/types\/page"}],"author":[{"embeddable":true,"href":"https:\/\/www.carruajesalba.com\/fr\/wp-json\/wp\/v2\/users\/2"}],"replies":[{"embeddable":true,"href":"https:\/\/www.carruajesalba.com\/fr\/wp-json\/wp\/v2\/comments?post=4052"}],"version-history":[{"count":1,"href":"https:\/\/www.carruajesalba.com\/fr\/wp-json\/wp\/v2\/pages\/4052\/revisions"}],"predecessor-version":[{"id":4054,"href":"https:\/\/www.carruajesalba.com\/fr\/wp-json\/wp\/v2\/pages\/4052\/revisions\/4054"}],"wp:attachment":[{"href":"https:\/\/www.carruajesalba.com\/fr\/wp-json\/wp\/v2\/media?parent=4052"}],"curies":[{"name":"wp","href":"https:\/\/api.w.org\/{rel}","templated":true}]}}