{"id":4028,"date":"2016-04-11T15:00:51","date_gmt":"2016-04-11T15:00:51","guid":{"rendered":"http:\/\/www.carruajesalba.com\/fr\/?page_id=4028"},"modified":"2020-03-06T11:34:16","modified_gmt":"2020-03-06T11:34:16","slug":"restauration-de-vehicules","status":"publish","type":"page","link":"https:\/\/www.carruajesalba.com\/fr\/restauration-de-vehicules\/","title":{"rendered":"Restauration de v\u00e9hicules"},"content":{"rendered":"\n<style type=\"text\/css\" data-created_by=\"avia_inline_auto\" id=\"style-css-av-i2pl0c-3037b0ed44d3ff96e3d2ba816456c67b\">\n.flex_column.av-i2pl0c-3037b0ed44d3ff96e3d2ba816456c67b{\nborder-radius:0px 0px 0px 0px;\npadding:0px 0px 0px 0px;\n}\n<\/style>\n<div  class='flex_column av-i2pl0c-3037b0ed44d3ff96e3d2ba816456c67b av_one_full  avia-builder-el-0  el_before_av_layout_row  avia-builder-el-no-sibling  first flex_column_div av-zero-column-padding  '     ><p>\n<style type=\"text\/css\" data-created_by=\"avia_inline_auto\" id=\"style-css-av-ggbtfg-52666c24fbc51016f35b0fa01abaf4cb\">\n#top .av-special-heading.av-ggbtfg-52666c24fbc51016f35b0fa01abaf4cb{\npadding-bottom:0;\n}\nbody .av-special-heading.av-ggbtfg-52666c24fbc51016f35b0fa01abaf4cb .av-special-heading-tag .heading-char{\nfont-size:25px;\n}\n.av-special-heading.av-ggbtfg-52666c24fbc51016f35b0fa01abaf4cb .av-subheading{\nfont-size:15px;\n}\n<\/style>\n<div  class='av-special-heading av-ggbtfg-52666c24fbc51016f35b0fa01abaf4cb av-special-heading-h3  avia-builder-el-1  el_before_av_promobox  avia-builder-el-first '><h3 class='av-special-heading-tag '  itemprop=\"headline\"  >Restauration de v\u00e9hicules<\/h3><div class=\"special-heading-border\"><div class=\"special-heading-inner-border\"><\/div><\/div><\/div><br \/>\n\n<style type=\"text\/css\" data-created_by=\"avia_inline_auto\" id=\"style-css-av-etd9e4-e7e5b0cf7ab660feffae33e3f719ccbb\">\n.av_promobox.av-etd9e4-e7e5b0cf7ab660feffae33e3f719ccbb{\ncolor:#424242;\nbackground:#f2f2f2;\nborder-color:#ffffff;\n}\n<\/style>\n<div  class='av_promobox av-etd9e4-e7e5b0cf7ab660feffae33e3f719ccbb avia-button-no  avia-builder-el-2  el_after_av_heading  avia-builder-el-last '><div class='avia-promocontent'><\/p>\n<p style=\"text-align: justify;\"><img loading=\"lazy\" decoding=\"async\" class=\"alignleft wp-image-1205\" src=\"http:\/\/www.carruajesalba.com\/wp-content\/uploads\/2015\/11\/PAC-DRAG-PORTADA-RESTAURACI\u00d3N-DE-CPORRUAJES-1-300x225.jpg\" alt=\"\" width=\"259\" height=\"194\" srcset=\"https:\/\/www.carruajesalba.com\/wp-content\/uploads\/2015\/11\/PAC-DRAG-PORTADA-RESTAURACI\u00d3N-DE-CPORRUAJES-1-300x225.jpg 300w, https:\/\/www.carruajesalba.com\/wp-content\/uploads\/2015\/11\/PAC-DRAG-PORTADA-RESTAURACI\u00d3N-DE-CPORRUAJES-1-450x338.jpg 450w, https:\/\/www.carruajesalba.com\/wp-content\/uploads\/2015\/11\/PAC-DRAG-PORTADA-RESTAURACI\u00d3N-DE-CPORRUAJES-1.jpg 640w\" sizes=\"auto, (max-width: 259px) 100vw, 259px\" \/><\/p>\n<p style=\"text-align: justify;\">La restauration et la conservation des voitures ont \u00e9t\u00e9 une des principales activit\u00e9s que notre soci\u00e9t\u00e9 d\u00e9veloppe depuis sa cr\u00e9ation, avec plus de 25 ans d&rsquo;exp\u00e9rience. Conservation et sauvegarde des biens culturels sont les principaux objectifs au sein de notre crit\u00e8res rigoureux de restauration, en garantissant toujours la fid\u00e9lit\u00e9 en termes de techniques et de mat\u00e9riaux.<\/p>\n<p style=\"text-align: justify;\">Dans cette ligne, nous avons une longue liste de travaux et restaurations des voitures de typologie diversifi\u00e9e. Travaux des XVI, XVII et XVIII si\u00e8cles ainsi que d&rsquo;autres correspondant aux XIX et XX si\u00e8cles. Carrosses de c\u00e9r\u00e9monie, de gala ou pi\u00e8ces royales. Landaus, chars pour le champ, de service public ou priv\u00e9s, etc. Toutes nos interventions r\u00e9pondent \u00e0 un facteur commun, le respect et la fid\u00e9lit\u00e9 au travail en assurant sa continuit\u00e9 dans le temps pour le l\u00e9guer aux g\u00e9n\u00e9rations futures.<\/p>\n<p>\n<\/div><\/div><\/p><\/div>\n<\/div><\/div><\/div><!-- close content main div --><\/div><\/div><div id='av-layout-grid-1'  class='av-layout-grid-container av-ca9aos-ea2e710dd92f7004a87f8b6e36288030 entry-content-wrapper main_color av-flex-cells  avia-builder-el-3  el_after_av_one_full  el_before_av_masonry_gallery  grid-row-not-first  container_wrap sidebar_right'  >\n\n<style type=\"text\/css\" data-created_by=\"avia_inline_auto\" id=\"style-css-av-ad5asc-c6f17865487d98c51506d750b0e9f9eb\">\n.flex_cell.av-ad5asc-c6f17865487d98c51506d750b0e9f9eb{\nvertical-align:top;\n}\n.responsive #top #wrap_all .flex_cell.av-ad5asc-c6f17865487d98c51506d750b0e9f9eb{\npadding:30px 30px 30px 30px !important;\n}\n<\/style>\n<div class='flex_cell av-ad5asc-c6f17865487d98c51506d750b0e9f9eb av-gridrow-cell av_one_third no_margin  avia-builder-el-4  el_before_av_cell_one_third  avia-builder-el-first  content-align-top'  ><div class='flex_cell_inner'><\/div><\/div>\n<style type=\"text\/css\" data-created_by=\"avia_inline_auto\" id=\"style-css-av-8oz0oc-5617400886d97f2d8af8d08991498d80\">\n.flex_cell.av-8oz0oc-5617400886d97f2d8af8d08991498d80{\nvertical-align:top;\n}\n.responsive #top #wrap_all .flex_cell.av-8oz0oc-5617400886d97f2d8af8d08991498d80{\npadding:30px 30px 30px 30px !important;\n}\n<\/style>\n<div class='flex_cell av-8oz0oc-5617400886d97f2d8af8d08991498d80 av-gridrow-cell av_one_third no_margin  avia-builder-el-5  el_after_av_cell_one_third  el_before_av_cell_one_third  content-align-top'  ><div class='flex_cell_inner'><p>\n<style type=\"text\/css\" data-created_by=\"avia_inline_auto\" id=\"style-css-av-av_heading-2ff5e42c2a3ecc863cd14eea0f92a489\">\n#top .av-special-heading.av-av_heading-2ff5e42c2a3ecc863cd14eea0f92a489{\npadding-bottom:10px;\ncolor:#af1a1a;\n}\nbody .av-special-heading.av-av_heading-2ff5e42c2a3ecc863cd14eea0f92a489 .av-special-heading-tag .heading-char{\nfont-size:25px;\n}\n.av-special-heading.av-av_heading-2ff5e42c2a3ecc863cd14eea0f92a489 .special-heading-inner-border{\nborder-color:#af1a1a;\n}\n.av-special-heading.av-av_heading-2ff5e42c2a3ecc863cd14eea0f92a489 .av-subheading{\nfont-size:15px;\n}\n<\/style>\n<div  class='av-special-heading av-av_heading-2ff5e42c2a3ecc863cd14eea0f92a489 av-special-heading-h3 custom-color-heading  avia-builder-el-6  el_before_av_heading  avia-builder-el-first '><h3 class='av-special-heading-tag '  itemprop=\"headline\"  >Travaux R\u00e9cents<\/h3><div class=\"special-heading-border\"><div class=\"special-heading-inner-border\"><\/div><\/div><\/div><br \/>\n\n<style type=\"text\/css\" data-created_by=\"avia_inline_auto\" id=\"style-css-av-k7g3p06g-c4b7b1bda4069f0d882208ea82b0d13a\">\n#top .av-special-heading.av-k7g3p06g-c4b7b1bda4069f0d882208ea82b0d13a{\npadding-bottom:10px;\n}\nbody .av-special-heading.av-k7g3p06g-c4b7b1bda4069f0d882208ea82b0d13a .av-special-heading-tag .heading-char{\nfont-size:25px;\n}\n.av-special-heading.av-k7g3p06g-c4b7b1bda4069f0d882208ea82b0d13a .av-subheading{\nfont-size:15px;\n}\n<\/style>\n<div  class='av-special-heading av-k7g3p06g-c4b7b1bda4069f0d882208ea82b0d13a av-special-heading-h3  avia-builder-el-7  el_after_av_heading  el_before_av_gallery '><h3 class='av-special-heading-tag '  itemprop=\"headline\"  >Sociable<\/h3><div class=\"special-heading-border\"><div class=\"special-heading-inner-border\"><\/div><\/div><\/div><br \/>\n\n<style type=\"text\/css\" data-created_by=\"avia_inline_auto\" id=\"style-css-av-jvqes14q-203925b8e0fac6227c404ac7f63ba804\">\n#top .avia-gallery.av-jvqes14q-203925b8e0fac6227c404ac7f63ba804 .avia-gallery-thumb a{\nwidth:20%;\n}\n<\/style>\n<div  class='avia-gallery av-jvqes14q-203925b8e0fac6227c404ac7f63ba804 avia_animate_when_visible  avia-builder-el-8  el_after_av_heading  el_before_av_toggle_container  av-hide-gallery-thumbs deactivate_avia_lazyload av-slideshow-ui av-loop-manual-endless av-control-hidden av-navigate-arrows av-navigate-dots hover-effect av-control-hidden avia-gallery-animate avia-gallery-1'  itemprop=\"image\" itemscope=\"itemscope\" itemtype=\"https:\/\/schema.org\/ImageObject\" ><meta itemprop=\"contentURL\" content=\"https:\/\/www.carruajesalba.com\/fr\/restauration-de-vehicules\/\"><a class='avia-gallery-big fakeLightbox lightbox avia-gallery-big-crop-thumb ' href=\"https:\/\/www.carruajesalba.com\/wp-content\/uploads\/2020\/03\/Sociable-Petter-Sons.png\" data-srcset=\"https:\/\/www.carruajesalba.com\/wp-content\/uploads\/2020\/03\/Sociable-Petter-Sons.png 800w, https:\/\/www.carruajesalba.com\/wp-content\/uploads\/2020\/03\/Sociable-Petter-Sons-300x201.png 300w, https:\/\/www.carruajesalba.com\/wp-content\/uploads\/2020\/03\/Sociable-Petter-Sons-768x515.png 768w, https:\/\/www.carruajesalba.com\/wp-content\/uploads\/2020\/03\/Sociable-Petter-Sons-705x472.png 705w\" data-sizes=\"(max-width: 800px) 100vw, 800px\"  data-onclick='1' title='Sociable' ><span class='avia-gallery-big-inner'  itemprop=\"thumbnailUrl\" ><img decoding=\"async\" fetchpriority=\"high\" class=\"wp-image-5696 avia-img-lazy-loading-not-5696\"  width=\"800\" height=\"536\" src=\"https:\/\/www.carruajesalba.com\/wp-content\/uploads\/2020\/03\/Sociable-Petter-Sons.png\" title='Sociable' alt='' srcset=\"https:\/\/www.carruajesalba.com\/wp-content\/uploads\/2020\/03\/Sociable-Petter-Sons.png 800w, https:\/\/www.carruajesalba.com\/wp-content\/uploads\/2020\/03\/Sociable-Petter-Sons-300x201.png 300w, https:\/\/www.carruajesalba.com\/wp-content\/uploads\/2020\/03\/Sociable-Petter-Sons-768x515.png 768w, https:\/\/www.carruajesalba.com\/wp-content\/uploads\/2020\/03\/Sociable-Petter-Sons-705x472.png 705w\" sizes=\"(max-width: 800px) 100vw, 800px\" \/><\/span><\/a><div class='avia-gallery-thumb'><a href=\"https:\/\/www.carruajesalba.com\/wp-content\/uploads\/2020\/03\/Sociable-Petter-Sons.png\" data-srcset=\"https:\/\/www.carruajesalba.com\/wp-content\/uploads\/2020\/03\/Sociable-Petter-Sons.png 800w, https:\/\/www.carruajesalba.com\/wp-content\/uploads\/2020\/03\/Sociable-Petter-Sons-300x201.png 300w, https:\/\/www.carruajesalba.com\/wp-content\/uploads\/2020\/03\/Sociable-Petter-Sons-768x515.png 768w, https:\/\/www.carruajesalba.com\/wp-content\/uploads\/2020\/03\/Sociable-Petter-Sons-705x472.png 705w\" data-sizes=\"(max-width: 800px) 100vw, 800px\" data-rel='gallery-1' data-prev-img='https:\/\/www.carruajesalba.com\/wp-content\/uploads\/2020\/03\/Sociable-Petter-Sons.png' class='first_thumb lightbox ' data-onclick='1' title='Sociable'  itemprop=\"thumbnailUrl\"  ><img decoding=\"async\" fetchpriority=\"high\" class=\"wp-image-5696 avia-img-lazy-loading-not-5696\"   src=\"https:\/\/www.carruajesalba.com\/wp-content\/uploads\/2020\/03\/Sociable-Petter-Sons-495x400.png\" width=\"495\" height=\"400\"  title='Sociable' alt='' \/><div class='big-prev-fake'><img decoding=\"async\" loading=\"lazy\" class=\"wp-image-5696 avia-img-lazy-loading-5696\"  width=\"800\" height=\"536\" src=\"https:\/\/www.carruajesalba.com\/wp-content\/uploads\/2020\/03\/Sociable-Petter-Sons.png\" title='Sociable' alt='' srcset=\"https:\/\/www.carruajesalba.com\/wp-content\/uploads\/2020\/03\/Sociable-Petter-Sons.png 800w, https:\/\/www.carruajesalba.com\/wp-content\/uploads\/2020\/03\/Sociable-Petter-Sons-300x201.png 300w, https:\/\/www.carruajesalba.com\/wp-content\/uploads\/2020\/03\/Sociable-Petter-Sons-768x515.png 768w, https:\/\/www.carruajesalba.com\/wp-content\/uploads\/2020\/03\/Sociable-Petter-Sons-705x472.png 705w\" sizes=\"auto, (max-width: 800px) 100vw, 800px\" \/><\/div><\/a><\/div><\/div><br \/>\n<div  class='togglecontainer av-jvqet4h7-ebbc28ec75cebdb0da8c83fe2ec38b45  avia-builder-el-9  el_after_av_gallery  avia-builder-el-last  toggle_close_all' >\n<section class='av_toggle_section av-av_toggle-c05c99c2a1948a231ed546f42569ea8c'  itemscope=\"itemscope\" itemtype=\"https:\/\/schema.org\/CreativeWork\" ><div role=\"tablist\" class=\"single_toggle\" data-tags=\"{Tout} \"  ><p id='toggle-toggle-id-1' data-fake-id='#toggle-id-1' class='toggler  av-title-above '  itemprop=\"headline\"  role='tab' tabindex='0' aria-controls='toggle-id-1' data-slide-speed=\"200\" data-title=\"D\u00e9tails\" data-title-open=\"\" data-aria_collapsed=\"Cliquez pour \u00e9tendre : D\u00e9tails\" data-aria_expanded=\"Cliquez pour r\u00e9duire : D\u00e9tails\">D\u00e9tails<span class=\"toggle_icon\"><span class=\"vert_icon\"><\/span><span class=\"hor_icon\"><\/span><\/span><\/p><div id='toggle-id-1' aria-labelledby='toggle-toggle-id-1' role='region' class='toggle_wrap  av-title-above'  ><div class='toggle_content invers-color '  itemprop=\"text\" ><p>Sociable<\/p>\n<p>Peter &amp; Sons<\/p>\n<div class=\"page\" title=\"Page 5\">\n<div class=\"layoutArea\">\n<div class=\"column\"><\/div>\n<\/div>\n<\/div>\n<\/div><\/div><\/div><\/section>\n<\/div><\/p>\n<\/div><\/div>\n<style type=\"text\/css\" data-created_by=\"avia_inline_auto\" id=\"style-css-av-4n06ak-480f8b817d0069f4f415bf95a8416c57\">\n.flex_cell.av-4n06ak-480f8b817d0069f4f415bf95a8416c57{\nvertical-align:top;\n}\n.responsive #top #wrap_all .flex_cell.av-4n06ak-480f8b817d0069f4f415bf95a8416c57{\npadding:30px 30px 30px 30px !important;\n}\n<\/style>\n<div class='flex_cell av-4n06ak-480f8b817d0069f4f415bf95a8416c57 av-gridrow-cell av_one_third no_margin  avia-builder-el-10  el_after_av_cell_one_third  avia-builder-el-last  content-align-top'  ><div class='flex_cell_inner'><\/div><\/div><\/div><div id='av-masonry-1' class='av-masonry av-32g7jg-3e59285e7f3d7e1ca5c564978ce9846c noHover av-fixed-size av-large-gap av-hover-overlay- av-masonry-animation-active av-masonry-col-4 av-caption-always av-caption-style- av-masonry-gallery ' data-post_id=\"4028\"><div class=\"av-masonry-container isotope av-js-disabled\"><div class='av-masonry-entry isotope-item av-masonry-item-no-image '><\/div><a href=\"http:\/\/www.carruajesalba.com\/fr\/promenade-et-ceremonie\/\"  aria-label=\"image Promenade et C\u00e9r\u00e9monie\"  id='av-masonry-1-item-2400' data-av-masonry-item='2400' class='av-masonry-entry isotope-item post-2400 attachment type-attachment status-inherit hentry  av-masonry-item-with-image av-grid-img' title=\"Promenade et C\u00e9r\u00e9monie\" alt=\"\"  data-av-masonry-custom-link=\"http:\/\/www.carruajesalba.com\/fr\/promenade-et-ceremonie\/\"  itemprop=\"thumbnailUrl\" ><div class='av-inner-masonry-sizer'><\/div><figure class='av-inner-masonry main_color'><div class=\"av-masonry-outerimage-container\"><div class='av-masonry-image-container' style=\"background-image: url(https:\/\/www.carruajesalba.com\/wp-content\/uploads\/2015\/11\/IMG_1774-529x705.jpg);\"  title=\"Promenade et C\u00e9r\u00e9monie\" ><\/div><\/div><figcaption class='av-inner-masonry-content site-background'><div class='av-inner-masonry-content-pos'><div class='av-inner-masonry-content-pos-content'><div class='avia-arrow'><\/div><h3 class='av-masonry-entry-title entry-title '  itemprop=\"headline\" >Promenade et C\u00e9r\u00e9monie<\/h3><\/div><\/div><\/figcaption><\/figure><\/a><!--end av-masonry entry--><a href=\"http:\/\/www.carruajesalba.com\/en\/owner\/\"  aria-label=\"image Owner\"  id='av-masonry-1-item-2408' data-av-masonry-item='2408' class='av-masonry-entry isotope-item post-2408 attachment type-attachment status-inherit hentry  av-masonry-item-with-image av-grid-img' title=\"Owner\" alt=\"\"  data-av-masonry-custom-link=\"http:\/\/www.carruajesalba.com\/en\/owner\/\"  itemprop=\"thumbnailUrl\" ><div class='av-inner-masonry-sizer'><\/div><figure class='av-inner-masonry main_color'><div class=\"av-masonry-outerimage-container\"><div class='av-masonry-image-container' style=\"background-image: url(https:\/\/www.carruajesalba.com\/wp-content\/uploads\/2015\/11\/P1010220-705x529.jpg);\"  title=\"Owner\" ><\/div><\/div><figcaption class='av-inner-masonry-content site-background'><div class='av-inner-masonry-content-pos'><div class='av-inner-masonry-content-pos-content'><div class='avia-arrow'><\/div><h3 class='av-masonry-entry-title entry-title '  itemprop=\"headline\" >Owner<\/h3><\/div><\/div><\/figcaption><\/figure><\/a><!--end av-masonry entry--><a href=\"http:\/\/www.carruajesalba.com\/fr\/service\/\"  aria-label=\"image Service\"  id='av-masonry-1-item-2398' data-av-masonry-item='2398' class='av-masonry-entry isotope-item post-2398 attachment type-attachment status-inherit hentry  av-masonry-item-with-image av-grid-img' title=\"Service\" alt=\"\"  data-av-masonry-custom-link=\"http:\/\/www.carruajesalba.com\/fr\/service\/\"  itemprop=\"thumbnailUrl\" ><div class='av-inner-masonry-sizer'><\/div><figure class='av-inner-masonry main_color'><div class=\"av-masonry-outerimage-container\"><div class='av-masonry-image-container' style=\"background-image: url(https:\/\/www.carruajesalba.com\/wp-content\/uploads\/2015\/11\/9-1-705x470.jpg);\"  title=\"Service\" ><\/div><\/div><figcaption class='av-inner-masonry-content site-background'><div class='av-inner-masonry-content-pos'><div class='av-inner-masonry-content-pos-content'><div class='avia-arrow'><\/div><h3 class='av-masonry-entry-title entry-title '  itemprop=\"headline\" >Service<\/h3><\/div><\/div><\/figcaption><\/figure><\/a><!--end av-masonry entry--><a href=\"http:\/\/www.carruajesalba.com\/fr\/timonier-and-attelage-a-un\/\"  aria-label=\"image Timonier and Attelage \u00e0 un\"  id='av-masonry-1-item-2396' data-av-masonry-item='2396' class='av-masonry-entry isotope-item post-2396 attachment type-attachment status-inherit hentry  av-masonry-item-with-image av-grid-img' title=\"Timonier and Attelage \u00e0 un\" alt=\"\"  data-av-masonry-custom-link=\"http:\/\/www.carruajesalba.com\/fr\/timonier-and-attelage-a-un\/\"  itemprop=\"thumbnailUrl\" ><div class='av-inner-masonry-sizer'><\/div><figure class='av-inner-masonry main_color'><div class=\"av-masonry-outerimage-container\"><div class='av-masonry-image-container' style=\"background-image: url(https:\/\/www.carruajesalba.com\/wp-content\/uploads\/2015\/11\/7.jpg);\"  title=\"Timonier and Attelage \u00e0 un\" ><\/div><\/div><figcaption class='av-inner-masonry-content site-background'><div class='av-inner-masonry-content-pos'><div class='av-inner-masonry-content-pos-content'><div class='avia-arrow'><\/div><h3 class='av-masonry-entry-title entry-title '  itemprop=\"headline\" >Timonier and Attelage \u00e0 un<\/h3><\/div><\/div><\/figcaption><\/figure><\/a><!--end av-masonry entry--><\/div><\/div><\/p>\n","protected":false},"excerpt":{"rendered":"","protected":false},"author":2,"featured_media":0,"parent":0,"menu_order":0,"comment_status":"closed","ping_status":"closed","template":"","meta":{"footnotes":""},"class_list":["post-4028","page","type-page","status-publish","hentry"],"_links":{"self":[{"href":"https:\/\/www.carruajesalba.com\/fr\/wp-json\/wp\/v2\/pages\/4028","targetHints":{"allow":["GET"]}}],"collection":[{"href":"https:\/\/www.carruajesalba.com\/fr\/wp-json\/wp\/v2\/pages"}],"about":[{"href":"https:\/\/www.carruajesalba.com\/fr\/wp-json\/wp\/v2\/types\/page"}],"author":[{"embeddable":true,"href":"https:\/\/www.carruajesalba.com\/fr\/wp-json\/wp\/v2\/users\/2"}],"replies":[{"embeddable":true,"href":"https:\/\/www.carruajesalba.com\/fr\/wp-json\/wp\/v2\/comments?post=4028"}],"version-history":[{"count":19,"href":"https:\/\/www.carruajesalba.com\/fr\/wp-json\/wp\/v2\/pages\/4028\/revisions"}],"predecessor-version":[{"id":5701,"href":"https:\/\/www.carruajesalba.com\/fr\/wp-json\/wp\/v2\/pages\/4028\/revisions\/5701"}],"wp:attachment":[{"href":"https:\/\/www.carruajesalba.com\/fr\/wp-json\/wp\/v2\/media?parent=4028"}],"curies":[{"name":"wp","href":"https:\/\/api.w.org\/{rel}","templated":true}]}}