{"id":4008,"date":"2016-04-11T14:17:09","date_gmt":"2016-04-11T14:17:09","guid":{"rendered":"http:\/\/www.carruajesalba.com\/fr\/?page_id=4008"},"modified":"2019-05-15T15:38:04","modified_gmt":"2019-05-15T15:38:04","slug":"inicio-2","status":"publish","type":"page","link":"https:\/\/www.carruajesalba.com\/fr\/","title":{"rendered":"Accueil"},"content":{"rendered":"<div id='full_slider_1'  class='avia-fullwidth-slider main_color avia-shadow   avia-builder-el-0  el_before_av_heading  avia-builder-el-first   container_wrap sidebar_right'  >\n<style type=\"text\/css\" data-created_by=\"avia_inline_auto\" id=\"style-css-av-av_slideshow_full-ecff3520cfe0df1e74d68572c5b1bc78\">\n#top #wrap_all .avia-slideshow .av-slideshow-caption.av-av_slideshow_full-ecff3520cfe0df1e74d68572c5b1bc78__0 .avia-caption-title{\nfont-size:30px;\n}\n#top .avia-slideshow .av-slideshow-caption.av-av_slideshow_full-ecff3520cfe0df1e74d68572c5b1bc78__0 .avia-caption-content{\nfont-size:16px;\n}\n#top .avia-slideshow .av-slideshow-caption.av-av_slideshow_full-ecff3520cfe0df1e74d68572c5b1bc78__0 .avia-caption-content p{\nfont-size:16px;\n}\n#top #wrap_all .avia-slideshow .av-slideshow-caption.av-av_slideshow_full-ecff3520cfe0df1e74d68572c5b1bc78__1 .avia-caption-title{\nfont-size:30px;\n}\n#top .avia-slideshow .av-slideshow-caption.av-av_slideshow_full-ecff3520cfe0df1e74d68572c5b1bc78__1 .avia-caption-content{\nfont-size:16px;\n}\n#top .avia-slideshow .av-slideshow-caption.av-av_slideshow_full-ecff3520cfe0df1e74d68572c5b1bc78__1 .avia-caption-content p{\nfont-size:16px;\n}\n#top #wrap_all .avia-slideshow .av-slideshow-caption.av-av_slideshow_full-ecff3520cfe0df1e74d68572c5b1bc78__2 .avia-caption-title{\nfont-size:30px;\n}\n#top .avia-slideshow .av-slideshow-caption.av-av_slideshow_full-ecff3520cfe0df1e74d68572c5b1bc78__2 .avia-caption-content{\nfont-size:16px;\n}\n#top .avia-slideshow .av-slideshow-caption.av-av_slideshow_full-ecff3520cfe0df1e74d68572c5b1bc78__2 .avia-caption-content p{\nfont-size:16px;\n}\n<\/style>\n<div  class='avia-slideshow av-av_slideshow_full-ecff3520cfe0df1e74d68572c5b1bc78 avia-slideshow-featured av_slideshow_full avia-fade-slider av-slideshow-ui av-control-default av-slideshow-autoplay av-loop-endless av-loop-manual-endless av-default-height-applied   avia-slideshow-1' data-slideshow-options=\"{&quot;animation&quot;:&quot;fade&quot;,&quot;autoplay&quot;:true,&quot;loop_autoplay&quot;:&quot;endless&quot;,&quot;interval&quot;:10,&quot;loop_manual&quot;:&quot;manual-endless&quot;,&quot;autoplay_stopper&quot;:false,&quot;noNavigation&quot;:false,&quot;bg_slider&quot;:false,&quot;keep_padding&quot;:false,&quot;hoverpause&quot;:false,&quot;show_slide_delay&quot;:0}\"  itemprop=\"image\" itemscope=\"itemscope\" itemtype=\"https:\/\/schema.org\/ImageObject\" ><ul class='avia-slideshow-inner ' style='padding-bottom: 28.666666666667%;'><li  class='avia-slideshow-slide av-av_slideshow_full-ecff3520cfe0df1e74d68572c5b1bc78__0  slide-1 slide-odd'><div data-rel='slideshow-1' class='avia-slide-wrap '   ><div class='av-slideshow-caption av-av_slideshow_full-ecff3520cfe0df1e74d68572c5b1bc78__0 caption_fullwidth caption_left caption_left_framed caption_framed'><div class=\"container caption_container\"><div class=\"slideshow_caption\"><div class=\"slideshow_inner_caption\"><div class=\"slideshow_align_caption\"><h2 class='avia-caption-title '  itemprop=\"name\" >\u00c0 propos de nous<\/h2><div class='avia-caption-content '  itemprop=\"description\" ><p>Carruajes Alba est sp\u00e9cialis\u00e9e dans la restauration et la conservation des voitures et biens meubles de caract\u00e8re historique artistique et a plus de 25 ans d&rsquo;exp\u00e9rience dans le secteur.<\/p>\n<\/div><\/div><\/div><\/div><\/div><\/div><img decoding=\"async\" fetchpriority=\"high\" class=\"wp-image-2910 avia-img-lazy-loading-not-2910\"  src=\"https:\/\/www.carruajesalba.com\/wp-content\/uploads\/2015\/11\/Slide_1_edit-1-1500x430.jpg\" width=\"1500\" height=\"430\" title='Slide_1_edit' alt=''  itemprop=\"thumbnailUrl\"   \/><\/div><\/li><li  class='avia-slideshow-slide av-av_slideshow_full-ecff3520cfe0df1e74d68572c5b1bc78__1  slide-2 slide-even'><div data-rel='slideshow-1' class='avia-slide-wrap '   ><div class='av-slideshow-caption av-av_slideshow_full-ecff3520cfe0df1e74d68572c5b1bc78__1 caption_fullwidth caption_left caption_left_framed caption_framed'><div class=\"container caption_container\"><div class=\"slideshow_caption\"><div class=\"slideshow_inner_caption\"><div class=\"slideshow_align_caption\"><h2 class='avia-caption-title '  itemprop=\"name\" >Notre philosophie<\/h2><div class='avia-caption-content '  itemprop=\"description\" ><p>La m\u00e9thodologie utilis\u00e9e dans notre travail repose sur deux piliers, une analyse compl\u00e8te pour la compr\u00e9hension de l&rsquo;\u0153uvre, consid\u00e9rant l\u2019aspect mat\u00e9riel, technologique, esth\u00e9tique, historique et culturel et l&rsquo;intervention respectueuse qui assure la m\u00eame conservation et maintenance.<\/p>\n<\/div><\/div><\/div><\/div><\/div><\/div><img decoding=\"async\" fetchpriority=\"high\" class=\"wp-image-2912 avia-img-lazy-loading-not-2912\"  src=\"https:\/\/www.carruajesalba.com\/wp-content\/uploads\/2015\/11\/Slide_2_edit-1-1500x430.jpg\" width=\"1500\" height=\"430\" title='Slide_2_edit' alt=''  itemprop=\"thumbnailUrl\"   \/><\/div><\/li><li  class='avia-slideshow-slide av-av_slideshow_full-ecff3520cfe0df1e74d68572c5b1bc78__2  slide-3 slide-odd'><div data-rel='slideshow-1' class='avia-slide-wrap '   ><div class='av-slideshow-caption av-av_slideshow_full-ecff3520cfe0df1e74d68572c5b1bc78__2 caption_fullwidth caption_center caption_center_framed caption_framed'><div class=\"container caption_container\"><div class=\"slideshow_caption\"><div class=\"slideshow_inner_caption\"><div class=\"slideshow_align_caption\"><h2 class='avia-caption-title '  itemprop=\"name\" >Centre de restauration<\/h2><div class='avia-caption-content '  itemprop=\"description\" ><p>Dans notre centre de restauration, nous offrons une large gamme de services. Parmi eux, vous pouvez trouver tout de l&rsquo;entretien de routine et les petites r\u00e9parations de voitures, le textile, la broderie ou passementerie, des restaurations compl\u00e8tes qui respectent \u00e0 la forme originale de l&rsquo;\u0153uvre en garantissant toujours leur conservation et leur continuit\u00e9 dans le temps.<\/p>\n<\/div><\/div><\/div><\/div><\/div><\/div><img decoding=\"async\" fetchpriority=\"high\" class=\"wp-image-2914 avia-img-lazy-loading-not-2914\"  src=\"https:\/\/www.carruajesalba.com\/wp-content\/uploads\/2015\/11\/Slide_3_edit-1-1500x430.jpg\" width=\"1500\" height=\"430\" title='Slide_3_edit' alt=''  itemprop=\"thumbnailUrl\"   \/><\/div><\/li><\/ul><div class='avia-slideshow-arrows avia-slideshow-controls' ><a href='#prev' class='prev-slide  avia-svg-icon avia-font-svg_entypo-fontello' data-av_svg_icon='left-open-big' data-av_iconset='svg_entypo-fontello' tabindex='-1' title=\"Pr\u00e9c\u00e9dent\"><svg version=\"1.1\" xmlns=\"http:\/\/www.w3.org\/2000\/svg\" width=\"15\" height=\"32\" viewBox=\"0 0 15 32\" preserveAspectRatio=\"xMidYMid meet\" aria-labelledby='av-svg-title-1' aria-describedby='av-svg-desc-1' role=\"graphics-symbol\" aria-hidden=\"true\">\n<title id='av-svg-title-1'>Pr\u00e9c\u00e9dent<\/title>\n<desc id='av-svg-desc-1'>Pr\u00e9c\u00e9dent<\/desc>\n<path d=\"M14.464 27.84q0.832 0.832 0 1.536-0.832 0.832-1.536 0l-12.544-12.608q-0.768-0.768 0-1.6l12.544-12.608q0.704-0.832 1.536 0 0.832 0.704 0 1.536l-11.456 11.904z\"><\/path>\n<\/svg><span class='avia_hidden_link_text'>Pr\u00e9c\u00e9dent<\/span><\/a><a href='#next' class='next-slide  avia-svg-icon avia-font-svg_entypo-fontello' data-av_svg_icon='right-open-big' data-av_iconset='svg_entypo-fontello' tabindex='-1' title=\"Suivant\"><svg version=\"1.1\" xmlns=\"http:\/\/www.w3.org\/2000\/svg\" width=\"15\" height=\"32\" viewBox=\"0 0 15 32\" preserveAspectRatio=\"xMidYMid meet\" aria-labelledby='av-svg-title-2' aria-describedby='av-svg-desc-2' role=\"graphics-symbol\" aria-hidden=\"true\">\n<title id='av-svg-title-2'>Suivant<\/title>\n<desc id='av-svg-desc-2'>Suivant<\/desc>\n<path d=\"M0.416 27.84l11.456-11.84-11.456-11.904q-0.832-0.832 0-1.536 0.832-0.832 1.536 0l12.544 12.608q0.768 0.832 0 1.6l-12.544 12.608q-0.704 0.832-1.536 0-0.832-0.704 0-1.536z\"><\/path>\n<\/svg><span class='avia_hidden_link_text'>Suivant<\/span><\/a><\/div><div class='avia-slideshow-dots avia-slideshow-controls'><a href='#1' class='goto-slide active' >1<\/a><a href='#2' class='goto-slide ' >2<\/a><a href='#3' class='goto-slide ' >3<\/a><\/div><\/div><\/div><div id='after_full_slider_1'  class='main_color av_default_container_wrap container_wrap sidebar_right'  ><div class='container av-section-cont-open' ><div class='template-page content  av-content-small alpha units'><div class='post-entry post-entry-type-page post-entry-4008'><div class='entry-content-wrapper clearfix'>\n\n<style type=\"text\/css\" data-created_by=\"avia_inline_auto\" id=\"style-css-av-av_heading-693e862ff1e3bd64f902302d987971e0\">\n#top .av-special-heading.av-av_heading-693e862ff1e3bd64f902302d987971e0{\npadding-bottom:0;\n}\nbody .av-special-heading.av-av_heading-693e862ff1e3bd64f902302d987971e0 .av-special-heading-tag .heading-char{\nfont-size:25px;\n}\n.av-special-heading.av-av_heading-693e862ff1e3bd64f902302d987971e0 .av-subheading{\nfont-size:15px;\n}\n<\/style>\n<div  class='av-special-heading av-av_heading-693e862ff1e3bd64f902302d987971e0 av-special-heading-h3  avia-builder-el-1  el_after_av_slideshow_full  el_before_av_masonry_gallery  avia-builder-el-no-sibling '><h3 class='av-special-heading-tag '  itemprop=\"headline\"  >Nos Services<\/h3><div class=\"special-heading-border\"><div class=\"special-heading-inner-border\"><\/div><\/div><\/div>\n<div id='av-masonry-1' class='av-masonry av-av_masonry_gallery-f893a15a0f5bd5113f67d043de32e12f noHover av-fixed-size av-large-gap av-hover-overlay- av-masonry-animation-active av-masonry-col-5 av-caption-always av-caption-style- av-masonry-gallery ' data-post_id=\"4008\"><div class=\"av-masonry-container isotope av-js-disabled\"><div class='av-masonry-entry isotope-item av-masonry-item-no-image '><\/div><a href=\"https:\/\/www.carruajesalba.com\/wp-content\/uploads\/2015\/11\/1-RESTAURACI\u00d3N-1030x687.jpg\"  aria-label=\"image Travaux de restauration\"  id='av-masonry-1-item-2434' data-av-masonry-item='2434' class='av-masonry-entry isotope-item post-2434 attachment type-attachment status-inherit hentry  av-masonry-item-with-image av-grid-img' title=\"Travaux de restauration\" alt=\"\"  data-av-masonry-custom-link=\"http:\/\/www.carruajesalba.com\/fr\/restauration-de-vehicules\/\"  itemprop=\"thumbnailUrl\" ><div class='av-inner-masonry-sizer'><\/div><figure class='av-inner-masonry main_color'><div class=\"av-masonry-outerimage-container\"><div class='av-masonry-image-container' style=\"background-image: url(https:\/\/www.carruajesalba.com\/wp-content\/uploads\/2015\/11\/1-RESTAURACI\u00d3N-705x470.jpg);\"  title=\"Travaux de restauration\" ><\/div><\/div><figcaption class='av-inner-masonry-content site-background'><div class='av-inner-masonry-content-pos'><div class='av-inner-masonry-content-pos-content'><div class='avia-arrow'><\/div><h3 class='av-masonry-entry-title entry-title '  itemprop=\"headline\" >Travaux de restauration<\/h3><\/div><\/div><\/figcaption><\/figure><\/a><!--end av-masonry entry--><a href=\"https:\/\/www.carruajesalba.com\/wp-content\/uploads\/2015\/11\/5-BORDADOS-Y-TEXTILES-.JPG-773x1030.jpg\"  aria-label=\"image Restauration textile\"  id='av-masonry-1-item-2442' data-av-masonry-item='2442' class='av-masonry-entry isotope-item post-2442 attachment type-attachment status-inherit hentry  av-masonry-item-with-image av-grid-img' title=\"Restauration textile\" alt=\"\"  data-av-masonry-custom-link=\"http:\/\/www.carruajesalba.com\/fr\/restauration-textile\/\"  itemprop=\"thumbnailUrl\" ><div class='av-inner-masonry-sizer'><\/div><figure class='av-inner-masonry main_color'><div class=\"av-masonry-outerimage-container\"><div class='av-masonry-image-container' style=\"background-image: url(https:\/\/www.carruajesalba.com\/wp-content\/uploads\/2015\/11\/5-BORDADOS-Y-TEXTILES-.JPG-529x705.jpg);\"  title=\"Restauration textile\" ><\/div><\/div><figcaption class='av-inner-masonry-content site-background'><div class='av-inner-masonry-content-pos'><div class='av-inner-masonry-content-pos-content'><div class='avia-arrow'><\/div><h3 class='av-masonry-entry-title entry-title '  itemprop=\"headline\" >Restauration textile<\/h3><\/div><\/div><\/figcaption><\/figure><\/a><!--end av-masonry entry--><a href=\"https:\/\/www.carruajesalba.com\/wp-content\/uploads\/2015\/11\/2-CONSERVACI\u00d3N-1030x687.jpg\"  aria-label=\"image Travaux de conservation\"  id='av-masonry-1-item-2436' data-av-masonry-item='2436' class='av-masonry-entry isotope-item post-2436 attachment type-attachment status-inherit hentry  av-masonry-item-with-image av-grid-img' title=\"Travaux de conservation\" alt=\"\"  data-av-masonry-custom-link=\"http:\/\/www.carruajesalba.com\/fr\/travaux-de-conservation\/\"  itemprop=\"thumbnailUrl\" ><div class='av-inner-masonry-sizer'><\/div><figure class='av-inner-masonry main_color'><div class=\"av-masonry-outerimage-container\"><div class='av-masonry-image-container' style=\"background-image: url(https:\/\/www.carruajesalba.com\/wp-content\/uploads\/2015\/11\/2-CONSERVACI\u00d3N-705x470.jpg);\"  title=\"Travaux de conservation\" ><\/div><\/div><figcaption class='av-inner-masonry-content site-background'><div class='av-inner-masonry-content-pos'><div class='av-inner-masonry-content-pos-content'><div class='avia-arrow'><\/div><h3 class='av-masonry-entry-title entry-title '  itemprop=\"headline\" >Travaux de conservation<\/h3><\/div><\/div><\/figcaption><\/figure><\/a><!--end av-masonry entry--><a href=\"https:\/\/www.carruajesalba.com\/wp-content\/uploads\/2015\/11\/3-MANTENIMIENTO.jpg\" data-srcset=\"https:\/\/www.carruajesalba.com\/wp-content\/uploads\/2015\/11\/3-MANTENIMIENTO.jpg 640w, https:\/\/www.carruajesalba.com\/wp-content\/uploads\/2015\/11\/3-MANTENIMIENTO-300x225.jpg 300w, https:\/\/www.carruajesalba.com\/wp-content\/uploads\/2015\/11\/3-MANTENIMIENTO-450x338.jpg 450w\" data-sizes=\"(max-width: 640px) 100vw, 640px\"  aria-label=\"image Maintenance\"  id='av-masonry-1-item-2438' data-av-masonry-item='2438' class='av-masonry-entry isotope-item post-2438 attachment type-attachment status-inherit hentry  av-masonry-item-with-image av-grid-img' title=\"Maintenance\" alt=\"\"  data-av-masonry-custom-link=\"http:\/\/www.carruajesalba.com\/fr\/maintenance\/\"  itemprop=\"thumbnailUrl\" ><div class='av-inner-masonry-sizer'><\/div><figure class='av-inner-masonry main_color'><div class=\"av-masonry-outerimage-container\"><div class='av-masonry-image-container' style=\"background-image: url(https:\/\/www.carruajesalba.com\/wp-content\/uploads\/2015\/11\/3-MANTENIMIENTO.jpg);\"  title=\"Maintenance\" ><\/div><\/div><figcaption class='av-inner-masonry-content site-background'><div class='av-inner-masonry-content-pos'><div class='av-inner-masonry-content-pos-content'><div class='avia-arrow'><\/div><h3 class='av-masonry-entry-title entry-title '  itemprop=\"headline\" >Maintenance<\/h3><\/div><\/div><\/figcaption><\/figure><\/a><!--end av-masonry entry--><a href=\"https:\/\/www.carruajesalba.com\/wp-content\/uploads\/2016\/06\/Imagen1-1-1030x759.jpg\" data-srcset=\"https:\/\/www.carruajesalba.com\/wp-content\/uploads\/2016\/06\/Imagen1-1-1030x759.jpg 1030w, https:\/\/www.carruajesalba.com\/wp-content\/uploads\/2016\/06\/Imagen1-1-300x221.jpg 300w, https:\/\/www.carruajesalba.com\/wp-content\/uploads\/2016\/06\/Imagen1-1-768x566.jpg 768w, https:\/\/www.carruajesalba.com\/wp-content\/uploads\/2016\/06\/Imagen1-1-705x520.jpg 705w, https:\/\/www.carruajesalba.com\/wp-content\/uploads\/2016\/06\/Imagen1-1-450x332.jpg 450w, https:\/\/www.carruajesalba.com\/wp-content\/uploads\/2016\/06\/Imagen1-1.jpg 1163w\" data-sizes=\"(max-width: 1030px) 100vw, 1030px\"  aria-label=\"image Si\u00e8ge Housse\"  id='av-masonry-1-item-4809' data-av-masonry-item='4809' class='av-masonry-entry isotope-item post-4809 attachment type-attachment status-inherit hentry  av-masonry-item-with-image av-grid-img' title=\"Si\u00e8ge Housse\" alt=\"\"  data-av-masonry-custom-link=\"http:\/\/fr\/restauration-de-siege-housse\"  itemprop=\"thumbnailUrl\" ><div class='av-inner-masonry-sizer'><\/div><figure class='av-inner-masonry main_color'><div class=\"av-masonry-outerimage-container\"><div class='av-masonry-image-container' style=\"background-image: url(https:\/\/www.carruajesalba.com\/wp-content\/uploads\/2016\/06\/Imagen1-1-705x520.jpg);\"  title=\"Si\u00e8ge Housse\" ><\/div><\/div><figcaption class='av-inner-masonry-content site-background'><div class='av-inner-masonry-content-pos'><div class='av-inner-masonry-content-pos-content'><div class='avia-arrow'><\/div><h3 class='av-masonry-entry-title entry-title '  itemprop=\"headline\" >Si\u00e8ge Housse<\/h3><\/div><\/div><\/figcaption><\/figure><\/a><!--end av-masonry entry--><\/div><\/div>\n\n<style type=\"text\/css\" data-created_by=\"avia_inline_auto\" id=\"style-css-av-av_one_full-9497bbf8bff73ea4c6992cc17fa9ec36\">\n.flex_column.av-av_one_full-9497bbf8bff73ea4c6992cc17fa9ec36{\nborder-radius:0px 0px 0px 0px;\npadding:0px 0px 0px 0px;\n}\n<\/style>\n<div  class='flex_column av-av_one_full-9497bbf8bff73ea4c6992cc17fa9ec36 av_one_full  avia-builder-el-3  el_after_av_masonry_gallery  avia-builder-el-no-sibling  first flex_column_div av-zero-column-padding  '     ><style type=\"text\/css\" data-created_by=\"avia_inline_auto\" id=\"style-css-av-av_textblock-b15ce38063d45fd523a4e8046fa8a914\">\n#top .av_textblock_section.av-av_textblock-b15ce38063d45fd523a4e8046fa8a914 .avia_textblock{\nfont-size:12px;\n}\n<\/style>\n<section  class='av_textblock_section av-av_textblock-b15ce38063d45fd523a4e8046fa8a914 '   itemscope=\"itemscope\" itemtype=\"https:\/\/schema.org\/CreativeWork\" ><div class='avia_textblock'  itemprop=\"text\" ><p style=\"text-align: center;\"><span style=\"color: #999999;\">Organisations et certifications internationales<\/span><\/p>\n<\/div><\/section><br \/>\n<div  class='avia-logo-element-container av-jvpe1hkz-e44c6b7ac689567eeb277810f278f746 av-border-deactivate avia-logo-slider avia-content-slider avia-smallarrow-slider avia-content-slider-active noHover avia-content-slider-odd  avia-builder-el-5  el_after_av_textblock  avia-builder-el-last  av-slideshow-ui av-control-hidden av-nav-arrows-visible av-nav-dots-visible av-no-slider-navigation av-hide-nav-arrows av-slideshow-manual av-loop-once av-loop-manual-endless avia-content-slider1' data-slideshow-options=\"{&quot;animation&quot;:&quot;slide&quot;,&quot;autoplay&quot;:false,&quot;loop_autoplay&quot;:&quot;once&quot;,&quot;interval&quot;:5,&quot;loop_manual&quot;:&quot;manual-endless&quot;,&quot;autoplay_stopper&quot;:false,&quot;noNavigation&quot;:true,&quot;bg_slider&quot;:false,&quot;keep_padding&quot;:&quot;&quot;,&quot;hoverpause&quot;:false,&quot;show_slide_delay&quot;:0}\"><div class='avia-smallarrow-slider-heading  no-logo-slider-heading '><\/div><div class=\"avia-content-slider-inner\"><div class=\"slide-entry-wrap\"><div  class='slide-entry av-av_partner_logo-a3f542d6a0a31041305ad1475b3ac515 flex_column no_margin av_one_fifth real-thumbnail post-entry slide-entry-overview slide-loop-1 slide-parity-odd  first'><span class='av-partner-fake-img' style='padding-bottom:40%; background-image:url(https:\/\/www.carruajesalba.com\/wp-content\/uploads\/2015\/11\/miembrocaa.jpg);'><\/span><\/div><div  class='slide-entry av-av_partner_logo-4779a5481cc4ba3045c647f52a2ba333 flex_column no_margin av_one_fifth real-thumbnail post-entry slide-entry-overview slide-loop-2 slide-parity-even  '><span class='av-partner-fake-img' style='padding-bottom:40%; background-image:url(https:\/\/www.carruajesalba.com\/wp-content\/uploads\/2015\/11\/miembroaiat.jpg);'><\/span><\/div><div  class='slide-entry av-av_partner_logo-0f97d3e7178e24414fa243e96bde5bd4 flex_column no_margin av_one_fifth real-thumbnail post-entry slide-entry-overview slide-loop-3 slide-parity-odd  '><span class='av-partner-fake-img' style='padding-bottom:40%; background-image:url(https:\/\/www.carruajesalba.com\/wp-content\/uploads\/2015\/11\/miembrorcea2.jpg);'><\/span><\/div><div  class='slide-entry av-av_partner_logo-38c9e0e6c589daf2683a335414438e7f flex_column no_margin av_one_fifth real-thumbnail post-entry slide-entry-overview slide-loop-4 slide-parity-even  '><span class='av-partner-fake-img' style='padding-bottom:40%; background-image:url(https:\/\/www.carruajesalba.com\/wp-content\/uploads\/2016\/04\/casareal2.jpg);'><\/span><\/div><div  class='slide-entry av-av_partner_logo-d61bf5265d73f1fc9422186955d79d8c flex_column no_margin av_one_fifth real-thumbnail post-entry slide-entry-overview slide-loop-5 slide-parity-odd post-entry-last '><span class='av-partner-fake-img' style='padding-bottom:40%; background-image:url(https:\/\/www.carruajesalba.com\/wp-content\/uploads\/2019\/05\/LOGO-G.I.A.-pulito.jpg);'><\/span><\/div><\/div><\/div><\/div><\/p><\/div>\n","protected":false},"excerpt":{"rendered":"","protected":false},"author":2,"featured_media":0,"parent":0,"menu_order":0,"comment_status":"closed","ping_status":"closed","template":"","meta":{"footnotes":""},"class_list":["post-4008","page","type-page","status-publish","hentry"],"_links":{"self":[{"href":"https:\/\/www.carruajesalba.com\/fr\/wp-json\/wp\/v2\/pages\/4008","targetHints":{"allow":["GET"]}}],"collection":[{"href":"https:\/\/www.carruajesalba.com\/fr\/wp-json\/wp\/v2\/pages"}],"about":[{"href":"https:\/\/www.carruajesalba.com\/fr\/wp-json\/wp\/v2\/types\/page"}],"author":[{"embeddable":true,"href":"https:\/\/www.carruajesalba.com\/fr\/wp-json\/wp\/v2\/users\/2"}],"replies":[{"embeddable":true,"href":"https:\/\/www.carruajesalba.com\/fr\/wp-json\/wp\/v2\/comments?post=4008"}],"version-history":[{"count":13,"href":"https:\/\/www.carruajesalba.com\/fr\/wp-json\/wp\/v2\/pages\/4008\/revisions"}],"predecessor-version":[{"id":5681,"href":"https:\/\/www.carruajesalba.com\/fr\/wp-json\/wp\/v2\/pages\/4008\/revisions\/5681"}],"wp:attachment":[{"href":"https:\/\/www.carruajesalba.com\/fr\/wp-json\/wp\/v2\/media?parent=4008"}],"curies":[{"name":"wp","href":"https:\/\/api.w.org\/{rel}","templated":true}]}}