{"id":782,"date":"2016-03-14T19:06:41","date_gmt":"2016-03-14T19:06:41","guid":{"rendered":"http:\/\/www.carruajesalba.com\/?page_id=782"},"modified":"2016-04-05T18:58:44","modified_gmt":"2016-04-05T18:58:44","slug":"textiles","status":"publish","type":"page","link":"https:\/\/www.carruajesalba.com\/en\/textiles\/","title":{"rendered":"Textiles"},"content":{"rendered":"\n<style type=\"text\/css\" data-created_by=\"avia_inline_auto\" id=\"style-css-av-av_one_full-9497bbf8bff73ea4c6992cc17fa9ec36\">\n.flex_column.av-av_one_full-9497bbf8bff73ea4c6992cc17fa9ec36{\nborder-radius:0px 0px 0px 0px;\npadding:0px 0px 0px 0px;\n}\n<\/style>\n<div  class='flex_column av-av_one_full-9497bbf8bff73ea4c6992cc17fa9ec36 av_one_full  avia-builder-el-0  el_before_av_masonry_gallery  avia-builder-el-no-sibling  first flex_column_div av-zero-column-padding  '     ><p>\n<style type=\"text\/css\" data-created_by=\"avia_inline_auto\" id=\"style-css-av-av_heading-7cf8b3c349c1cbd0d7ba4d47206a206b\">\n#top .av-special-heading.av-av_heading-7cf8b3c349c1cbd0d7ba4d47206a206b{\npadding-bottom:0;\n}\nbody .av-special-heading.av-av_heading-7cf8b3c349c1cbd0d7ba4d47206a206b .av-special-heading-tag .heading-char{\nfont-size:25px;\n}\n.av-special-heading.av-av_heading-7cf8b3c349c1cbd0d7ba4d47206a206b .av-subheading{\nfont-size:15px;\n}\n<\/style>\n<div  class='av-special-heading av-av_heading-7cf8b3c349c1cbd0d7ba4d47206a206b av-special-heading-h3  avia-builder-el-1  el_before_av_promobox  avia-builder-el-first '><h3 class='av-special-heading-tag '  itemprop=\"headline\"  >Textiles<\/h3><div class=\"special-heading-border\"><div class=\"special-heading-inner-border\"><\/div><\/div><\/div><br \/>\n\n<style type=\"text\/css\" data-created_by=\"avia_inline_auto\" id=\"style-css-av-av_promobox-40ecd0388d03b1c3ee578bf09fec6eb3\">\n.av_promobox.av-av_promobox-40ecd0388d03b1c3ee578bf09fec6eb3{\ncolor:#424242;\nbackground:#f2f2f2;\nborder-color:#ffffff;\n}\n<\/style>\n<div  class='av_promobox av-av_promobox-40ecd0388d03b1c3ee578bf09fec6eb3 avia-button-no  avia-builder-el-2  el_after_av_heading  avia-builder-el-last '><div class='avia-promocontent'><\/p>\n<p style=\"text-align: justify;\">En nuestros talleres realizamos trabajos de bordados en oro fino y entrefino a realce, o bordados en aplicaci\u00f3n, bajo dise\u00f1os propios y originales. Igualmente dise\u00f1amos y realizamos trabajos pintados a mano sobre diferentes tipos de tejidos.<\/p>\n<p style=\"text-align: justify;\">Llevamos a cabo reproducciones de tejidos antiguos y estampados as\u00ed como restauraciones de tapicer\u00edas, cortinajes, reposteros, doseles, bordados en oro, bordados en aplicaci\u00f3n, etc.<\/p>\n<p>\n<\/div><\/div><\/p><\/div><div id='av-masonry-1' class='av-masonry av-av_masonry_gallery-f0974631b4693d7eca81f4b9a60fb63b noHover av-fixed-size av-large-gap av-hover-overlay- av-masonry-animation-active av-masonry-col-4 av-caption-always av-caption-style- av-masonry-gallery ' data-post_id=\"782\"><div class=\"av-masonry-container isotope av-js-disabled\"><div class='av-masonry-entry isotope-item av-masonry-item-no-image '><\/div><div id='av-masonry-1-item-3005' data-av-masonry-item='3005' class='av-masonry-entry isotope-item post-3005 attachment type-attachment status-inherit hentry  av-masonry-item-with-image av-grid-img'    itemprop=\"thumbnailUrl\" ><div class='av-inner-masonry-sizer'><\/div><figure class='av-inner-masonry main_color'><div class=\"av-masonry-outerimage-container\"><div class='av-masonry-image-container' style=\"background-image: url(https:\/\/www.carruajesalba.com\/wp-content\/uploads\/2016\/03\/Pasamaner\u00eda-705x529.jpg);\"  title=\"Passementerie\" ><\/div><\/div><figcaption class='av-inner-masonry-content site-background'><div class='av-inner-masonry-content-pos'><div class='av-inner-masonry-content-pos-content'><div class='avia-arrow'><\/div><h3 class='av-masonry-entry-title entry-title '  itemprop=\"headline\" >Passementerie<\/h3><\/div><\/div><\/figcaption><\/figure><\/div><!--end av-masonry entry--><div id='av-masonry-1-item-3007' data-av-masonry-item='3007' class='av-masonry-entry isotope-item post-3007 attachment type-attachment status-inherit hentry  av-masonry-item-with-image av-grid-img'    itemprop=\"thumbnailUrl\" ><div class='av-inner-masonry-sizer'><\/div><figure class='av-inner-masonry main_color'><div class=\"av-masonry-outerimage-container\"><div class='av-masonry-image-container' style=\"background-image: url(https:\/\/www.carruajesalba.com\/wp-content\/uploads\/2016\/03\/Restauraci\u00f3n-dosel-705x472.jpg);\"  title=\"Restoration of canopy\" ><\/div><\/div><figcaption class='av-inner-masonry-content site-background'><div class='av-inner-masonry-content-pos'><div class='av-inner-masonry-content-pos-content'><div class='avia-arrow'><\/div><h3 class='av-masonry-entry-title entry-title '  itemprop=\"headline\" >Restoration of canopy<\/h3><\/div><\/div><\/figcaption><\/figure><\/div><!--end av-masonry entry--><div id='av-masonry-1-item-3009' data-av-masonry-item='3009' class='av-masonry-entry isotope-item post-3009 attachment type-attachment status-inherit hentry  av-masonry-item-with-image av-grid-img'    itemprop=\"thumbnailUrl\" ><div class='av-inner-masonry-sizer'><\/div><figure class='av-inner-masonry main_color'><div class=\"av-masonry-outerimage-container\"><div class='av-masonry-image-container' style=\"background-image: url(https:\/\/www.carruajesalba.com\/wp-content\/uploads\/2016\/03\/Boceto-y-r\u00e9plica-de-tejido-705x683.jpg);\"  title=\"Sketch and replica fabric\" ><\/div><\/div><figcaption class='av-inner-masonry-content site-background'><div class='av-inner-masonry-content-pos'><div class='av-inner-masonry-content-pos-content'><div class='avia-arrow'><\/div><h3 class='av-masonry-entry-title entry-title '  itemprop=\"headline\" >Sketch and replica fabric<\/h3><\/div><\/div><\/figcaption><\/figure><\/div><!--end av-masonry entry--><div id='av-masonry-1-item-3011' data-av-masonry-item='3011' class='av-masonry-entry isotope-item post-3011 attachment type-attachment status-inherit hentry  av-masonry-item-with-image av-grid-img'    itemprop=\"thumbnailUrl\" ><div class='av-inner-masonry-sizer'><\/div><figure class='av-inner-masonry main_color'><div class=\"av-masonry-outerimage-container\"><div class='av-masonry-image-container' style=\"background-image: url(https:\/\/www.carruajesalba.com\/wp-content\/uploads\/2016\/03\/Original-y-r\u00e9plica-de-tejido-529x705.jpg);\"  title=\"Original and replica fabric\" ><\/div><\/div><figcaption class='av-inner-masonry-content site-background'><div class='av-inner-masonry-content-pos'><div class='av-inner-masonry-content-pos-content'><div class='avia-arrow'><\/div><h3 class='av-masonry-entry-title entry-title '  itemprop=\"headline\" >Original and replica fabric<\/h3><\/div><\/div><\/figcaption><\/figure><\/div><!--end av-masonry entry--><\/div><\/div><\/p>\n","protected":false},"excerpt":{"rendered":"","protected":false},"author":2,"featured_media":0,"parent":0,"menu_order":0,"comment_status":"closed","ping_status":"closed","template":"","meta":{"footnotes":""},"class_list":["post-782","page","type-page","status-publish","hentry"],"_links":{"self":[{"href":"https:\/\/www.carruajesalba.com\/en\/wp-json\/wp\/v2\/pages\/782","targetHints":{"allow":["GET"]}}],"collection":[{"href":"https:\/\/www.carruajesalba.com\/en\/wp-json\/wp\/v2\/pages"}],"about":[{"href":"https:\/\/www.carruajesalba.com\/en\/wp-json\/wp\/v2\/types\/page"}],"author":[{"embeddable":true,"href":"https:\/\/www.carruajesalba.com\/en\/wp-json\/wp\/v2\/users\/2"}],"replies":[{"embeddable":true,"href":"https:\/\/www.carruajesalba.com\/en\/wp-json\/wp\/v2\/comments?post=782"}],"version-history":[{"count":14,"href":"https:\/\/www.carruajesalba.com\/en\/wp-json\/wp\/v2\/pages\/782\/revisions"}],"predecessor-version":[{"id":1734,"href":"https:\/\/www.carruajesalba.com\/en\/wp-json\/wp\/v2\/pages\/782\/revisions\/1734"}],"wp:attachment":[{"href":"https:\/\/www.carruajesalba.com\/en\/wp-json\/wp\/v2\/media?parent=782"}],"curies":[{"name":"wp","href":"https:\/\/api.w.org\/{rel}","templated":true}]}}