{"id":669,"date":"2016-03-11T17:00:22","date_gmt":"2016-03-11T17:00:22","guid":{"rendered":"http:\/\/www.carruajesalba.com\/?page_id=669"},"modified":"2016-03-18T11:54:40","modified_gmt":"2016-03-18T11:54:40","slug":"restauracion-textil","status":"publish","type":"page","link":"https:\/\/www.carruajesalba.com\/en\/restauracion-textil\/","title":{"rendered":"Restauraci\u00f3n textil"},"content":{"rendered":"\n<style type=\"text\/css\" data-created_by=\"avia_inline_auto\" id=\"style-css-av-av_one_full-9497bbf8bff73ea4c6992cc17fa9ec36\">\n.flex_column.av-av_one_full-9497bbf8bff73ea4c6992cc17fa9ec36{\nborder-radius:0px 0px 0px 0px;\npadding:0px 0px 0px 0px;\n}\n<\/style>\n<div  class='flex_column av-av_one_full-9497bbf8bff73ea4c6992cc17fa9ec36 av_one_full  avia-builder-el-0  el_before_av_masonry_gallery  avia-builder-el-no-sibling  first flex_column_div av-zero-column-padding  '     ><p>\n<style type=\"text\/css\" data-created_by=\"avia_inline_auto\" id=\"style-css-av-av_heading-a89c1bd28a278f00e7cce5f44cfe59a1\">\n#top .av-special-heading.av-av_heading-a89c1bd28a278f00e7cce5f44cfe59a1{\npadding-bottom:0;\n}\nbody .av-special-heading.av-av_heading-a89c1bd28a278f00e7cce5f44cfe59a1 .av-special-heading-tag .heading-char{\nfont-size:25px;\n}\n.av-special-heading.av-av_heading-a89c1bd28a278f00e7cce5f44cfe59a1 .av-subheading{\nfont-size:15px;\n}\n<\/style>\n<div  class='av-special-heading av-av_heading-a89c1bd28a278f00e7cce5f44cfe59a1 av-special-heading-h3  avia-builder-el-1  el_before_av_promobox  avia-builder-el-first '><h3 class='av-special-heading-tag '  itemprop=\"headline\"  >Restauraci\u00f3n Textil<\/h3><div class=\"special-heading-border\"><div class=\"special-heading-inner-border\"><\/div><\/div><\/div><br \/>\n\n<style type=\"text\/css\" data-created_by=\"avia_inline_auto\" id=\"style-css-av-av_promobox-40ecd0388d03b1c3ee578bf09fec6eb3\">\n.av_promobox.av-av_promobox-40ecd0388d03b1c3ee578bf09fec6eb3{\ncolor:#424242;\nbackground:#f2f2f2;\nborder-color:#ffffff;\n}\n<\/style>\n<div  class='av_promobox av-av_promobox-40ecd0388d03b1c3ee578bf09fec6eb3 avia-button-no  avia-builder-el-2  el_after_av_heading  avia-builder-el-last '><div class='avia-promocontent'><\/p>\n<p style=\"text-align: justify;\"><img loading=\"lazy\" decoding=\"async\" class=\"alignleft wp-image-1057 \" src=\"http:\/\/www.carruajesalba.com\/wp-content\/uploads\/2016\/03\/1-1-e1458301821351-300x219.jpg\" alt=\"\" width=\"137\" height=\"100\" srcset=\"https:\/\/www.carruajesalba.com\/wp-content\/uploads\/2016\/03\/1-1-e1458301821351-300x219.jpg 300w, https:\/\/www.carruajesalba.com\/wp-content\/uploads\/2016\/03\/1-1-e1458301821351.jpg 450w\" sizes=\"auto, (max-width: 137px) 100vw, 137px\" \/>La restauraci\u00f3n, conservaci\u00f3n y salvaguarda del patrimonio textil es una de nuestras especialidades potencialmente m\u00e1s compleja en el \u00e1mbito de la restauraci\u00f3n y que venimos desarrollando desde nuestros inicios. La fidelidad a la pieza es nuestro principal objetivo dentro de nuestros rigurosos criterios de restauraci\u00f3n, teniendo en cuenta siempre las t\u00e9cnicas y materiales utilizados. En este sentido contamos con trabajos de restauraci\u00f3n de importantes piezas bordadas en oro, otras bordadas en aplicaci\u00f3n, tapicer\u00edas, etc. Igualmente realizamos trabajos de nueva creaci\u00f3n con dise\u00f1os propios y originales.<\/p>\n<p>\n<\/div><\/div><\/p><\/div><div id='av-masonry-1' class='av-masonry av-av_masonry_gallery-75f79562e327b4ee4cca7a59928dd818 noHover av-fixed-size av-large-gap av-hover-overlay- av-masonry-animation-active av-masonry-col-4 av-caption-always av-caption-style- av-masonry-gallery ' data-post_id=\"669\"><div class=\"av-masonry-container isotope av-js-disabled\"><div class='av-masonry-entry isotope-item av-masonry-item-no-image '><\/div><div id='av-masonry-1-item-2939' data-av-masonry-item='2939' class='av-masonry-entry isotope-item post-2939 attachment type-attachment status-inherit hentry  av-masonry-item-with-image av-grid-img'    itemprop=\"thumbnailUrl\" ><div class='av-inner-masonry-sizer'><\/div><figure class='av-inner-masonry main_color'><div class=\"av-masonry-outerimage-container\"><div class='av-masonry-image-container' style=\"background-image: url(https:\/\/www.carruajesalba.com\/wp-content\/uploads\/2016\/03\/2-1-529x705.jpg);\" ><\/div><\/div><\/figure><\/div><!--end av-masonry entry--><div id='av-masonry-1-item-2941' data-av-masonry-item='2941' class='av-masonry-entry isotope-item post-2941 attachment type-attachment status-inherit hentry  av-masonry-item-with-image av-grid-img'    itemprop=\"thumbnailUrl\" ><div class='av-inner-masonry-sizer'><\/div><figure class='av-inner-masonry main_color'><div class=\"av-masonry-outerimage-container\"><div class='av-masonry-image-container' style=\"background-image: url(https:\/\/www.carruajesalba.com\/wp-content\/uploads\/2016\/03\/3-1-529x705.jpg);\" ><\/div><\/div><\/figure><\/div><!--end av-masonry entry--><div id='av-masonry-1-item-2943' data-av-masonry-item='2943' class='av-masonry-entry isotope-item post-2943 attachment type-attachment status-inherit hentry  av-masonry-item-with-image av-grid-img'    itemprop=\"thumbnailUrl\" ><div class='av-inner-masonry-sizer'><\/div><figure class='av-inner-masonry main_color'><div class=\"av-masonry-outerimage-container\"><div class='av-masonry-image-container' style=\"background-image: url(https:\/\/www.carruajesalba.com\/wp-content\/uploads\/2016\/03\/4-1-529x705.jpg);\" ><\/div><\/div><\/figure><\/div><!--end av-masonry entry--><div id='av-masonry-1-item-2945' data-av-masonry-item='2945' class='av-masonry-entry isotope-item post-2945 attachment type-attachment status-inherit hentry  av-masonry-item-with-image av-grid-img'    itemprop=\"thumbnailUrl\" ><div class='av-inner-masonry-sizer'><\/div><figure class='av-inner-masonry main_color'><div class=\"av-masonry-outerimage-container\"><div class='av-masonry-image-container' style=\"background-image: url(https:\/\/www.carruajesalba.com\/wp-content\/uploads\/2016\/03\/5-2-705x529.jpg);\" ><\/div><\/div><\/figure><\/div><!--end av-masonry entry--><\/div><\/div><\/p>\n","protected":false},"excerpt":{"rendered":"","protected":false},"author":2,"featured_media":0,"parent":0,"menu_order":0,"comment_status":"closed","ping_status":"closed","template":"","meta":{"footnotes":""},"class_list":["post-669","page","type-page","status-publish","hentry"],"_links":{"self":[{"href":"https:\/\/www.carruajesalba.com\/en\/wp-json\/wp\/v2\/pages\/669","targetHints":{"allow":["GET"]}}],"collection":[{"href":"https:\/\/www.carruajesalba.com\/en\/wp-json\/wp\/v2\/pages"}],"about":[{"href":"https:\/\/www.carruajesalba.com\/en\/wp-json\/wp\/v2\/types\/page"}],"author":[{"embeddable":true,"href":"https:\/\/www.carruajesalba.com\/en\/wp-json\/wp\/v2\/users\/2"}],"replies":[{"embeddable":true,"href":"https:\/\/www.carruajesalba.com\/en\/wp-json\/wp\/v2\/comments?post=669"}],"version-history":[{"count":7,"href":"https:\/\/www.carruajesalba.com\/en\/wp-json\/wp\/v2\/pages\/669\/revisions"}],"predecessor-version":[{"id":1064,"href":"https:\/\/www.carruajesalba.com\/en\/wp-json\/wp\/v2\/pages\/669\/revisions\/1064"}],"wp:attachment":[{"href":"https:\/\/www.carruajesalba.com\/en\/wp-json\/wp\/v2\/media?parent=669"}],"curies":[{"name":"wp","href":"https:\/\/api.w.org\/{rel}","templated":true}]}}