{"id":4772,"date":"2016-06-23T19:47:17","date_gmt":"2016-06-23T19:47:17","guid":{"rendered":"http:\/\/www.carruajesalba.com\/fr\/?page_id=4772"},"modified":"2016-06-29T14:36:15","modified_gmt":"2016-06-29T14:36:15","slug":"restauration-de-siege-housse","status":"publish","type":"page","link":"https:\/\/www.carruajesalba.com\/en\/restauration-de-siege-housse\/","title":{"rendered":"Restauration de si\u00e8ge housse"},"content":{"rendered":"\n<style type=\"text\/css\" data-created_by=\"avia_inline_auto\" id=\"style-css-av-av_one_full-9497bbf8bff73ea4c6992cc17fa9ec36\">\n.flex_column.av-av_one_full-9497bbf8bff73ea4c6992cc17fa9ec36{\nborder-radius:0px 0px 0px 0px;\npadding:0px 0px 0px 0px;\n}\n<\/style>\n<div  class='flex_column av-av_one_full-9497bbf8bff73ea4c6992cc17fa9ec36 av_one_full  avia-builder-el-0  el_before_av_masonry_gallery  avia-builder-el-no-sibling  first flex_column_div av-zero-column-padding  '     ><p>\n<style type=\"text\/css\" data-created_by=\"avia_inline_auto\" id=\"style-css-av-av_heading-9576ff56a58ef60931ec86461d1fe138\">\n#top .av-special-heading.av-av_heading-9576ff56a58ef60931ec86461d1fe138{\npadding-bottom:0;\n}\nbody .av-special-heading.av-av_heading-9576ff56a58ef60931ec86461d1fe138 .av-special-heading-tag .heading-char{\nfont-size:25px;\n}\n.av-special-heading.av-av_heading-9576ff56a58ef60931ec86461d1fe138 .av-subheading{\nfont-size:15px;\n}\n<\/style>\n<div  class='av-special-heading av-av_heading-9576ff56a58ef60931ec86461d1fe138 av-special-heading-h3  avia-builder-el-1  el_before_av_promobox  avia-builder-el-first '><h3 class='av-special-heading-tag '  itemprop=\"headline\"  >Restauration de Si\u00e8ge Housse <\/h3><div class=\"special-heading-border\"><div class=\"special-heading-inner-border\"><\/div><\/div><\/div><br \/>\n\n<style type=\"text\/css\" data-created_by=\"avia_inline_auto\" id=\"style-css-av-av_promobox-4034d34130b6c4f7e05354c98284a025\">\n.av_promobox.av-av_promobox-4034d34130b6c4f7e05354c98284a025{\ncolor:#424242;\nbackground:#f2f2f2;\nborder-color:#ffffff;\n}\n<\/style>\n<div  class='av_promobox av-av_promobox-4034d34130b6c4f7e05354c98284a025 avia-button-no  avia-builder-el-2  el_after_av_heading  avia-builder-el-last '><div class='avia-promocontent'><p>\n<img loading=\"lazy\" decoding=\"async\" class=\"size-medium wp-image-4789 alignleft\" src=\"http:\/\/www.carruajesalba.com\/wp-content\/uploads\/2016\/06\/NOTICIA-124062016_0001-copia-300x177.jpg\" alt=\"\" width=\"300\" height=\"177\" srcset=\"https:\/\/www.carruajesalba.com\/wp-content\/uploads\/2016\/06\/NOTICIA-124062016_0001-copia-300x177.jpg 300w, https:\/\/www.carruajesalba.com\/wp-content\/uploads\/2016\/06\/NOTICIA-124062016_0001-copia-768x453.jpg 768w, https:\/\/www.carruajesalba.com\/wp-content\/uploads\/2016\/06\/NOTICIA-124062016_0001-copia-705x416.jpg 705w, https:\/\/www.carruajesalba.com\/wp-content\/uploads\/2016\/06\/NOTICIA-124062016_0001-copia-450x265.jpg 450w, https:\/\/www.carruajesalba.com\/wp-content\/uploads\/2016\/06\/NOTICIA-124062016_0001-copia.jpg 821w\" sizes=\"auto, (max-width: 300px) 100vw, 300px\" \/><\/p>\n<p style=\"text-align: justify;\">La restauration, conservation et pr\u00e9servation du patrimoine textile, et dans ce domaine, les <em>si\u00e8ges<\/em> du cocher, est l\u2019une de nos sp\u00e9cialit\u00e9s les plus complexes dans le domaine de la restauration et nous l\u2019avons mis au point depuis notre cr\u00e9ation. La fid\u00e9lit\u00e9 \u00e0 la pi\u00e8ce est notre principal objectif dans nos crit\u00e8res rigoureux de la restauration, tout en tenant compte des techniques et des mat\u00e9riaux utilis\u00e9s tel que la laine, le velours, la soie 100 % naturelle, le coton, etc. En ce sens, nous avons d\u2019importants travaux de restauration en <em>si\u00e8ges<\/em> du cocher, structure, tapisserie, passementerie, houppes, etc. Nous r\u00e9alisons \u00e9galement des travaux nouveaux avec des originaux.<\/p>\n<p>\n<\/div><\/div><\/p><\/div>\n<div id='av-masonry-1' class='av-masonry av-av_masonry_gallery-55fb90b0b5501350991ff934e30b4f55 noHover av-fixed-size av-large-gap av-hover-overlay- av-masonry-animation-active av-masonry-col-4 av-caption-always av-caption-style- av-masonry-gallery ' data-post_id=\"4772\"><div class=\"av-masonry-container isotope av-js-disabled\"><div class='av-masonry-entry isotope-item av-masonry-item-no-image '><\/div><a href=\"http:\/\/www.carruajesalba.com\/en\/tassels-and-fringe\"  aria-label=\"image Fringe and Tassels\"  id='av-masonry-1-item-4594' data-av-masonry-item='4594' class='av-masonry-entry isotope-item post-4594 attachment type-attachment status-inherit hentry  av-masonry-item-with-image av-grid-img' title=\"Fringe and Tassels\" alt=\"\"  data-av-masonry-custom-link=\"http:\/\/www.carruajesalba.com\/en\/tassels-and-fringe\"  itemprop=\"thumbnailUrl\" ><div class='av-inner-masonry-sizer'><\/div><figure class='av-inner-masonry main_color'><div class=\"av-masonry-outerimage-container\"><div class='av-masonry-image-container' style=\"background-image: url(https:\/\/www.carruajesalba.com\/wp-content\/uploads\/2016\/06\/borlas-y-flecos-tumba-1-705x705.jpg);\"  title=\"Fringe and Tassels\" ><\/div><\/div><figcaption class='av-inner-masonry-content site-background'><div class='av-inner-masonry-content-pos'><div class='av-inner-masonry-content-pos-content'><div class='avia-arrow'><\/div><h3 class='av-masonry-entry-title entry-title '  itemprop=\"headline\" >Fringe and Tassels<\/h3><\/div><\/div><\/figcaption><\/figure><\/a><!--end av-masonry entry--><a href=\"http:\/\/www.carruajesalba.com\/en\/tassels\"  aria-label=\"image Tassels\"  id='av-masonry-1-item-4573' data-av-masonry-item='4573' class='av-masonry-entry isotope-item post-4573 attachment type-attachment status-inherit hentry  av-masonry-item-with-image av-grid-img' title=\"Tassels\" alt=\"\"  data-av-masonry-custom-link=\"http:\/\/www.carruajesalba.com\/en\/tassels\"  itemprop=\"thumbnailUrl\" ><div class='av-inner-masonry-sizer'><\/div><figure class='av-inner-masonry main_color'><div class=\"av-masonry-outerimage-container\"><div class='av-masonry-image-container' style=\"background-image: url(https:\/\/www.carruajesalba.com\/wp-content\/uploads\/2016\/06\/P1010083-705x682.jpg);\"  title=\"Tassels\" ><\/div><\/div><figcaption class='av-inner-masonry-content site-background'><div class='av-inner-masonry-content-pos'><div class='av-inner-masonry-content-pos-content'><div class='avia-arrow'><\/div><h3 class='av-masonry-entry-title entry-title '  itemprop=\"headline\" >Tassels<\/h3><\/div><\/div><\/figcaption><\/figure><\/a><!--end av-masonry entry--><a href=\"http:\/\/www.carruajesalba.com\/en\/passementerie\"  aria-label=\"image Passementerie\"  id='av-masonry-1-item-4561' data-av-masonry-item='4561' class='av-masonry-entry isotope-item post-4561 attachment type-attachment status-inherit hentry  av-masonry-item-with-image av-grid-img' title=\"Passementerie\" alt=\"\"  data-av-masonry-custom-link=\"http:\/\/www.carruajesalba.com\/en\/passementerie\"  itemprop=\"thumbnailUrl\" ><div class='av-inner-masonry-sizer'><\/div><figure class='av-inner-masonry main_color'><div class=\"av-masonry-outerimage-container\"><div class='av-masonry-image-container' style=\"background-image: url(https:\/\/www.carruajesalba.com\/wp-content\/uploads\/2016\/06\/IMG_7252-705x529.jpg);\"  title=\"Passementerie\" ><\/div><\/div><figcaption class='av-inner-masonry-content site-background'><div class='av-inner-masonry-content-pos'><div class='av-inner-masonry-content-pos-content'><div class='avia-arrow'><\/div><h3 class='av-masonry-entry-title entry-title '  itemprop=\"headline\" >Passementerie<\/h3><\/div><\/div><\/figcaption><\/figure><\/a><!--end av-masonry entry--><a href=\"en\/example-of-hammercloth\"  aria-label=\"image Example of Hammercloth\"  id='av-masonry-1-item-4856' data-av-masonry-item='4856' class='av-masonry-entry isotope-item post-4856 attachment type-attachment status-inherit hentry  av-masonry-item-with-image av-grid-img' title=\"Example of Hammercloth\" alt=\"\"  data-av-masonry-custom-link=\"http:\/\/en\/example-of-hammercloth\"  itemprop=\"thumbnailUrl\" ><div class='av-inner-masonry-sizer'><\/div><figure class='av-inner-masonry main_color'><div class=\"av-masonry-outerimage-container\"><div class='av-masonry-image-container' style=\"background-image: url(https:\/\/www.carruajesalba.com\/wp-content\/uploads\/2016\/06\/tumba-portada-705x505.jpg);\"  title=\"Example of Hammercloth\" ><\/div><\/div><figcaption class='av-inner-masonry-content site-background'><div class='av-inner-masonry-content-pos'><div class='av-inner-masonry-content-pos-content'><div class='avia-arrow'><\/div><h3 class='av-masonry-entry-title entry-title '  itemprop=\"headline\" >Example of Hammercloth<\/h3><\/div><\/div><\/figcaption><\/figure><\/a><!--end av-masonry entry--><\/div><\/div>\n","protected":false},"excerpt":{"rendered":"","protected":false},"author":3,"featured_media":0,"parent":0,"menu_order":0,"comment_status":"closed","ping_status":"closed","template":"","meta":{"footnotes":""},"class_list":["post-4772","page","type-page","status-publish","hentry"],"_links":{"self":[{"href":"https:\/\/www.carruajesalba.com\/en\/wp-json\/wp\/v2\/pages\/4772","targetHints":{"allow":["GET"]}}],"collection":[{"href":"https:\/\/www.carruajesalba.com\/en\/wp-json\/wp\/v2\/pages"}],"about":[{"href":"https:\/\/www.carruajesalba.com\/en\/wp-json\/wp\/v2\/types\/page"}],"author":[{"embeddable":true,"href":"https:\/\/www.carruajesalba.com\/en\/wp-json\/wp\/v2\/users\/3"}],"replies":[{"embeddable":true,"href":"https:\/\/www.carruajesalba.com\/en\/wp-json\/wp\/v2\/comments?post=4772"}],"version-history":[{"count":8,"href":"https:\/\/www.carruajesalba.com\/en\/wp-json\/wp\/v2\/pages\/4772\/revisions"}],"predecessor-version":[{"id":4861,"href":"https:\/\/www.carruajesalba.com\/en\/wp-json\/wp\/v2\/pages\/4772\/revisions\/4861"}],"wp:attachment":[{"href":"https:\/\/www.carruajesalba.com\/en\/wp-json\/wp\/v2\/media?parent=4772"}],"curies":[{"name":"wp","href":"https:\/\/api.w.org\/{rel}","templated":true}]}}