{"id":4476,"date":"2016-06-21T12:56:02","date_gmt":"2016-06-21T12:56:02","guid":{"rendered":"http:\/\/www.carruajesalba.com\/?page_id=4476"},"modified":"2016-06-29T14:34:50","modified_gmt":"2016-06-29T14:34:50","slug":"restauracion-pescante-de-tumba","status":"publish","type":"page","link":"https:\/\/www.carruajesalba.com\/en\/restauracion-pescante-de-tumba\/","title":{"rendered":"Restauraci\u00f3n Pescante de Tumba"},"content":{"rendered":"\n<style type=\"text\/css\" data-created_by=\"avia_inline_auto\" id=\"style-css-av-av_one_full-9497bbf8bff73ea4c6992cc17fa9ec36\">\n.flex_column.av-av_one_full-9497bbf8bff73ea4c6992cc17fa9ec36{\nborder-radius:0px 0px 0px 0px;\npadding:0px 0px 0px 0px;\n}\n<\/style>\n<div  class='flex_column av-av_one_full-9497bbf8bff73ea4c6992cc17fa9ec36 av_one_full  avia-builder-el-0  el_before_av_masonry_gallery  avia-builder-el-no-sibling  first flex_column_div av-zero-column-padding  '     ><p>\n<style type=\"text\/css\" data-created_by=\"avia_inline_auto\" id=\"style-css-av-av_heading-28e12c4aa0a80d536d0d69e56e7c4a4c\">\n#top .av-special-heading.av-av_heading-28e12c4aa0a80d536d0d69e56e7c4a4c{\npadding-bottom:0;\n}\nbody .av-special-heading.av-av_heading-28e12c4aa0a80d536d0d69e56e7c4a4c .av-special-heading-tag .heading-char{\nfont-size:25px;\n}\n.av-special-heading.av-av_heading-28e12c4aa0a80d536d0d69e56e7c4a4c .av-subheading{\nfont-size:15px;\n}\n<\/style>\n<div  class='av-special-heading av-av_heading-28e12c4aa0a80d536d0d69e56e7c4a4c av-special-heading-h3  avia-builder-el-1  el_before_av_promobox  avia-builder-el-first '><h3 class='av-special-heading-tag '  itemprop=\"headline\"  >Restauraci\u00f3n y Confecci\u00f3n de Pescante de Tumba<\/h3><div class=\"special-heading-border\"><div class=\"special-heading-inner-border\"><\/div><\/div><\/div><br \/>\n\n<style type=\"text\/css\" data-created_by=\"avia_inline_auto\" id=\"style-css-av-av_promobox-29df52e7c888481df57b574b9b307cef\">\n.av_promobox.av-av_promobox-29df52e7c888481df57b574b9b307cef{\ncolor:#424242;\nbackground:#f2f2f2;\nborder-color:#ffffff;\n}\n<\/style>\n<div  class='av_promobox av-av_promobox-29df52e7c888481df57b574b9b307cef avia-button-no  avia-builder-el-2  el_after_av_heading  avia-builder-el-last '><div class='avia-promocontent'><\/p>\n<p style=\"text-align: left;\">\u00a0<img loading=\"lazy\" decoding=\"async\" class=\"size-medium wp-image-4787 alignleft\" src=\"http:\/\/www.carruajesalba.com\/wp-content\/uploads\/2016\/06\/NOTICIA-124062016_0001-copia-300x177.jpg\" alt=\"\" width=\"300\" height=\"177\" srcset=\"https:\/\/www.carruajesalba.com\/wp-content\/uploads\/2016\/06\/NOTICIA-124062016_0001-copia-300x177.jpg 300w, https:\/\/www.carruajesalba.com\/wp-content\/uploads\/2016\/06\/NOTICIA-124062016_0001-copia-768x453.jpg 768w, https:\/\/www.carruajesalba.com\/wp-content\/uploads\/2016\/06\/NOTICIA-124062016_0001-copia-705x416.jpg 705w, https:\/\/www.carruajesalba.com\/wp-content\/uploads\/2016\/06\/NOTICIA-124062016_0001-copia-450x265.jpg 450w, https:\/\/www.carruajesalba.com\/wp-content\/uploads\/2016\/06\/NOTICIA-124062016_0001-copia.jpg 821w\" sizes=\"auto, (max-width: 300px) 100vw, 300px\" \/><\/p>\n<p style=\"text-align: justify;\">La restauraci\u00f3n, conservaci\u00f3n y salvaguarda del patrimonio textil, y dentro de este campo los pescantes de tumbas, es una de nuestras especialidades potencialmente m\u00e1s compleja en el \u00e1mbito de la restauraci\u00f3n que venimos desarrollando desde nuestros inicios. La fidelidad a la pieza es nuestro principal objetivo dentro de nuestros rigurosos criterios de restauraci\u00f3n, teniendo en cuenta siempre las t\u00e9cnicas y materiales utilizados como la lana, terciopelo, seda 100% natural, algod\u00f3n, etc. En este sentido contamos con trabajos de restauraci\u00f3n de importantes piezas, pescantes de tumbas, estructura, tapizado, pasamaner\u00eda, borlas, etc. Igualmente realizamos trabajos de nueva creaci\u00f3n con originales.<\/p>\n<p>\n<\/div><\/div><\/p><\/div>\n<div id='av-masonry-1' class='av-masonry av-av_masonry_gallery-924d9eba8781ff062d60e5b37fd6ec71 noHover av-fixed-size av-large-gap av-hover-overlay- av-masonry-animation-active av-masonry-col-4 av-caption-always av-caption-style- av-masonry-gallery ' data-post_id=\"4476\"><div class=\"av-masonry-container isotope av-js-disabled\"><div class='av-masonry-entry isotope-item av-masonry-item-no-image '><\/div><a href=\"http:\/\/www.carruajesalba.com\/en\/tassels-and-fringe\"  aria-label=\"image Fringe and Tassels\"  id='av-masonry-1-item-4594' data-av-masonry-item='4594' class='av-masonry-entry isotope-item post-4594 attachment type-attachment status-inherit hentry  av-masonry-item-with-image av-grid-img' title=\"Fringe and Tassels\" alt=\"\"  data-av-masonry-custom-link=\"http:\/\/www.carruajesalba.com\/en\/tassels-and-fringe\"  itemprop=\"thumbnailUrl\" ><div class='av-inner-masonry-sizer'><\/div><figure class='av-inner-masonry main_color'><div class=\"av-masonry-outerimage-container\"><div class='av-masonry-image-container' style=\"background-image: url(https:\/\/www.carruajesalba.com\/wp-content\/uploads\/2016\/06\/borlas-y-flecos-tumba-1-705x705.jpg);\"  title=\"Fringe and Tassels\" ><\/div><\/div><figcaption class='av-inner-masonry-content site-background'><div class='av-inner-masonry-content-pos'><div class='av-inner-masonry-content-pos-content'><div class='avia-arrow'><\/div><h3 class='av-masonry-entry-title entry-title '  itemprop=\"headline\" >Fringe and Tassels<\/h3><\/div><\/div><\/figcaption><\/figure><\/a><!--end av-masonry entry--><a href=\"http:\/\/www.carruajesalba.com\/en\/tassels\"  aria-label=\"image Tassels\"  id='av-masonry-1-item-4573' data-av-masonry-item='4573' class='av-masonry-entry isotope-item post-4573 attachment type-attachment status-inherit hentry  av-masonry-item-with-image av-grid-img' title=\"Tassels\" alt=\"\"  data-av-masonry-custom-link=\"http:\/\/www.carruajesalba.com\/en\/tassels\"  itemprop=\"thumbnailUrl\" ><div class='av-inner-masonry-sizer'><\/div><figure class='av-inner-masonry main_color'><div class=\"av-masonry-outerimage-container\"><div class='av-masonry-image-container' style=\"background-image: url(https:\/\/www.carruajesalba.com\/wp-content\/uploads\/2016\/06\/P1010083-705x682.jpg);\"  title=\"Tassels\" ><\/div><\/div><figcaption class='av-inner-masonry-content site-background'><div class='av-inner-masonry-content-pos'><div class='av-inner-masonry-content-pos-content'><div class='avia-arrow'><\/div><h3 class='av-masonry-entry-title entry-title '  itemprop=\"headline\" >Tassels<\/h3><\/div><\/div><\/figcaption><\/figure><\/a><!--end av-masonry entry--><a href=\"http:\/\/www.carruajesalba.com\/en\/passementerie\"  aria-label=\"image Passementerie\"  id='av-masonry-1-item-4561' data-av-masonry-item='4561' class='av-masonry-entry isotope-item post-4561 attachment type-attachment status-inherit hentry  av-masonry-item-with-image av-grid-img' title=\"Passementerie\" alt=\"\"  data-av-masonry-custom-link=\"http:\/\/www.carruajesalba.com\/en\/passementerie\"  itemprop=\"thumbnailUrl\" ><div class='av-inner-masonry-sizer'><\/div><figure class='av-inner-masonry main_color'><div class=\"av-masonry-outerimage-container\"><div class='av-masonry-image-container' style=\"background-image: url(https:\/\/www.carruajesalba.com\/wp-content\/uploads\/2016\/06\/IMG_7252-705x529.jpg);\"  title=\"Passementerie\" ><\/div><\/div><figcaption class='av-inner-masonry-content site-background'><div class='av-inner-masonry-content-pos'><div class='av-inner-masonry-content-pos-content'><div class='avia-arrow'><\/div><h3 class='av-masonry-entry-title entry-title '  itemprop=\"headline\" >Passementerie<\/h3><\/div><\/div><\/figcaption><\/figure><\/a><!--end av-masonry entry--><a href=\"en\/example-of-hammercloth\"  aria-label=\"image Example of Hammercloth\"  id='av-masonry-1-item-4856' data-av-masonry-item='4856' class='av-masonry-entry isotope-item post-4856 attachment type-attachment status-inherit hentry  av-masonry-item-with-image av-grid-img' title=\"Example of Hammercloth\" alt=\"\"  data-av-masonry-custom-link=\"http:\/\/en\/example-of-hammercloth\"  itemprop=\"thumbnailUrl\" ><div class='av-inner-masonry-sizer'><\/div><figure class='av-inner-masonry main_color'><div class=\"av-masonry-outerimage-container\"><div class='av-masonry-image-container' style=\"background-image: url(https:\/\/www.carruajesalba.com\/wp-content\/uploads\/2016\/06\/tumba-portada-705x505.jpg);\"  title=\"Example of Hammercloth\" ><\/div><\/div><figcaption class='av-inner-masonry-content site-background'><div class='av-inner-masonry-content-pos'><div class='av-inner-masonry-content-pos-content'><div class='avia-arrow'><\/div><h3 class='av-masonry-entry-title entry-title '  itemprop=\"headline\" >Example of Hammercloth<\/h3><\/div><\/div><\/figcaption><\/figure><\/a><!--end av-masonry entry--><\/div><\/div>\n","protected":false},"excerpt":{"rendered":"","protected":false},"author":3,"featured_media":0,"parent":0,"menu_order":0,"comment_status":"closed","ping_status":"closed","template":"","meta":{"footnotes":""},"class_list":["post-4476","page","type-page","status-publish","hentry"],"_links":{"self":[{"href":"https:\/\/www.carruajesalba.com\/en\/wp-json\/wp\/v2\/pages\/4476","targetHints":{"allow":["GET"]}}],"collection":[{"href":"https:\/\/www.carruajesalba.com\/en\/wp-json\/wp\/v2\/pages"}],"about":[{"href":"https:\/\/www.carruajesalba.com\/en\/wp-json\/wp\/v2\/types\/page"}],"author":[{"embeddable":true,"href":"https:\/\/www.carruajesalba.com\/en\/wp-json\/wp\/v2\/users\/3"}],"replies":[{"embeddable":true,"href":"https:\/\/www.carruajesalba.com\/en\/wp-json\/wp\/v2\/comments?post=4476"}],"version-history":[{"count":34,"href":"https:\/\/www.carruajesalba.com\/en\/wp-json\/wp\/v2\/pages\/4476\/revisions"}],"predecessor-version":[{"id":4858,"href":"https:\/\/www.carruajesalba.com\/en\/wp-json\/wp\/v2\/pages\/4476\/revisions\/4858"}],"wp:attachment":[{"href":"https:\/\/www.carruajesalba.com\/en\/wp-json\/wp\/v2\/media?parent=4476"}],"curies":[{"name":"wp","href":"https:\/\/api.w.org\/{rel}","templated":true}]}}