{"id":4427,"date":"2016-05-24T07:28:27","date_gmt":"2016-05-24T07:28:27","guid":{"rendered":"http:\/\/www.carruajesalba.com\/en\/?page_id=4427"},"modified":"2016-05-24T07:28:37","modified_gmt":"2016-05-24T07:28:37","slug":"quality-policy","status":"publish","type":"page","link":"https:\/\/www.carruajesalba.com\/en\/quality-policy\/","title":{"rendered":"Quality Policy"},"content":{"rendered":"<p><strong>Quality Policy<\/strong><\/p>\n<p>CARRUAJES ALBA es una empresa de Lebrija (Sevilla), especializada en la restauraci\u00f3n y conservaci\u00f3n artesanal e hist\u00f3rica de carruajes y coches de caballos.<\/p>\n<p>La Direcci\u00f3n consciente de que la Calidad es un aspecto clave para mantener la posici\u00f3n de liderazgo en el desarrollo de sus actividades, estima necesario la implantaci\u00f3n de un Sistema de Gesti\u00f3n de la Calidad seg\u00fan los requisitos de la Norma Internacional UNE-EN-ISO 9001:2008. Atendiendo a este compromiso establece los siguientes principios:<\/p>\n<ul>\n<li>Cumplir todos los requisitos legales y reglamentarios, as\u00ed como aquello otros que la empresa suscriba.<\/li>\n<li>La satisfacci\u00f3n del cliente es un pilar b\u00e1sico y debe permanecer siempre alta, implicando al cliente en todo el proceso de restauraci\u00f3n y conservaci\u00f3n.<\/li>\n<li>Abrir nuevas v\u00edas de mercados en el extranjero y potenciar la marca Carruajes Alba.<\/li>\n<li>Asesorar a nuestros clientes desde nuestra experiencia.<\/li>\n<li>Dedicar a nuestros clientes el mayor esfuerzo y seguir avanzando en el camino de la mejora continua.<\/li>\n<li>Calidad en la finalizaci\u00f3n de los trabajos.<\/li>\n<li>Implicar, motivar y comprometer al personal con objeto de buscar su participaci\u00f3n en la gesti\u00f3n, desarrollo y aplicaci\u00f3n del sistema de calidad\u00a0implantado, y para lograr los niveles de calidad requeridos por el cliente.<\/li>\n<\/ul>\n<p>Es responsabilidad de CARRUAJES ALBA el obligado cumplimiento de lo establecido en el Sistema de Calidad y fundamentalmente, de las personas encargadas de la realizaci\u00f3n de las actividades comprendidas dentro del citado sistema. La pol\u00edtica de calidad ser\u00e1 difundida a todos los niveles de la empresa mediante carteles y charlas formativas.<\/p>\n<p>La Direcci\u00f3n de Carruajes Alba muestra su compromiso con el Sistema de Gesti\u00f3n de Calidad prestando su apoyo con todos los medios y recursos a su alcance, adem\u00e1s, mantiene un compromiso de mejora continua de la eficacia de las actividades desarrolladas por la misma.<\/p>\n","protected":false},"excerpt":{"rendered":"<p>Quality Policy CARRUAJES ALBA es una empresa de Lebrija (Sevilla), especializada en la restauraci\u00f3n y conservaci\u00f3n artesanal e hist\u00f3rica de carruajes y coches de caballos. La Direcci\u00f3n consciente de que la Calidad es un aspecto clave para mantener la posici\u00f3n de liderazgo en el desarrollo de sus actividades, estima necesario la implantaci\u00f3n de un Sistema [&hellip;]<\/p>\n","protected":false},"author":3,"featured_media":0,"parent":0,"menu_order":0,"comment_status":"closed","ping_status":"closed","template":"","meta":{"footnotes":""},"class_list":["post-4427","page","type-page","status-publish","hentry"],"_links":{"self":[{"href":"https:\/\/www.carruajesalba.com\/en\/wp-json\/wp\/v2\/pages\/4427","targetHints":{"allow":["GET"]}}],"collection":[{"href":"https:\/\/www.carruajesalba.com\/en\/wp-json\/wp\/v2\/pages"}],"about":[{"href":"https:\/\/www.carruajesalba.com\/en\/wp-json\/wp\/v2\/types\/page"}],"author":[{"embeddable":true,"href":"https:\/\/www.carruajesalba.com\/en\/wp-json\/wp\/v2\/users\/3"}],"replies":[{"embeddable":true,"href":"https:\/\/www.carruajesalba.com\/en\/wp-json\/wp\/v2\/comments?post=4427"}],"version-history":[{"count":1,"href":"https:\/\/www.carruajesalba.com\/en\/wp-json\/wp\/v2\/pages\/4427\/revisions"}],"predecessor-version":[{"id":4428,"href":"https:\/\/www.carruajesalba.com\/en\/wp-json\/wp\/v2\/pages\/4427\/revisions\/4428"}],"wp:attachment":[{"href":"https:\/\/www.carruajesalba.com\/en\/wp-json\/wp\/v2\/media?parent=4427"}],"curies":[{"name":"wp","href":"https:\/\/api.w.org\/{rel}","templated":true}]}}