{"id":4159,"date":"2016-04-11T18:12:16","date_gmt":"2016-04-11T18:12:16","guid":{"rendered":"http:\/\/www.carruajesalba.com\/fr\/?page_id=4159"},"modified":"2020-11-16T12:25:55","modified_gmt":"2020-11-16T10:25:55","slug":"contact","status":"publish","type":"page","link":"https:\/\/www.carruajesalba.com\/en\/contact\/","title":{"rendered":"Contacto"},"content":{"rendered":"\n<style type=\"text\/css\" data-created_by=\"avia_inline_auto\" id=\"style-css-av-av_section-4b76f1a38e82b9c629fabbd52cbd2efe\">\n.avia-section.av-av_section-4b76f1a38e82b9c629fabbd52cbd2efe{\nbackground-repeat:no-repeat;\nbackground-image:url(https:\/\/www.carruajesalba.com\/wp-content\/uploads\/2015\/11\/Fondo2-1500x824.jpg);\nbackground-position:0% 0%;\nbackground-attachment:scroll;\n}\n<\/style>\n<div id='av_section_1'  class='avia-section av-av_section-4b76f1a38e82b9c629fabbd52cbd2efe main_color avia-section-default avia-no-border-styling  avia-builder-el-0  avia-builder-el-no-sibling  avia-full-stretch avia-bg-style-scroll container_wrap sidebar_right'  data-section-bg-repeat='stretch'><div class='container av-section-cont-open' ><main  role=\"main\" itemprop=\"mainContentOfPage\"  class='template-page content  av-content-small alpha units'><div class='post-entry post-entry-type-page post-entry-4159'><div class='entry-content-wrapper clearfix'>\n\n<style type=\"text\/css\" data-created_by=\"avia_inline_auto\" id=\"style-css-av-av_heading-3e704a61719d463d978950eafdc9092c\">\n#top .av-special-heading.av-av_heading-3e704a61719d463d978950eafdc9092c{\npadding-bottom:10px;\n}\nbody .av-special-heading.av-av_heading-3e704a61719d463d978950eafdc9092c .av-special-heading-tag .heading-char{\nfont-size:25px;\n}\n.av-special-heading.av-av_heading-3e704a61719d463d978950eafdc9092c .av-subheading{\nfont-size:15px;\n}\n<\/style>\n<div  class='av-special-heading av-av_heading-3e704a61719d463d978950eafdc9092c av-special-heading-h3  avia-builder-el-1  el_before_av_one_half  avia-builder-el-first '><h3 class='av-special-heading-tag '  itemprop=\"headline\"  >Contactez-nous<\/h3><div class=\"special-heading-border\"><div class=\"special-heading-inner-border\"><\/div><\/div><\/div>\n\n<style type=\"text\/css\" data-created_by=\"avia_inline_auto\" id=\"style-css-av-av_one_half-9497bbf8bff73ea4c6992cc17fa9ec36\">\n.flex_column.av-av_one_half-9497bbf8bff73ea4c6992cc17fa9ec36{\nborder-radius:0px 0px 0px 0px;\npadding:0px 0px 0px 0px;\n}\n<\/style>\n<div  class='flex_column av-av_one_half-9497bbf8bff73ea4c6992cc17fa9ec36 av_one_half  avia-builder-el-2  el_after_av_heading  el_before_av_one_half  first flex_column_div av-zero-column-padding  '     ><p>\n<style type=\"text\/css\" data-created_by=\"avia_inline_auto\" id=\"style-css-av-av_hr-41ba6e246a6b120fa099380338ad1860\">\n#top .hr.hr-invisible.av-av_hr-41ba6e246a6b120fa099380338ad1860{\nmargin-top:-30px;\nheight:1px;\n}\n<\/style>\n<div  class='hr av-av_hr-41ba6e246a6b120fa099380338ad1860 hr-invisible  avia-builder-el-3  el_before_av_promobox  avia-builder-el-first '><span class='hr-inner '><span class=\"hr-inner-style\"><\/span><\/span><\/div><br \/>\n\n<style type=\"text\/css\" data-created_by=\"avia_inline_auto\" id=\"style-css-av-khkejy2y-39f60f567dc68aa34b3a7745c931eb95\">\n.av_promobox.av-khkejy2y-39f60f567dc68aa34b3a7745c931eb95{\ncolor:#ffffff;\nbackground:#444444;\nborder-color:#333333;\n}\n<\/style>\n<div  class='av_promobox av-khkejy2y-39f60f567dc68aa34b3a7745c931eb95 avia-button-no  avia-builder-el-4  el_after_av_hr  avia-builder-el-last '><div class='avia-promocontent'><\/p>\n<p style=\"text-align: left;\"><span style=\"color: #ffffff;\"><strong>Carruajes Alba<\/strong><\/span><\/p>\n<p style=\"text-align: left;\"><img loading=\"lazy\" decoding=\"async\" class=\"alignnone wp-image-263\" src=\"http:\/\/www.carruajesalba.com\/wp-content\/uploads\/2015\/11\/3946.png\" alt=\"3946\" width=\"14\" height=\"14\" srcset=\"https:\/\/www.carruajesalba.com\/wp-content\/uploads\/2015\/11\/3946.png 256w, https:\/\/www.carruajesalba.com\/wp-content\/uploads\/2015\/11\/3946-80x80.png 80w, https:\/\/www.carruajesalba.com\/wp-content\/uploads\/2015\/11\/3946-36x36.png 36w, https:\/\/www.carruajesalba.com\/wp-content\/uploads\/2015\/11\/3946-180x180.png 180w, https:\/\/www.carruajesalba.com\/wp-content\/uploads\/2015\/11\/3946-120x120.png 120w\" sizes=\"auto, (max-width: 14px) 100vw, 14px\" \/>\u00a0 \u00a0<span style=\"color: #d6d6d6;\">San Miguel 14,\u00a041740 &#8211; Lebrija (Sevilla) Espa\u00f1a<\/span><\/p>\n<p style=\"text-align: left;\"><span style=\"color: #d6d6d6;\"><img loading=\"lazy\" decoding=\"async\" class=\"alignleft wp-image-264\" src=\"http:\/\/www.carruajesalba.com\/wp-content\/uploads\/2015\/11\/telefono2.png\" alt=\"telefono2\" width=\"11\" height=\"16\" \/>+34 659 411 493<\/span><\/p>\n<p style=\"text-align: left;\"><span style=\"color: #d6d6d6;\"><img loading=\"lazy\" decoding=\"async\" class=\"alignleft wp-image-262\" src=\"http:\/\/www.carruajesalba.com\/wp-content\/uploads\/2015\/11\/3898-2.png\" alt=\"3898 (2)\" width=\"14\" height=\"14\" srcset=\"https:\/\/www.carruajesalba.com\/wp-content\/uploads\/2015\/11\/3898-2.png 256w, https:\/\/www.carruajesalba.com\/wp-content\/uploads\/2015\/11\/3898-2-80x80.png 80w, https:\/\/www.carruajesalba.com\/wp-content\/uploads\/2015\/11\/3898-2-36x36.png 36w, https:\/\/www.carruajesalba.com\/wp-content\/uploads\/2015\/11\/3898-2-180x180.png 180w, https:\/\/www.carruajesalba.com\/wp-content\/uploads\/2015\/11\/3898-2-120x120.png 120w\" sizes=\"auto, (max-width: 14px) 100vw, 14px\" \/>International clients: Please use the contact form<br \/>\n<\/span><\/p>\n<p style=\"text-align: left;\"><span style=\"color: #d6d6d6;\"><a style=\"color: #d6d6d6;\" href=\"mailto:info@carruajesalba.com\">info@carruajesalba.com<\/a><\/span><a href=\"mailto:info@carruajesalba.com\"><img loading=\"lazy\" decoding=\"async\" class=\"alignleft wp-image-261\" src=\"http:\/\/www.carruajesalba.com\/wp-content\/uploads\/2015\/11\/967-297x300.png\" alt=\"967\" width=\"15\" height=\"15\" srcset=\"https:\/\/www.carruajesalba.com\/wp-content\/uploads\/2015\/11\/967-297x300.png 297w, https:\/\/www.carruajesalba.com\/wp-content\/uploads\/2015\/11\/967-80x80.png 80w, https:\/\/www.carruajesalba.com\/wp-content\/uploads\/2015\/11\/967-36x36.png 36w, https:\/\/www.carruajesalba.com\/wp-content\/uploads\/2015\/11\/967-180x180.png 180w, https:\/\/www.carruajesalba.com\/wp-content\/uploads\/2015\/11\/967-120x120.png 120w, https:\/\/www.carruajesalba.com\/wp-content\/uploads\/2015\/11\/967-450x455.png 450w, https:\/\/www.carruajesalba.com\/wp-content\/uploads\/2015\/11\/967.png 512w\" sizes=\"auto, (max-width: 15px) 100vw, 15px\" \/><\/a><\/p>\n<p>\n<\/div><\/div><\/p><\/div>\n<style type=\"text\/css\" data-created_by=\"avia_inline_auto\" id=\"style-css-av-av_one_half-9c1d454dc06f7247226bc4e8f931daae\">\n.flex_column.av-av_one_half-9c1d454dc06f7247226bc4e8f931daae{\nborder-radius:0px 0px 0px 0px;\npadding:0px 0px 0px 0px;\n}\n<\/style>\n<div  class='flex_column av-av_one_half-9c1d454dc06f7247226bc4e8f931daae av_one_half  avia-builder-el-5  el_after_av_one_half  avia-builder-el-last  flex_column_div av-zero-column-padding  '     ><p>\n<style type=\"text\/css\" data-created_by=\"avia_inline_auto\" id=\"style-css-av-av_hr-9a4b51fdc01b8b13bd201ffe5054f031\">\n#top .hr.hr-invisible.av-av_hr-9a4b51fdc01b8b13bd201ffe5054f031{\nheight:35px;\n}\n<\/style>\n<div  class='hr av-av_hr-9a4b51fdc01b8b13bd201ffe5054f031 hr-invisible  avia-builder-el-6  el_before_av_contact  avia-builder-el-first '><span class='hr-inner '><span class=\"hr-inner-style\"><\/span><\/span><\/div><br \/>\n<form action=\"https:\/\/www.carruajesalba.com\/en\/contact\/\" method=\"post\" data-fields-with-error=\"Found errors in the following field(s):\" class=\"avia_ajax_form av-form-labels-visible   avia-builder-el-7  el_after_av_hr  avia-builder-el-last   \" data-avia-form-id=\"1\" data-avia-redirect='' ><fieldset><p class='  first_form  form_element form_element_half' id='element_avia_1_1'><label for=\"avia_1_1\">Nom <abbr class=\"required\" title=\"required\">*<\/abbr><\/label> <input name=\"avia_1_1\" class=\"text_input is_empty\" type=\"text\" id=\"avia_1_1\" value=\"\" \/><\/p><p class='  form_element form_element_half' id='element_avia_2_1'><label for=\"avia_2_1\">Num\u00e9ro de t\u00e9l\u00e9phone <abbr class=\"required\" title=\"required\">*<\/abbr><\/label> <input name=\"avia_2_1\" class=\"text_input is_phone\" type=\"text\" id=\"avia_2_1\" value=\"\" \/><\/p><p class='  first_form  form_element form_element_half' id='element_avia_3_1'><label for=\"avia_3_1\">E-mail <abbr class=\"required\" title=\"required\">*<\/abbr><\/label> <input name=\"avia_3_1\" class=\"text_input is_email\" type=\"text\" id=\"avia_3_1\" value=\"\" \/><\/p><p class='  form_element form_element_half' id='element_avia_4_1'><label for=\"avia_4_1\">Entreprise <abbr class=\"required\" title=\"required\">*<\/abbr><\/label> <input name=\"avia_4_1\" class=\"text_input is_empty\" type=\"text\" id=\"avia_4_1\" value=\"\" \/><\/p><p class='  first_form  form_element form_fullwidth' id='element_avia_5_1'><label for=\"avia_5_1\" class=\"textare_label hidden textare_label_avia_5_1\">Message <abbr class=\"required\" title=\"required\">*<\/abbr><\/label><textarea  name=\"avia_5_1\" class=\"text_area is_empty\" cols=\"40\" rows=\"7\" id=\"avia_5_1\" ><\/textarea><\/p><p class='  first_form  form_element form_fullwidth av-last-visible-form-element' id='element_avia_6_1'><input  name=\"avia_6_1\" class=\"input_checkbox is_empty\" type=\"checkbox\" id=\"avia_6_1\" value=\"true\"\/><label class=\"input_checkbox_label\" for=\"avia_6_1\">J\u2019accepte la <a href=\"http:\/\/www.carruajesalba.com\/aviso-legal\/\" target=\"_blank\">Politique de Confidentialit\u00e9<\/a> <abbr class=\"required\" title=\"required\">*<\/abbr><\/label><\/p><p class=\"hidden\"><input type=\"text\" name=\"avia_7_1\" class=\"hidden \" id=\"avia_7_1\" value=\"\" \/><\/p><p class=\"form_element \"><input type=\"hidden\" value=\"1\" name=\"avia_generated_form1\" \/><input type=\"submit\" value=\"Enviar\" class=\"button\"  data-sending-label=\"Sending\"\/><\/p><\/fieldset><\/form><div id=\"ajaxresponse_1\" class=\"ajaxresponse ajaxresponse_1 hidden\"><\/div><\/p><\/div><\/div><\/div><\/main><!-- close content main element --><\/div><\/div><div id='after_section_1'  class='main_color av_default_container_wrap container_wrap sidebar_right'  ><div class='container av-section-cont-open' ><div class='template-page content  av-content-small alpha units'><div class='post-entry post-entry-type-page post-entry-4159'><div class='entry-content-wrapper clearfix'>\n","protected":false},"excerpt":{"rendered":"","protected":false},"author":2,"featured_media":0,"parent":0,"menu_order":0,"comment_status":"closed","ping_status":"closed","template":"","meta":{"footnotes":""},"class_list":["post-4159","page","type-page","status-publish","hentry"],"_links":{"self":[{"href":"https:\/\/www.carruajesalba.com\/en\/wp-json\/wp\/v2\/pages\/4159","targetHints":{"allow":["GET"]}}],"collection":[{"href":"https:\/\/www.carruajesalba.com\/en\/wp-json\/wp\/v2\/pages"}],"about":[{"href":"https:\/\/www.carruajesalba.com\/en\/wp-json\/wp\/v2\/types\/page"}],"author":[{"embeddable":true,"href":"https:\/\/www.carruajesalba.com\/en\/wp-json\/wp\/v2\/users\/2"}],"replies":[{"embeddable":true,"href":"https:\/\/www.carruajesalba.com\/en\/wp-json\/wp\/v2\/comments?post=4159"}],"version-history":[{"count":4,"href":"https:\/\/www.carruajesalba.com\/en\/wp-json\/wp\/v2\/pages\/4159\/revisions"}],"predecessor-version":[{"id":5791,"href":"https:\/\/www.carruajesalba.com\/en\/wp-json\/wp\/v2\/pages\/4159\/revisions\/5791"}],"wp:attachment":[{"href":"https:\/\/www.carruajesalba.com\/en\/wp-json\/wp\/v2\/media?parent=4159"}],"curies":[{"name":"wp","href":"https:\/\/api.w.org\/{rel}","templated":true}]}}