{"id":4036,"date":"2016-04-11T15:14:36","date_gmt":"2016-04-11T15:14:36","guid":{"rendered":"http:\/\/www.carruajesalba.com\/fr\/?page_id=4036"},"modified":"2016-04-11T15:14:55","modified_gmt":"2016-04-11T15:14:55","slug":"restauration-de-voitures-depoque","status":"publish","type":"page","link":"https:\/\/www.carruajesalba.com\/en\/restauration-de-voitures-depoque\/","title":{"rendered":"Restauration de voitures d\u2019\u00e9poque"},"content":{"rendered":"\n<style type=\"text\/css\" data-created_by=\"avia_inline_auto\" id=\"style-css-av-av_one_full-9497bbf8bff73ea4c6992cc17fa9ec36\">\n.flex_column.av-av_one_full-9497bbf8bff73ea4c6992cc17fa9ec36{\nborder-radius:0px 0px 0px 0px;\npadding:0px 0px 0px 0px;\n}\n<\/style>\n<div  class='flex_column av-av_one_full-9497bbf8bff73ea4c6992cc17fa9ec36 av_one_full  avia-builder-el-0  el_before_av_masonry_gallery  avia-builder-el-no-sibling  first flex_column_div av-zero-column-padding  '     ><p>\n<style type=\"text\/css\" data-created_by=\"avia_inline_auto\" id=\"style-css-av-av_heading-6403866949b6d9780e595a11dc325629\">\n#top .av-special-heading.av-av_heading-6403866949b6d9780e595a11dc325629{\npadding-bottom:0;\n}\nbody .av-special-heading.av-av_heading-6403866949b6d9780e595a11dc325629 .av-special-heading-tag .heading-char{\nfont-size:25px;\n}\n.av-special-heading.av-av_heading-6403866949b6d9780e595a11dc325629 .av-subheading{\nfont-size:15px;\n}\n<\/style>\n<div  class='av-special-heading av-av_heading-6403866949b6d9780e595a11dc325629 av-special-heading-h3  avia-builder-el-1  el_before_av_promobox  avia-builder-el-first '><h3 class='av-special-heading-tag '  itemprop=\"headline\"  >Restauration de voitures d\u2019\u00e9poque<\/h3><div class=\"special-heading-border\"><div class=\"special-heading-inner-border\"><\/div><\/div><\/div><br \/>\n\n<style type=\"text\/css\" data-created_by=\"avia_inline_auto\" id=\"style-css-av-av_promobox-40ecd0388d03b1c3ee578bf09fec6eb3\">\n.av_promobox.av-av_promobox-40ecd0388d03b1c3ee578bf09fec6eb3{\ncolor:#424242;\nbackground:#f2f2f2;\nborder-color:#ffffff;\n}\n<\/style>\n<div  class='av_promobox av-av_promobox-40ecd0388d03b1c3ee578bf09fec6eb3 avia-button-no  avia-builder-el-2  el_after_av_heading  avia-builder-el-last '><div class='avia-promocontent'><\/p>\n<p style=\"text-align: justify;\"><img loading=\"lazy\" decoding=\"async\" class=\"alignleft wp-image-1052\" src=\"http:\/\/www.carruajesalba.com\/wp-content\/uploads\/2016\/03\/1-300x225.jpg\" alt=\"\" width=\"179\" height=\"134\" srcset=\"https:\/\/www.carruajesalba.com\/wp-content\/uploads\/2016\/03\/1-300x225.jpg 300w, https:\/\/www.carruajesalba.com\/wp-content\/uploads\/2016\/03\/1-450x338.jpg 450w, https:\/\/www.carruajesalba.com\/wp-content\/uploads\/2016\/03\/1.jpg 532w\" sizes=\"auto, (max-width: 179px) 100vw, 179px\" \/><\/p>\n<p style=\"text-align: justify;\">Conservation et sauvegarde des biens culturels sont les principaux objectifs au sein de notre crit\u00e8res rigoureux de restauration, en garantissant toujours la fid\u00e9lit\u00e9 en termes de techniques et de mat\u00e9riaux. La voiture a \u00e9volu\u00e9 et a remplac\u00e9 le cheval comme une force motrice pour le moteur \u00e0 combustion. Il est \u00e0 noter que la structure reste la m\u00eame depuis des ann\u00e9es, bien que la m\u00e9canique de ces v\u00e9hicules a chang\u00e9 et ils sont maintenant propuls\u00e9s.<\/p>\n<p style=\"text-align: justify;\">Nos propositions d&#8217;intervention r\u00e9pondent \u00e0 un facteur commun, le respect pour le travail en assurant sa continuit\u00e9 dans le temps pour le l\u00e9guer aux g\u00e9n\u00e9rations futures.<\/p>\n<p>\n<\/div><\/div><\/p><\/div><div id='av-masonry-1' class='av-masonry av-av_masonry_gallery-9cdf1797144b9082f59ac3f657a0afd6 noHover av-fixed-size av-large-gap av-hover-overlay- av-masonry-animation-active av-masonry-col-4 av-caption-always av-caption-style- av-masonry-gallery ' data-post_id=\"4036\"><div class=\"av-masonry-container isotope av-js-disabled\"><div class='av-masonry-entry isotope-item av-masonry-item-no-image '><\/div><div id='av-masonry-1-item-2927' data-av-masonry-item='2927' class='av-masonry-entry isotope-item post-2927 attachment type-attachment status-inherit hentry  av-masonry-item-with-image av-grid-img'    itemprop=\"thumbnailUrl\" ><div class='av-inner-masonry-sizer'><\/div><figure class='av-inner-masonry main_color'><div class=\"av-masonry-outerimage-container\"><div class='av-masonry-image-container' style=\"background-image: url(https:\/\/www.carruajesalba.com\/wp-content\/uploads\/2016\/03\/2-705x447.jpg);\" ><\/div><\/div><\/figure><\/div><!--end av-masonry entry--><div id='av-masonry-1-item-2929' data-av-masonry-item='2929' class='av-masonry-entry isotope-item post-2929 attachment type-attachment status-inherit hentry  av-masonry-item-with-image av-grid-img'    itemprop=\"thumbnailUrl\" ><div class='av-inner-masonry-sizer'><\/div><figure class='av-inner-masonry main_color'><div class=\"av-masonry-outerimage-container\"><div class='av-masonry-image-container' style=\"background-image: url(https:\/\/www.carruajesalba.com\/wp-content\/uploads\/2016\/03\/3-705x472.jpg);\" ><\/div><\/div><\/figure><\/div><!--end av-masonry entry--><div id='av-masonry-1-item-2931' data-av-masonry-item='2931' class='av-masonry-entry isotope-item post-2931 attachment type-attachment status-inherit hentry  av-masonry-item-with-image av-grid-img'    itemprop=\"thumbnailUrl\" ><div class='av-inner-masonry-sizer'><\/div><figure class='av-inner-masonry main_color'><div class=\"av-masonry-outerimage-container\"><div class='av-masonry-image-container' style=\"background-image: url(https:\/\/www.carruajesalba.com\/wp-content\/uploads\/2016\/03\/4-705x472.jpg);\" ><\/div><\/div><\/figure><\/div><!--end av-masonry entry--><div id='av-masonry-1-item-2933' data-av-masonry-item='2933' class='av-masonry-entry isotope-item post-2933 attachment type-attachment status-inherit hentry  av-masonry-item-with-image av-grid-img'    itemprop=\"thumbnailUrl\" ><div class='av-inner-masonry-sizer'><\/div><figure class='av-inner-masonry main_color'><div class=\"av-masonry-outerimage-container\"><div class='av-masonry-image-container' style=\"background-image: url(https:\/\/www.carruajesalba.com\/wp-content\/uploads\/2016\/03\/5-1-705x472.jpg);\" ><\/div><\/div><\/figure><\/div><!--end av-masonry entry--><\/div><\/div><\/p>\n","protected":false},"excerpt":{"rendered":"","protected":false},"author":2,"featured_media":0,"parent":0,"menu_order":0,"comment_status":"closed","ping_status":"closed","template":"","meta":{"footnotes":""},"class_list":["post-4036","page","type-page","status-publish","hentry"],"_links":{"self":[{"href":"https:\/\/www.carruajesalba.com\/en\/wp-json\/wp\/v2\/pages\/4036","targetHints":{"allow":["GET"]}}],"collection":[{"href":"https:\/\/www.carruajesalba.com\/en\/wp-json\/wp\/v2\/pages"}],"about":[{"href":"https:\/\/www.carruajesalba.com\/en\/wp-json\/wp\/v2\/types\/page"}],"author":[{"embeddable":true,"href":"https:\/\/www.carruajesalba.com\/en\/wp-json\/wp\/v2\/users\/2"}],"replies":[{"embeddable":true,"href":"https:\/\/www.carruajesalba.com\/en\/wp-json\/wp\/v2\/comments?post=4036"}],"version-history":[{"count":1,"href":"https:\/\/www.carruajesalba.com\/en\/wp-json\/wp\/v2\/pages\/4036\/revisions"}],"predecessor-version":[{"id":4037,"href":"https:\/\/www.carruajesalba.com\/en\/wp-json\/wp\/v2\/pages\/4036\/revisions\/4037"}],"wp:attachment":[{"href":"https:\/\/www.carruajesalba.com\/en\/wp-json\/wp\/v2\/media?parent=4036"}],"curies":[{"name":"wp","href":"https:\/\/api.w.org\/{rel}","templated":true}]}}