{"id":4021,"date":"2016-04-11T14:46:58","date_gmt":"2016-04-11T14:46:58","guid":{"rendered":"http:\/\/www.carruajesalba.com\/fr\/?page_id=4021"},"modified":"2019-05-15T11:56:19","modified_gmt":"2019-05-15T11:56:19","slug":"a-propos-de-nous","status":"publish","type":"page","link":"https:\/\/www.carruajesalba.com\/en\/a-propos-de-nous\/","title":{"rendered":"\u00c0 propos de nous"},"content":{"rendered":"\n<style type=\"text\/css\" data-created_by=\"avia_inline_auto\" id=\"style-css-av-au92zp-0243dfd92993a0d7e5aaf9df82e5651c\">\n#top .av-special-heading.av-au92zp-0243dfd92993a0d7e5aaf9df82e5651c{\npadding-bottom:10px;\n}\nbody .av-special-heading.av-au92zp-0243dfd92993a0d7e5aaf9df82e5651c .av-special-heading-tag .heading-char{\nfont-size:25px;\n}\n.av-special-heading.av-au92zp-0243dfd92993a0d7e5aaf9df82e5651c .av-subheading{\nfont-size:15px;\n}\n<\/style>\n<div  class='av-special-heading av-au92zp-0243dfd92993a0d7e5aaf9df82e5651c av-special-heading-h3  avia-builder-el-0  el_before_av_two_fifth  avia-builder-el-first '><h3 class='av-special-heading-tag '  itemprop=\"headline\"  >\u00c0 propos de nous<\/h3><div class=\"special-heading-border\"><div class=\"special-heading-inner-border\"><\/div><\/div><\/div>\n\n<style type=\"text\/css\" data-created_by=\"avia_inline_auto\" id=\"style-css-av-8p7lb9-3db7d8c4fee78abe6f35d0e294f27bad\">\n.flex_column.av-8p7lb9-3db7d8c4fee78abe6f35d0e294f27bad{\nborder-radius:0px 0px 0px 0px;\npadding:0px 0px 0px 0px;\n}\n<\/style>\n<div  class='flex_column av-8p7lb9-3db7d8c4fee78abe6f35d0e294f27bad av_two_fifth  avia-builder-el-1  el_after_av_heading  el_before_av_three_fifth  first flex_column_div av-zero-column-padding  '     ><p>\n<style type=\"text\/css\" data-created_by=\"avia_inline_auto\" id=\"style-css-av-85pn91-153430d2d6a6fc400fb4149a1e05ec19\">\n#top .hr.hr-invisible.av-85pn91-153430d2d6a6fc400fb4149a1e05ec19{\nheight:18px;\n}\n<\/style>\n<div  class='hr av-85pn91-153430d2d6a6fc400fb4149a1e05ec19 hr-invisible  avia-builder-el-2  el_before_av_image  avia-builder-el-first '><span class='hr-inner '><span class=\"hr-inner-style\"><\/span><\/span><\/div><br \/>\n\n<style type=\"text\/css\" data-created_by=\"avia_inline_auto\" id=\"style-css-av-6035ed-0ce21c6a95483a0f0ee22df2b616cedc\">\n.avia-image-container.av-6035ed-0ce21c6a95483a0f0ee22df2b616cedc img.avia_image{\nbox-shadow:none;\n}\n.avia-image-container.av-6035ed-0ce21c6a95483a0f0ee22df2b616cedc .av-image-caption-overlay-center{\ncolor:#ffffff;\n}\n<\/style>\n<div  class='avia-image-container av-6035ed-0ce21c6a95483a0f0ee22df2b616cedc av-styling- av-hover-grow avia-align-center  avia-builder-el-3  el_after_av_hr  avia-builder-el-last '   itemprop=\"image\" itemscope=\"itemscope\" itemtype=\"https:\/\/schema.org\/ImageObject\" ><div class=\"avia-image-container-inner\"><div class=\"avia-image-overlay-wrap\"><img decoding=\"async\" fetchpriority=\"high\" class='wp-image-2363 avia-img-lazy-loading-not-2363 avia_image ' src=\"https:\/\/www.carruajesalba.com\/wp-content\/uploads\/2015\/11\/1.jpg\" alt='' title=''  height=\"640\" width=\"480\"  itemprop=\"thumbnailUrl\" srcset=\"https:\/\/www.carruajesalba.com\/wp-content\/uploads\/2015\/11\/1.jpg 480w, https:\/\/www.carruajesalba.com\/wp-content\/uploads\/2015\/11\/1-225x300.jpg 225w, https:\/\/www.carruajesalba.com\/wp-content\/uploads\/2015\/11\/1-450x600.jpg 450w\" sizes=\"(max-width: 480px) 100vw, 480px\" \/><\/div><\/div><\/div><\/p><\/div>\n\n<style type=\"text\/css\" data-created_by=\"avia_inline_auto\" id=\"style-css-av-434q45-b65ce66650761c615f971ea524dc2786\">\n.flex_column.av-434q45-b65ce66650761c615f971ea524dc2786{\nborder-radius:0px 0px 0px 0px;\npadding:0px 0px 0px 0px;\n}\n<\/style>\n<div  class='flex_column av-434q45-b65ce66650761c615f971ea524dc2786 av_three_fifth  avia-builder-el-4  el_after_av_two_fifth  avia-builder-el-last  flex_column_div av-zero-column-padding  '     ><section  class='av_textblock_section av-2fm0rp-670f8a113a38981a735199fa28b617f9 '   itemscope=\"itemscope\" itemtype=\"https:\/\/schema.org\/CreativeWork\" ><div class='avia_textblock av_inherit_color'  itemprop=\"text\" ><p style=\"text-align: justify;\">Carruajes Alba est une soci\u00e9t\u00e9 \u00e0 S\u00e9ville, \u00e9tablie \u00e0 Lebrija, sp\u00e9cialis\u00e9e dans le domaine de la restauration et la conservation des voitures et biens meubles de caract\u00e8re historique artistique et a plus de 25 ans d&#8217;exp\u00e9rience.<\/p>\n<p style=\"text-align: justify;\">La m\u00e9thodologie utilis\u00e9e dans notre travail repose sur deux piliers, une analyse compl\u00e8te pour la compr\u00e9hension de l&#8217;\u0153uvre, consid\u00e9rant l\u2019aspect mat\u00e9riel, technologique, esth\u00e9tique, historique et culturel, don\u2019t les r\u00e9sultats sont refl\u00e9t\u00e9s dans un rapport, et l&#8217;intervention respectueuse qui assure la m\u00eame conservation et maintenance. Nous avons une \u00e9quipe multidisciplinaire form\u00e9e par les restaurateurs, historiens de l&#8217;art et des sp\u00e9cialistes de la conservation, la restauration et la protection du patrimoine culturel. Nous avons un service de conseil sp\u00e9cialis\u00e9e dans les \u00e9valuations des voitures hippomobiles pour les mus\u00e9es et les collections priv\u00e9es.<\/p>\n<p style=\"text-align: justify;\">Dans notre centre de restauration, nous offrons une large gamme de services. Parmi eux, vous pouvez trouver tout de l&#8217;entretien de routine et les petites r\u00e9parations de voitures, le textile, la broderie ou passementerie, des restaurations compl\u00e8tes qui respectent \u00e0 la forme originale de l&#8217;\u0153uvre en garantissant toujours leur conservation et leur continuit\u00e9 dans le temps.<\/p>\n<p style=\"text-align: justify;\">Nos ateliers sont \u00e9quip\u00e9s de tous les outils n\u00e9cessaires, beaucoup d&#8217;entre eux d&#8217;origine et contemporains au moment de la fabrication de certains types de voitures, pour le processus d&#8217;intervention compl\u00e8te sans avoir \u00e0 d\u00e9placer un travail en dehors de nos installations. En outre, nos \u00e9quipes d&#8217;artisans ont les niveaux techniques les plus \u00e9lev\u00e9es, toujours faire tout leur travail avec le soin habituel et le d\u00e9vouement toujours pr\u00e9sent dans nos ateliers.<\/p>\n<p style=\"text-align: justify;\">La grande authenticit\u00e9 et respect dans notre travail de restauration et le traitement attentif et l&#8217;ach\u00e8vement de nos interventions, nous ont permis de participer \u00e0 de nombreux projets pour les mus\u00e9es, collections priv\u00e9es et les fans de l\u2019attelage en g\u00e9n\u00e9ral, \u00e0 l&#8217;\u00e9chelle internationale.<\/p>\n<\/div><\/section><\/div>\n","protected":false},"excerpt":{"rendered":"","protected":false},"author":2,"featured_media":0,"parent":0,"menu_order":0,"comment_status":"closed","ping_status":"closed","template":"","meta":{"footnotes":""},"class_list":["post-4021","page","type-page","status-publish","hentry"],"_links":{"self":[{"href":"https:\/\/www.carruajesalba.com\/en\/wp-json\/wp\/v2\/pages\/4021","targetHints":{"allow":["GET"]}}],"collection":[{"href":"https:\/\/www.carruajesalba.com\/en\/wp-json\/wp\/v2\/pages"}],"about":[{"href":"https:\/\/www.carruajesalba.com\/en\/wp-json\/wp\/v2\/types\/page"}],"author":[{"embeddable":true,"href":"https:\/\/www.carruajesalba.com\/en\/wp-json\/wp\/v2\/users\/2"}],"replies":[{"embeddable":true,"href":"https:\/\/www.carruajesalba.com\/en\/wp-json\/wp\/v2\/comments?post=4021"}],"version-history":[{"count":5,"href":"https:\/\/www.carruajesalba.com\/en\/wp-json\/wp\/v2\/pages\/4021\/revisions"}],"predecessor-version":[{"id":5671,"href":"https:\/\/www.carruajesalba.com\/en\/wp-json\/wp\/v2\/pages\/4021\/revisions\/5671"}],"wp:attachment":[{"href":"https:\/\/www.carruajesalba.com\/en\/wp-json\/wp\/v2\/media?parent=4021"}],"curies":[{"name":"wp","href":"https:\/\/api.w.org\/{rel}","templated":true}]}}