{"id":165,"date":"2015-11-18T15:32:07","date_gmt":"2015-11-18T15:32:07","guid":{"rendered":"http:\/\/www.carruajesalba.com\/?page_id=165"},"modified":"2019-05-15T11:51:40","modified_gmt":"2019-05-15T11:51:40","slug":"sobre-nosotros","status":"publish","type":"page","link":"https:\/\/www.carruajesalba.com\/en\/sobre-nosotros\/","title":{"rendered":"Sobre nosotros"},"content":{"rendered":"\n<style type=\"text\/css\" data-created_by=\"avia_inline_auto\" id=\"style-css-av-11mt9x-5cd0a1b982ca7beb8b1ec3f7314a4b40\">\n#top .av-special-heading.av-11mt9x-5cd0a1b982ca7beb8b1ec3f7314a4b40{\npadding-bottom:10px;\n}\nbody .av-special-heading.av-11mt9x-5cd0a1b982ca7beb8b1ec3f7314a4b40 .av-special-heading-tag .heading-char{\nfont-size:25px;\n}\n.av-special-heading.av-11mt9x-5cd0a1b982ca7beb8b1ec3f7314a4b40 .av-subheading{\nfont-size:15px;\n}\n<\/style>\n<div  class='av-special-heading av-11mt9x-5cd0a1b982ca7beb8b1ec3f7314a4b40 av-special-heading-h3  avia-builder-el-0  el_before_av_one_half  avia-builder-el-first '><h3 class='av-special-heading-tag '  itemprop=\"headline\"  >Sobre nosotros<\/h3><div class=\"special-heading-border\"><div class=\"special-heading-inner-border\"><\/div><\/div><\/div>\n\n<style type=\"text\/css\" data-created_by=\"avia_inline_auto\" id=\"style-css-av-uoqyl-7249edd365a326c8b011cc8d86b54647\">\n.flex_column.av-uoqyl-7249edd365a326c8b011cc8d86b54647{\nborder-radius:0px 0px 0px 0px;\npadding:0px 0px 0px 0px;\n}\n<\/style>\n<div  class='flex_column av-uoqyl-7249edd365a326c8b011cc8d86b54647 av_one_half  avia-builder-el-1  el_after_av_heading  el_before_av_one_half  first flex_column_div av-zero-column-padding  '     ><p>\n<style type=\"text\/css\" data-created_by=\"avia_inline_auto\" id=\"style-css-av-t8cdx-5ec99ce2a0ea3ddaa4798e6126d18b07\">\n#top .hr.hr-invisible.av-t8cdx-5ec99ce2a0ea3ddaa4798e6126d18b07{\nheight:18px;\n}\n<\/style>\n<div  class='hr av-t8cdx-5ec99ce2a0ea3ddaa4798e6126d18b07 hr-invisible  avia-builder-el-2  el_before_av_image  avia-builder-el-first '><span class='hr-inner '><span class=\"hr-inner-style\"><\/span><\/span><\/div><br \/>\n\n<style type=\"text\/css\" data-created_by=\"avia_inline_auto\" id=\"style-css-av-mo27p-a0bc1e162d125137c1b01d37755e832d\">\n.avia-image-container.av-mo27p-a0bc1e162d125137c1b01d37755e832d img.avia_image{\nbox-shadow:none;\n}\n.avia-image-container.av-mo27p-a0bc1e162d125137c1b01d37755e832d .av-image-caption-overlay-center{\ncolor:#ffffff;\n}\n<\/style>\n<div  class='avia-image-container av-mo27p-a0bc1e162d125137c1b01d37755e832d av-styling- av-hover-grow avia-align-center  avia-builder-el-3  el_after_av_hr  avia-builder-el-last '   itemprop=\"image\" itemscope=\"itemscope\" itemtype=\"https:\/\/schema.org\/ImageObject\" ><div class=\"avia-image-container-inner\"><div class=\"avia-image-overlay-wrap\"><img decoding=\"async\" fetchpriority=\"high\" class='wp-image-2363 avia-img-lazy-loading-not-2363 avia_image ' src=\"https:\/\/www.carruajesalba.com\/wp-content\/uploads\/2015\/11\/1.jpg\" alt='' title=''  height=\"640\" width=\"480\"  itemprop=\"thumbnailUrl\" srcset=\"https:\/\/www.carruajesalba.com\/wp-content\/uploads\/2015\/11\/1.jpg 480w, https:\/\/www.carruajesalba.com\/wp-content\/uploads\/2015\/11\/1-225x300.jpg 225w, https:\/\/www.carruajesalba.com\/wp-content\/uploads\/2015\/11\/1-450x600.jpg 450w\" sizes=\"(max-width: 480px) 100vw, 480px\" \/><\/div><\/div><\/div><\/p><\/div>\n\n<style type=\"text\/css\" data-created_by=\"avia_inline_auto\" id=\"style-css-av-czty5-4e0fcd37bf352bdfb2972e4d941e7d40\">\n.flex_column.av-czty5-4e0fcd37bf352bdfb2972e4d941e7d40{\nborder-radius:0px 0px 0px 0px;\npadding:0px 0px 0px 0px;\n}\n<\/style>\n<div  class='flex_column av-czty5-4e0fcd37bf352bdfb2972e4d941e7d40 av_one_half  avia-builder-el-4  el_after_av_one_half  avia-builder-el-last  flex_column_div av-zero-column-padding  '     ><section  class='av_textblock_section av-9ftx9-2a7ead33409a7ff00073367bd88ae694 '   itemscope=\"itemscope\" itemtype=\"https:\/\/schema.org\/CreativeWork\" ><div class='avia_textblock av_inherit_color'  itemprop=\"text\" ><p style=\"text-align: justify;\">Carruajes Alba es una empresa sevillana, establecida en Lebrija, especializada\u00a0en el sector de la restauraci\u00f3n y la conservaci\u00f3n de carruajes y bienes muebles\u00a0de car\u00e1cter hist\u00f3rico art\u00edstico que cuenta con m\u00e1s de 25 a\u00f1os de experiencia.<\/p>\n<p style=\"text-align: justify;\">La metodolog\u00eda utilizada en nuestros trabajos se basa en dos pilares\u00a0fundamentales: Un an\u00e1lisis exhaustivo e investigaci\u00f3n interdisciplinar para el\u00a0conocimiento de la obra, considerando aspectos materiales, tecnol\u00f3gicos,\u00a0est\u00e9ticos, hist\u00f3ricos o culturales, cuyos resultados se reflejen en un informe, y\u00a0una intervenci\u00f3n respetuosa que vela por la conservaci\u00f3n preventiva y el\u00a0mantenimiento de la misma.\u00a0Contamos con un equipo de trabajo multidisciplinar formado por restauradores,\u00a0historiadores de arte y especialistas en conservaci\u00f3n, restauraci\u00f3n y tutela del\u00a0patrimonio cultural. Disponemos de un servicio de consulta especializado en\u00a0valoraciones de carruajes para museos y colecciones privadas.<\/p>\n<p style=\"text-align: justify;\">En nuestro centro de restauraci\u00f3n le ofrecemos un amplio abanico de servicios.\u00a0Entre ellos puedes encontrar desde el mantenimiento rutinario o peque\u00f1as\u00a0reparaciones de carruajes, textiles, bordados o pasamaner\u00eda, hasta\u00a0restauraciones integrales que respetan la forma originaria de la obra velando\u00a0siempre por su conservaci\u00f3n y su continuidad en el tiempo.<\/p>\n<p style=\"text-align: justify;\">Nuestros talleres est\u00e1n equipados con todas las herramientas necesarias,\u00a0muchas de ellas originales y coet\u00e1neas al momento de fabricaci\u00f3n de algunos\u00a0tipos de carruajes, para realizar el proceso completo\u00a0 de intervenci\u00f3n sin tener\u00a0que desplazar ninguna obra fuera de nuestras instalaciones.\u00a0Adem\u00e1s, nuestros equipos de artesanos poseen los m\u00e1s altos niveles t\u00e9cnicos,\u00a0realizando siempre todo su trabajo con el habitual esmero y dedicaci\u00f3n\u00a0presente siempre en nuestros talleres.<\/p>\n<p style=\"text-align: justify;\">La gran autenticidad y respeto en nuestros trabajos de restauraci\u00f3n as\u00ed como el\u00a0tratamiento cuidadoso y la finalizaci\u00f3n de nuestras intervenciones, nos han permitido participar en numerosos proyectos para museos, colecciones\u00a0privadas y aficionados del enganche en general, a nivel internacional.<\/p>\n<\/div><\/section><\/div>\n","protected":false},"excerpt":{"rendered":"","protected":false},"author":2,"featured_media":0,"parent":0,"menu_order":0,"comment_status":"closed","ping_status":"closed","template":"","meta":{"footnotes":""},"class_list":["post-165","page","type-page","status-publish","hentry"],"_links":{"self":[{"href":"https:\/\/www.carruajesalba.com\/en\/wp-json\/wp\/v2\/pages\/165","targetHints":{"allow":["GET"]}}],"collection":[{"href":"https:\/\/www.carruajesalba.com\/en\/wp-json\/wp\/v2\/pages"}],"about":[{"href":"https:\/\/www.carruajesalba.com\/en\/wp-json\/wp\/v2\/types\/page"}],"author":[{"embeddable":true,"href":"https:\/\/www.carruajesalba.com\/en\/wp-json\/wp\/v2\/users\/2"}],"replies":[{"embeddable":true,"href":"https:\/\/www.carruajesalba.com\/en\/wp-json\/wp\/v2\/comments?post=165"}],"version-history":[{"count":22,"href":"https:\/\/www.carruajesalba.com\/en\/wp-json\/wp\/v2\/pages\/165\/revisions"}],"predecessor-version":[{"id":5667,"href":"https:\/\/www.carruajesalba.com\/en\/wp-json\/wp\/v2\/pages\/165\/revisions\/5667"}],"wp:attachment":[{"href":"https:\/\/www.carruajesalba.com\/en\/wp-json\/wp\/v2\/media?parent=165"}],"curies":[{"name":"wp","href":"https:\/\/api.w.org\/{rel}","templated":true}]}}