{"id":146,"date":"2015-11-18T15:27:05","date_gmt":"2015-11-18T15:27:05","guid":{"rendered":"http:\/\/www.carruajesalba.com\/?page_id=146"},"modified":"2016-04-05T18:56:58","modified_gmt":"2016-04-05T18:56:58","slug":"cueros","status":"publish","type":"page","link":"https:\/\/www.carruajesalba.com\/en\/cueros\/","title":{"rendered":"Cueros"},"content":{"rendered":"\n<style type=\"text\/css\" data-created_by=\"avia_inline_auto\" id=\"style-css-av-av_one_full-9497bbf8bff73ea4c6992cc17fa9ec36\">\n.flex_column.av-av_one_full-9497bbf8bff73ea4c6992cc17fa9ec36{\nborder-radius:0px 0px 0px 0px;\npadding:0px 0px 0px 0px;\n}\n<\/style>\n<div  class='flex_column av-av_one_full-9497bbf8bff73ea4c6992cc17fa9ec36 av_one_full  avia-builder-el-0  el_before_av_masonry_gallery  avia-builder-el-no-sibling  first flex_column_div av-zero-column-padding  '     ><p>\n<style type=\"text\/css\" data-created_by=\"avia_inline_auto\" id=\"style-css-av-av_heading-96e248d2bbf28d42e98138602ccedfc6\">\n#top .av-special-heading.av-av_heading-96e248d2bbf28d42e98138602ccedfc6{\npadding-bottom:0;\n}\nbody .av-special-heading.av-av_heading-96e248d2bbf28d42e98138602ccedfc6 .av-special-heading-tag .heading-char{\nfont-size:25px;\n}\n.av-special-heading.av-av_heading-96e248d2bbf28d42e98138602ccedfc6 .av-subheading{\nfont-size:15px;\n}\n<\/style>\n<div  class='av-special-heading av-av_heading-96e248d2bbf28d42e98138602ccedfc6 av-special-heading-h3  avia-builder-el-1  el_before_av_promobox  avia-builder-el-first '><h3 class='av-special-heading-tag '  itemprop=\"headline\"  >Cueros<\/h3><div class=\"special-heading-border\"><div class=\"special-heading-inner-border\"><\/div><\/div><\/div><br \/>\n\n<style type=\"text\/css\" data-created_by=\"avia_inline_auto\" id=\"style-css-av-av_promobox-40ecd0388d03b1c3ee578bf09fec6eb3\">\n.av_promobox.av-av_promobox-40ecd0388d03b1c3ee578bf09fec6eb3{\ncolor:#424242;\nbackground:#f2f2f2;\nborder-color:#ffffff;\n}\n<\/style>\n<div  class='av_promobox av-av_promobox-40ecd0388d03b1c3ee578bf09fec6eb3 avia-button-no  avia-builder-el-2  el_after_av_heading  avia-builder-el-last '><div class='avia-promocontent'><\/p>\n<p style=\"text-align: justify;\"><img loading=\"lazy\" decoding=\"async\" class=\"alignleft wp-image-1104\" src=\"http:\/\/www.carruajesalba.com\/wp-content\/uploads\/2015\/11\/PORTADA-300x166.jpg\" alt=\"\" width=\"199\" height=\"110\" srcset=\"https:\/\/www.carruajesalba.com\/wp-content\/uploads\/2015\/11\/PORTADA-300x166.jpg 300w, https:\/\/www.carruajesalba.com\/wp-content\/uploads\/2015\/11\/PORTADA-768x425.jpg 768w, https:\/\/www.carruajesalba.com\/wp-content\/uploads\/2015\/11\/PORTADA-1030x569.jpg 1030w, https:\/\/www.carruajesalba.com\/wp-content\/uploads\/2015\/11\/PORTADA-1500x829.jpg 1500w, https:\/\/www.carruajesalba.com\/wp-content\/uploads\/2015\/11\/PORTADA-705x390.jpg 705w, https:\/\/www.carruajesalba.com\/wp-content\/uploads\/2015\/11\/PORTADA-450x249.jpg 450w\" sizes=\"auto, (max-width: 199px) 100vw, 199px\" \/>Trabajamos con cuero flor de primera calidad de curtici\u00f3n vegetal y cuero acharolado. En cuanto a restauraci\u00f3n, se procede a t\u00e9cnicas de limpieza, nutrici\u00f3n e hidrataci\u00f3n de los mismos para procurar su conservaci\u00f3n y perdurabilidad en el tiempo.<\/p>\n<p style=\"text-align: justify;\">Intervenimos piezas como botariles, correas de sopanda, salpicaderos, aletines o guardabarros, estriberas, etc. con t\u00e9cnicas tradicionales y costuras a mano.<\/p>\n<p>\n<\/div><\/div><\/p><\/div><div id='av-masonry-1' class='av-masonry av-av_masonry_gallery-49c124062a960805773fa9117ad31101 noHover av-fixed-size av-large-gap av-hover-overlay- av-masonry-animation-active av-masonry-col-4 av-caption-always av-caption-style- av-masonry-gallery ' data-post_id=\"146\"><div class=\"av-masonry-container isotope av-js-disabled\"><div class='av-masonry-entry isotope-item av-masonry-item-no-image '><\/div><div id='av-masonry-1-item-2985' data-av-masonry-item='2985' class='av-masonry-entry isotope-item post-2985 attachment type-attachment status-inherit hentry  av-masonry-item-with-image av-grid-img'    itemprop=\"thumbnailUrl\" ><div class='av-inner-masonry-sizer'><\/div><figure class='av-inner-masonry main_color'><div class=\"av-masonry-outerimage-container\"><div class='av-masonry-image-container' style=\"background-image: url(https:\/\/www.carruajesalba.com\/wp-content\/uploads\/2015\/11\/Correas-de-sopanda-1-705x472.jpg);\"  title=\"Strap for support\" ><\/div><\/div><figcaption class='av-inner-masonry-content site-background'><div class='av-inner-masonry-content-pos'><div class='av-inner-masonry-content-pos-content'><div class='avia-arrow'><\/div><h3 class='av-masonry-entry-title entry-title '  itemprop=\"headline\" >Strap for support<\/h3><\/div><\/div><\/figcaption><\/figure><\/div><!--end av-masonry entry--><div id='av-masonry-1-item-2987' data-av-masonry-item='2987' class='av-masonry-entry isotope-item post-2987 attachment type-attachment status-inherit hentry  av-masonry-item-with-image av-grid-img'    itemprop=\"thumbnailUrl\" ><div class='av-inner-masonry-sizer'><\/div><figure class='av-inner-masonry main_color'><div class=\"av-masonry-outerimage-container\"><div class='av-masonry-image-container' style=\"background-image: url(https:\/\/www.carruajesalba.com\/wp-content\/uploads\/2015\/11\/Estribera-cuero-restaurado-1-705x544.jpg);\"  title=\"Running board (restored leather)\" ><\/div><\/div><figcaption class='av-inner-masonry-content site-background'><div class='av-inner-masonry-content-pos'><div class='av-inner-masonry-content-pos-content'><div class='avia-arrow'><\/div><h3 class='av-masonry-entry-title entry-title '  itemprop=\"headline\" >Running board (restored leather)<\/h3><\/div><\/div><\/figcaption><\/figure><\/div><!--end av-masonry entry--><div id='av-masonry-1-item-2989' data-av-masonry-item='2989' class='av-masonry-entry isotope-item post-2989 attachment type-attachment status-inherit hentry  av-masonry-item-with-image av-grid-img'    itemprop=\"thumbnailUrl\" ><div class='av-inner-masonry-sizer'><\/div><figure class='av-inner-masonry main_color'><div class=\"av-masonry-outerimage-container\"><div class='av-masonry-image-container' style=\"background-image: url(https:\/\/www.carruajesalba.com\/wp-content\/uploads\/2015\/11\/Pulpitillo-cuero-restaurado-1-705x472.jpg);\"  title=\"Pulpit (restored leather)\" ><\/div><\/div><figcaption class='av-inner-masonry-content site-background'><div class='av-inner-masonry-content-pos'><div class='av-inner-masonry-content-pos-content'><div class='avia-arrow'><\/div><h3 class='av-masonry-entry-title entry-title '  itemprop=\"headline\" >Pulpit (restored leather)<\/h3><\/div><\/div><\/figcaption><\/figure><\/div><!--end av-masonry entry--><div id='av-masonry-1-item-2991' data-av-masonry-item='2991' class='av-masonry-entry isotope-item post-2991 attachment type-attachment status-inherit hentry  av-masonry-item-with-image av-grid-img'    itemprop=\"thumbnailUrl\" ><div class='av-inner-masonry-sizer'><\/div><figure class='av-inner-masonry main_color'><div class=\"av-masonry-outerimage-container\"><div class='av-masonry-image-container' style=\"background-image: url(https:\/\/www.carruajesalba.com\/wp-content\/uploads\/2015\/11\/Salpicadero-1-705x470.jpg);\"  title=\"Salpicadero\" ><\/div><\/div><figcaption class='av-inner-masonry-content site-background'><div class='av-inner-masonry-content-pos'><div class='av-inner-masonry-content-pos-content'><div class='avia-arrow'><\/div><h3 class='av-masonry-entry-title entry-title '  itemprop=\"headline\" >Salpicadero<\/h3><\/div><\/div><\/figcaption><\/figure><\/div><!--end av-masonry entry--><\/div><\/div><\/p>\n","protected":false},"excerpt":{"rendered":"","protected":false},"author":2,"featured_media":0,"parent":0,"menu_order":0,"comment_status":"closed","ping_status":"closed","template":"","meta":{"footnotes":""},"class_list":["post-146","page","type-page","status-publish","hentry"],"_links":{"self":[{"href":"https:\/\/www.carruajesalba.com\/en\/wp-json\/wp\/v2\/pages\/146","targetHints":{"allow":["GET"]}}],"collection":[{"href":"https:\/\/www.carruajesalba.com\/en\/wp-json\/wp\/v2\/pages"}],"about":[{"href":"https:\/\/www.carruajesalba.com\/en\/wp-json\/wp\/v2\/types\/page"}],"author":[{"embeddable":true,"href":"https:\/\/www.carruajesalba.com\/en\/wp-json\/wp\/v2\/users\/2"}],"replies":[{"embeddable":true,"href":"https:\/\/www.carruajesalba.com\/en\/wp-json\/wp\/v2\/comments?post=146"}],"version-history":[{"count":16,"href":"https:\/\/www.carruajesalba.com\/en\/wp-json\/wp\/v2\/pages\/146\/revisions"}],"predecessor-version":[{"id":1733,"href":"https:\/\/www.carruajesalba.com\/en\/wp-json\/wp\/v2\/pages\/146\/revisions\/1733"}],"wp:attachment":[{"href":"https:\/\/www.carruajesalba.com\/en\/wp-json\/wp\/v2\/media?parent=146"}],"curies":[{"name":"wp","href":"https:\/\/api.w.org\/{rel}","templated":true}]}}