{"id":123,"date":"2015-11-18T15:14:01","date_gmt":"2015-11-18T15:14:01","guid":{"rendered":"http:\/\/www.carruajesalba.com\/?page_id=123"},"modified":"2016-04-11T15:24:57","modified_gmt":"2016-04-11T15:24:57","slug":"trabajos-de-conservacion","status":"publish","type":"page","link":"https:\/\/www.carruajesalba.com\/en\/trabajos-de-conservacion\/","title":{"rendered":"Trabajos de conservaci\u00f3n"},"content":{"rendered":"\n<style type=\"text\/css\" data-created_by=\"avia_inline_auto\" id=\"style-css-av-av_one_full-9497bbf8bff73ea4c6992cc17fa9ec36\">\n.flex_column.av-av_one_full-9497bbf8bff73ea4c6992cc17fa9ec36{\nborder-radius:0px 0px 0px 0px;\npadding:0px 0px 0px 0px;\n}\n<\/style>\n<div  class='flex_column av-av_one_full-9497bbf8bff73ea4c6992cc17fa9ec36 av_one_full  avia-builder-el-0  el_before_av_masonry_gallery  avia-builder-el-no-sibling  first flex_column_div av-zero-column-padding  '     ><p>\n<style type=\"text\/css\" data-created_by=\"avia_inline_auto\" id=\"style-css-av-av_heading-3337ab09fea6a9e9b9ad08436f544281\">\n#top .av-special-heading.av-av_heading-3337ab09fea6a9e9b9ad08436f544281{\npadding-bottom:0;\n}\nbody .av-special-heading.av-av_heading-3337ab09fea6a9e9b9ad08436f544281 .av-special-heading-tag .heading-char{\nfont-size:25px;\n}\n.av-special-heading.av-av_heading-3337ab09fea6a9e9b9ad08436f544281 .av-subheading{\nfont-size:15px;\n}\n<\/style>\n<div  class='av-special-heading av-av_heading-3337ab09fea6a9e9b9ad08436f544281 av-special-heading-h3  avia-builder-el-1  el_before_av_promobox  avia-builder-el-first '><h3 class='av-special-heading-tag '  itemprop=\"headline\"  >Trabajos de Conservaci\u00f3n<\/h3><div class=\"special-heading-border\"><div class=\"special-heading-inner-border\"><\/div><\/div><\/div><br \/>\n\n<style type=\"text\/css\" data-created_by=\"avia_inline_auto\" id=\"style-css-av-av_promobox-40ecd0388d03b1c3ee578bf09fec6eb3\">\n.av_promobox.av-av_promobox-40ecd0388d03b1c3ee578bf09fec6eb3{\ncolor:#424242;\nbackground:#f2f2f2;\nborder-color:#ffffff;\n}\n<\/style>\n<div  class='av_promobox av-av_promobox-40ecd0388d03b1c3ee578bf09fec6eb3 avia-button-no  avia-builder-el-2  el_after_av_heading  avia-builder-el-last '><div class='avia-promocontent'><\/p>\n<p style=\"text-align: justify;\"><img loading=\"lazy\" decoding=\"async\" class=\"alignleft wp-image-1069\" src=\"http:\/\/www.carruajesalba.com\/wp-content\/uploads\/2015\/11\/Portada-Conservaci\u00f3n-300x225.jpg\" alt=\"\" width=\"215\" height=\"161\" srcset=\"https:\/\/www.carruajesalba.com\/wp-content\/uploads\/2015\/11\/Portada-Conservaci\u00f3n-300x225.jpg 300w, https:\/\/www.carruajesalba.com\/wp-content\/uploads\/2015\/11\/Portada-Conservaci\u00f3n-450x338.jpg 450w, https:\/\/www.carruajesalba.com\/wp-content\/uploads\/2015\/11\/Portada-Conservaci\u00f3n.jpg 640w\" sizes=\"auto, (max-width: 215px) 100vw, 215px\" \/>A lo largo de estos \u00faltimos 25 a\u00f1os, hemos tenido el privilegio de realizar y participar en importantes y singulares proyectos de conservaci\u00f3n de carruajes para museos y colecciones privadas. La conservaci\u00f3n y salvaguarda de los bienes culturales es el principal objetivo dentro de nuestros rigurosos criterios de intervenci\u00f3n, velando siempre por la fidelidad en cuanto a t\u00e9cnicas y materiales se refiere. De esta forma se pretende mantener y consolidar las obras procurando su continuidad en el tiempo para legarlo a las generaciones futuras. Nuestros servicios de conservaci\u00f3n incluyen limpieza y tratamientos antiplagas, (xil\u00f3fagos, carcomas, etc.), tratamiento de cueros, consolidaci\u00f3n de tapicer\u00eda y elementos textiles, consolidaci\u00f3n de grietas y fisuras as\u00ed como la recuperaci\u00f3n de peque\u00f1as lagunas pict\u00f3rica y\/o elementos met\u00e1licos oxidados.<\/p>\n<p>\n<\/div><\/div><\/p><\/div><div id='av-masonry-1' class='av-masonry av-av_masonry_gallery-4fb48ba1f826375ffc33925c795ff085 noHover av-fixed-size av-large-gap av-hover-overlay- av-masonry-animation-active av-masonry-col-4 av-caption-always av-caption-style- av-masonry-gallery ' data-post_id=\"123\"><div class=\"av-masonry-container isotope av-js-disabled\"><div class='av-masonry-entry isotope-item av-masonry-item-no-image '><\/div><div id='av-masonry-1-item-2947' data-av-masonry-item='2947' class='av-masonry-entry isotope-item post-2947 attachment type-attachment status-inherit hentry  av-masonry-item-with-image av-grid-img'    itemprop=\"thumbnailUrl\" ><div class='av-inner-masonry-sizer'><\/div><figure class='av-inner-masonry main_color'><div class=\"av-masonry-outerimage-container\"><div class='av-masonry-image-container' style=\"background-image: url(https:\/\/www.carruajesalba.com\/wp-content\/uploads\/2015\/11\/2-1.jpg);\" ><\/div><\/div><\/figure><\/div><!--end av-masonry entry--><div id='av-masonry-1-item-2949' data-av-masonry-item='2949' class='av-masonry-entry isotope-item post-2949 attachment type-attachment status-inherit hentry  av-masonry-item-with-image av-grid-img'    itemprop=\"thumbnailUrl\" ><div class='av-inner-masonry-sizer'><\/div><figure class='av-inner-masonry main_color'><div class=\"av-masonry-outerimage-container\"><div class='av-masonry-image-container' style=\"background-image: url(https:\/\/www.carruajesalba.com\/wp-content\/uploads\/2015\/11\/3-1-705x577.jpg);\" ><\/div><\/div><\/figure><\/div><!--end av-masonry entry--><div id='av-masonry-1-item-2951' data-av-masonry-item='2951' class='av-masonry-entry isotope-item post-2951 attachment type-attachment status-inherit hentry  av-masonry-item-with-image av-grid-img'    itemprop=\"thumbnailUrl\" ><div class='av-inner-masonry-sizer'><\/div><figure class='av-inner-masonry main_color'><div class=\"av-masonry-outerimage-container\"><div class='av-masonry-image-container' style=\"background-image: url(https:\/\/www.carruajesalba.com\/wp-content\/uploads\/2015\/11\/4-1.jpg);\" ><\/div><\/div><\/figure><\/div><!--end av-masonry entry--><div id='av-masonry-1-item-2953' data-av-masonry-item='2953' class='av-masonry-entry isotope-item post-2953 attachment type-attachment status-inherit hentry  av-masonry-item-with-image av-grid-img'    itemprop=\"thumbnailUrl\" ><div class='av-inner-masonry-sizer'><\/div><figure class='av-inner-masonry main_color'><div class=\"av-masonry-outerimage-container\"><div class='av-masonry-image-container' style=\"background-image: url(https:\/\/www.carruajesalba.com\/wp-content\/uploads\/2015\/11\/5-1.jpg);\" ><\/div><\/div><\/figure><\/div><!--end av-masonry entry--><\/div><\/div><\/p>\n","protected":false},"excerpt":{"rendered":"","protected":false},"author":2,"featured_media":0,"parent":0,"menu_order":0,"comment_status":"closed","ping_status":"closed","template":"","meta":{"footnotes":""},"class_list":["post-123","page","type-page","status-publish","hentry"],"_links":{"self":[{"href":"https:\/\/www.carruajesalba.com\/en\/wp-json\/wp\/v2\/pages\/123","targetHints":{"allow":["GET"]}}],"collection":[{"href":"https:\/\/www.carruajesalba.com\/en\/wp-json\/wp\/v2\/pages"}],"about":[{"href":"https:\/\/www.carruajesalba.com\/en\/wp-json\/wp\/v2\/types\/page"}],"author":[{"embeddable":true,"href":"https:\/\/www.carruajesalba.com\/en\/wp-json\/wp\/v2\/users\/2"}],"replies":[{"embeddable":true,"href":"https:\/\/www.carruajesalba.com\/en\/wp-json\/wp\/v2\/comments?post=123"}],"version-history":[{"count":18,"href":"https:\/\/www.carruajesalba.com\/en\/wp-json\/wp\/v2\/pages\/123\/revisions"}],"predecessor-version":[{"id":4043,"href":"https:\/\/www.carruajesalba.com\/en\/wp-json\/wp\/v2\/pages\/123\/revisions\/4043"}],"wp:attachment":[{"href":"https:\/\/www.carruajesalba.com\/en\/wp-json\/wp\/v2\/media?parent=123"}],"curies":[{"name":"wp","href":"https:\/\/api.w.org\/{rel}","templated":true}]}}