{"id":121,"date":"2015-11-18T15:13:23","date_gmt":"2015-11-18T15:13:23","guid":{"rendered":"http:\/\/www.carruajesalba.com\/?page_id=121"},"modified":"2020-03-06T11:33:06","modified_gmt":"2020-03-06T11:33:06","slug":"restauracion-de-carruajes","status":"publish","type":"page","link":"https:\/\/www.carruajesalba.com\/en\/restauracion-de-carruajes\/","title":{"rendered":"Restauraci\u00f3n de Carruajes"},"content":{"rendered":"\n<style type=\"text\/css\" data-created_by=\"avia_inline_auto\" id=\"style-css-av-27q5pl-78f4579062841bd3e961ffc4f74bb1ec\">\n.flex_column.av-27q5pl-78f4579062841bd3e961ffc4f74bb1ec{\nborder-radius:0px 0px 0px 0px;\npadding:0px 0px 0px 0px;\n}\n<\/style>\n<div  class='flex_column av-27q5pl-78f4579062841bd3e961ffc4f74bb1ec av_one_full  avia-builder-el-0  el_before_av_layout_row  avia-builder-el-no-sibling  first flex_column_div av-zero-column-padding  '     ><p>\n<style type=\"text\/css\" data-created_by=\"avia_inline_auto\" id=\"style-css-av-24ohep-ed0d13ba3f200e99b9d29cb52ec79cbd\">\n#top .av-special-heading.av-24ohep-ed0d13ba3f200e99b9d29cb52ec79cbd{\npadding-bottom:0;\n}\nbody .av-special-heading.av-24ohep-ed0d13ba3f200e99b9d29cb52ec79cbd .av-special-heading-tag .heading-char{\nfont-size:25px;\n}\n.av-special-heading.av-24ohep-ed0d13ba3f200e99b9d29cb52ec79cbd .av-subheading{\nfont-size:15px;\n}\n<\/style>\n<div  class='av-special-heading av-24ohep-ed0d13ba3f200e99b9d29cb52ec79cbd av-special-heading-h3  avia-builder-el-1  el_before_av_promobox  avia-builder-el-first '><h3 class='av-special-heading-tag '  itemprop=\"headline\"  >Restauraci\u00f3n de Carruajes<\/h3><div class=\"special-heading-border\"><div class=\"special-heading-inner-border\"><\/div><\/div><\/div><br \/>\n\n<style type=\"text\/css\" data-created_by=\"avia_inline_auto\" id=\"style-css-av-1wn5ih-619ba534e7b0bfdcdf1f55105eacddad\">\n.av_promobox.av-1wn5ih-619ba534e7b0bfdcdf1f55105eacddad{\ncolor:#424242;\nbackground:#f2f2f2;\nborder-color:#ffffff;\n}\n<\/style>\n<div  class='av_promobox av-1wn5ih-619ba534e7b0bfdcdf1f55105eacddad avia-button-no  avia-builder-el-2  el_after_av_heading  avia-builder-el-last '><div class='avia-promocontent'><\/p>\n<p style=\"text-align: justify;\"><img loading=\"lazy\" decoding=\"async\" class=\"alignleft wp-image-1205\" src=\"http:\/\/www.carruajesalba.com\/wp-content\/uploads\/2015\/11\/PAC-DRAG-PORTADA-RESTAURACI\u00d3N-DE-CPORRUAJES-1-300x225.jpg\" alt=\"\" width=\"317\" height=\"237\" srcset=\"https:\/\/www.carruajesalba.com\/wp-content\/uploads\/2015\/11\/PAC-DRAG-PORTADA-RESTAURACI\u00d3N-DE-CPORRUAJES-1-300x225.jpg 300w, https:\/\/www.carruajesalba.com\/wp-content\/uploads\/2015\/11\/PAC-DRAG-PORTADA-RESTAURACI\u00d3N-DE-CPORRUAJES-1-450x338.jpg 450w, https:\/\/www.carruajesalba.com\/wp-content\/uploads\/2015\/11\/PAC-DRAG-PORTADA-RESTAURACI\u00d3N-DE-CPORRUAJES-1.jpg 640w\" sizes=\"auto, (max-width: 317px) 100vw, 317px\" \/>Los trabajos de restauraci\u00f3n y conservaci\u00f3n de carruajes han sido una de las\u00a0principales actividades que nuestra empresa viene desarrollando desde sus\u00a0inicios, contando con m\u00e1s de 25 a\u00f1os de experiencia. La conservaci\u00f3n y\u00a0salvaguarda de los bienes culturales son los principales objetivos dentro de\u00a0nuestro riguroso criterio de restauraci\u00f3n, velando siempre por la fidelidad en\u00a0cuanto a t\u00e9cnicas y materiales se refiere.<\/p>\n<p style=\"text-align: justify;\">En esta l\u00ednea contamos con una larga lista de trabajos realizados y\u00a0restauraciones de carruajes de muy diversa tipolog\u00eda. Obras de los siglos XVI,\u00a0XVII y XVIII as\u00ed como otras de edad contempor\u00e1nea correspondiente a los\u00a0siglos XIX y XX. Carrozas de ceremonia, de gala o espectaculares piezas\u00a0reales. Carruajes de paseo, de campo, de servicio p\u00fablico o de propietarios, etc. Todas nuestras intervenciones responden a un factor com\u00fan, el respeto y\u00a0la fidelidad a la obra procurando su continuidad en el tiempo para legarlo a las\u00a0generaciones futuras.<\/p>\n<p>\n<\/div><\/div><\/p><\/div>\n<\/div><\/div><\/div><!-- close content main div --><\/div><\/div><div id='av-layout-grid-1'  class='av-layout-grid-container av-1scczd-18eb1f8aa0b0092a2b18f5f0b0262917 entry-content-wrapper main_color av-flex-cells  avia-builder-el-3  el_after_av_one_full  el_before_av_masonry_gallery  grid-row-not-first  container_wrap sidebar_right'  >\n\n<style type=\"text\/css\" data-created_by=\"avia_inline_auto\" id=\"style-css-av-5gydd-a7109512cfed3248be543700ab98bd73\">\n.flex_cell.av-5gydd-a7109512cfed3248be543700ab98bd73{\nvertical-align:top;\n}\n.responsive #top #wrap_all .flex_cell.av-5gydd-a7109512cfed3248be543700ab98bd73{\npadding:30px 30px 30px 30px !important;\n}\n<\/style>\n<div class='flex_cell av-5gydd-a7109512cfed3248be543700ab98bd73 av-gridrow-cell av_one_third no_margin  avia-builder-el-4  el_before_av_cell_one_third  avia-builder-el-first  content-align-top'  ><div class='flex_cell_inner'><\/div><\/div>\n<style type=\"text\/css\" data-created_by=\"avia_inline_auto\" id=\"style-css-av-5178p-3e7bb7628fa9222e60bd29192373a0d1\">\n.flex_cell.av-5178p-3e7bb7628fa9222e60bd29192373a0d1{\nvertical-align:top;\n}\n.responsive #top #wrap_all .flex_cell.av-5178p-3e7bb7628fa9222e60bd29192373a0d1{\npadding:30px 30px 30px 30px !important;\n}\n<\/style>\n<div class='flex_cell av-5178p-3e7bb7628fa9222e60bd29192373a0d1 av-gridrow-cell av_one_third no_margin  avia-builder-el-5  el_after_av_cell_one_third  el_before_av_cell_one_third  content-align-top'  ><div class='flex_cell_inner'><p>\n<style type=\"text\/css\" data-created_by=\"avia_inline_auto\" id=\"style-css-av-av_heading-e1770c1dfa1116fc029bceed36d09ceb\">\n#top .av-special-heading.av-av_heading-e1770c1dfa1116fc029bceed36d09ceb{\npadding-bottom:10px;\ncolor:#960d01;\n}\nbody .av-special-heading.av-av_heading-e1770c1dfa1116fc029bceed36d09ceb .av-special-heading-tag .heading-char{\nfont-size:25px;\n}\n.av-special-heading.av-av_heading-e1770c1dfa1116fc029bceed36d09ceb .special-heading-inner-border{\nborder-color:#960d01;\n}\n.av-special-heading.av-av_heading-e1770c1dfa1116fc029bceed36d09ceb .av-subheading{\nfont-size:15px;\n}\n<\/style>\n<div  class='av-special-heading av-av_heading-e1770c1dfa1116fc029bceed36d09ceb av-special-heading-h3 custom-color-heading  avia-builder-el-6  el_before_av_heading  avia-builder-el-first '><h3 class='av-special-heading-tag '  itemprop=\"headline\"  >\u00daltimos Trabajos Realizados<\/h3><div class=\"special-heading-border\"><div class=\"special-heading-inner-border\"><\/div><\/div><\/div><br \/>\n\n<style type=\"text\/css\" data-created_by=\"avia_inline_auto\" id=\"style-css-av-av_heading-014e5acab7223cd3b5dd30503c46e802\">\n#top .av-special-heading.av-av_heading-014e5acab7223cd3b5dd30503c46e802{\npadding-bottom:10px;\n}\nbody .av-special-heading.av-av_heading-014e5acab7223cd3b5dd30503c46e802 .av-special-heading-tag .heading-char{\nfont-size:25px;\n}\n.av-special-heading.av-av_heading-014e5acab7223cd3b5dd30503c46e802 .av-subheading{\nfont-size:15px;\n}\n<\/style>\n<div  class='av-special-heading av-av_heading-014e5acab7223cd3b5dd30503c46e802 av-special-heading-h3  avia-builder-el-7  el_after_av_heading  el_before_av_gallery '><h3 class='av-special-heading-tag '  itemprop=\"headline\"  >Sociable <\/h3><div class=\"special-heading-border\"><div class=\"special-heading-inner-border\"><\/div><\/div><\/div><br \/>\n\n<style type=\"text\/css\" data-created_by=\"avia_inline_auto\" id=\"style-css-av-x9301-e948d10e71d0d1dab734e2ce8ab54468\">\n#top .avia-gallery.av-x9301-e948d10e71d0d1dab734e2ce8ab54468 .avia-gallery-thumb a{\nwidth:20%;\n}\n<\/style>\n<div  class='avia-gallery av-x9301-e948d10e71d0d1dab734e2ce8ab54468 avia_animate_when_visible  avia-builder-el-8  el_after_av_heading  el_before_av_toggle_container  av-hide-gallery-thumbs deactivate_avia_lazyload av-slideshow-ui av-loop-manual-endless av-control-hidden av-navigate-arrows av-navigate-dots hover-effect av-control-hidden avia-gallery-animate avia-gallery-1'  itemprop=\"image\" itemscope=\"itemscope\" itemtype=\"https:\/\/schema.org\/ImageObject\" ><meta itemprop=\"contentURL\" content=\"https:\/\/www.carruajesalba.com\/en\/restauracion-de-carruajes\/\"><a class='avia-gallery-big fakeLightbox lightbox avia-gallery-big-crop-thumb ' href=\"https:\/\/www.carruajesalba.com\/wp-content\/uploads\/2020\/03\/Sociable-Petter-Sons.png\" data-srcset=\"https:\/\/www.carruajesalba.com\/wp-content\/uploads\/2020\/03\/Sociable-Petter-Sons.png 800w, https:\/\/www.carruajesalba.com\/wp-content\/uploads\/2020\/03\/Sociable-Petter-Sons-300x201.png 300w, https:\/\/www.carruajesalba.com\/wp-content\/uploads\/2020\/03\/Sociable-Petter-Sons-768x515.png 768w, https:\/\/www.carruajesalba.com\/wp-content\/uploads\/2020\/03\/Sociable-Petter-Sons-705x472.png 705w\" data-sizes=\"(max-width: 800px) 100vw, 800px\"  data-onclick='1' title='Sociable' ><span class='avia-gallery-big-inner'  itemprop=\"thumbnailUrl\" ><img decoding=\"async\" fetchpriority=\"high\" class=\"wp-image-5695 avia-img-lazy-loading-not-5695\"  width=\"800\" height=\"536\" src=\"https:\/\/www.carruajesalba.com\/wp-content\/uploads\/2020\/03\/Sociable-Petter-Sons.png\" title='Sociable' alt='' srcset=\"https:\/\/www.carruajesalba.com\/wp-content\/uploads\/2020\/03\/Sociable-Petter-Sons.png 800w, https:\/\/www.carruajesalba.com\/wp-content\/uploads\/2020\/03\/Sociable-Petter-Sons-300x201.png 300w, https:\/\/www.carruajesalba.com\/wp-content\/uploads\/2020\/03\/Sociable-Petter-Sons-768x515.png 768w, https:\/\/www.carruajesalba.com\/wp-content\/uploads\/2020\/03\/Sociable-Petter-Sons-705x472.png 705w\" sizes=\"(max-width: 800px) 100vw, 800px\" \/><\/span><\/a><div class='avia-gallery-thumb'><a href=\"https:\/\/www.carruajesalba.com\/wp-content\/uploads\/2020\/03\/Sociable-Petter-Sons.png\" data-srcset=\"https:\/\/www.carruajesalba.com\/wp-content\/uploads\/2020\/03\/Sociable-Petter-Sons.png 800w, https:\/\/www.carruajesalba.com\/wp-content\/uploads\/2020\/03\/Sociable-Petter-Sons-300x201.png 300w, https:\/\/www.carruajesalba.com\/wp-content\/uploads\/2020\/03\/Sociable-Petter-Sons-768x515.png 768w, https:\/\/www.carruajesalba.com\/wp-content\/uploads\/2020\/03\/Sociable-Petter-Sons-705x472.png 705w\" data-sizes=\"(max-width: 800px) 100vw, 800px\" data-rel='gallery-1' data-prev-img='https:\/\/www.carruajesalba.com\/wp-content\/uploads\/2020\/03\/Sociable-Petter-Sons.png' class='first_thumb lightbox ' data-onclick='1' title='Sociable'  itemprop=\"thumbnailUrl\"  ><img decoding=\"async\" fetchpriority=\"high\" class=\"wp-image-5695 avia-img-lazy-loading-not-5695\"   src=\"https:\/\/www.carruajesalba.com\/wp-content\/uploads\/2020\/03\/Sociable-Petter-Sons-495x400.png\" width=\"495\" height=\"400\"  title='Sociable' alt='' \/><div class='big-prev-fake'><img decoding=\"async\" loading=\"lazy\" class=\"wp-image-5695 avia-img-lazy-loading-5695\"  width=\"800\" height=\"536\" src=\"https:\/\/www.carruajesalba.com\/wp-content\/uploads\/2020\/03\/Sociable-Petter-Sons.png\" title='Sociable' alt='' srcset=\"https:\/\/www.carruajesalba.com\/wp-content\/uploads\/2020\/03\/Sociable-Petter-Sons.png 800w, https:\/\/www.carruajesalba.com\/wp-content\/uploads\/2020\/03\/Sociable-Petter-Sons-300x201.png 300w, https:\/\/www.carruajesalba.com\/wp-content\/uploads\/2020\/03\/Sociable-Petter-Sons-768x515.png 768w, https:\/\/www.carruajesalba.com\/wp-content\/uploads\/2020\/03\/Sociable-Petter-Sons-705x472.png 705w\" sizes=\"auto, (max-width: 800px) 100vw, 800px\" \/><\/div><\/a><\/div><\/div><br \/>\n<div  class='togglecontainer av-pggdl-6659c6ac7b8b547d3629ed1cf9628957  avia-builder-el-9  el_after_av_gallery  avia-builder-el-last  toggle_close_all' >\n<section class='av_toggle_section av-av_toggle-464a2425ed2ec5c70ac875e85784dcef'  itemscope=\"itemscope\" itemtype=\"https:\/\/schema.org\/CreativeWork\" ><div role=\"tablist\" class=\"single_toggle\" data-tags=\"{All} \"  ><p id='toggle-toggle-id-1' data-fake-id='#toggle-id-1' class='toggler  av-title-above '  itemprop=\"headline\"  role='tab' tabindex='0' aria-controls='toggle-id-1' data-slide-speed=\"200\" data-title=\"Detalles\" data-title-open=\"\" data-aria_collapsed=\"Click to expand: Detalles\" data-aria_expanded=\"Click to collapse: Detalles\">Detalles<span class=\"toggle_icon\"><span class=\"vert_icon\"><\/span><span class=\"hor_icon\"><\/span><\/span><\/p><div id='toggle-id-1' aria-labelledby='toggle-toggle-id-1' role='region' class='toggle_wrap  av-title-above'  ><div class='toggle_content invers-color '  itemprop=\"text\" ><p>Sociable<\/p>\n<div class=\"page\" title=\"Page 1\">\n<div class=\"section\">\n<div class=\"layoutArea\">\n<div class=\"column\">\n<p>Peter &amp; Sons<\/p>\n<\/div>\n<\/div>\n<\/div>\n<\/div>\n<div class=\"page\" title=\"Page 5\">\n<div class=\"layoutArea\">\n<div class=\"column\"><\/div>\n<\/div>\n<\/div>\n<div id=\"ires\" data-async-context=\"query:omnibus%20M%C3%9CHLBACHER\"><\/div>\n<\/div><\/div><\/div><\/section>\n<\/div><\/p>\n<\/div><\/div>\n<style type=\"text\/css\" data-created_by=\"avia_inline_auto\" id=\"style-css-av-drdfd-cc1f3ba5534e8c24d86a8bbc3ccc979d\">\n.flex_cell.av-drdfd-cc1f3ba5534e8c24d86a8bbc3ccc979d{\nvertical-align:top;\n}\n.responsive #top #wrap_all .flex_cell.av-drdfd-cc1f3ba5534e8c24d86a8bbc3ccc979d{\npadding:30px 30px 30px 30px !important;\n}\n<\/style>\n<div class='flex_cell av-drdfd-cc1f3ba5534e8c24d86a8bbc3ccc979d av-gridrow-cell av_one_third no_margin  avia-builder-el-10  el_after_av_cell_one_third  avia-builder-el-last  content-align-top'  ><div class='flex_cell_inner'><\/div><\/div><\/div><div id='av-masonry-1' class='av-masonry av-6kdcp-c81f1a6b0ba4063b4a146c9c7494f9f7 noHover av-fixed-size av-large-gap av-hover-overlay- av-masonry-animation-active av-masonry-col-4 av-caption-always av-caption-style- av-masonry-gallery ' data-post_id=\"121\"><div class=\"av-masonry-container isotope av-js-disabled\"><div class='av-masonry-entry isotope-item av-masonry-item-no-image '><\/div><a href=\"http:\/\/www.carruajesalba.com\/en\/walk-and-ceremony\/\"  aria-label=\"image Walk and Ceremony\"  id='av-masonry-1-item-2401' data-av-masonry-item='2401' class='av-masonry-entry isotope-item post-2401 attachment type-attachment status-inherit hentry  av-masonry-item-with-image av-grid-img' title=\"Walk and Ceremony\" alt=\"\"  data-av-masonry-custom-link=\"http:\/\/www.carruajesalba.com\/en\/walk-and-ceremony\/\"  itemprop=\"thumbnailUrl\" ><div class='av-inner-masonry-sizer'><\/div><figure class='av-inner-masonry main_color'><div class=\"av-masonry-outerimage-container\"><div class='av-masonry-image-container' style=\"background-image: url(https:\/\/www.carruajesalba.com\/wp-content\/uploads\/2015\/11\/Corona-705x626.jpg);\"  title=\"Walk and Ceremony\" ><\/div><\/div><figcaption class='av-inner-masonry-content site-background'><div class='av-inner-masonry-content-pos'><div class='av-inner-masonry-content-pos-content'><div class='avia-arrow'><\/div><h3 class='av-masonry-entry-title entry-title '  itemprop=\"headline\" >Walk and Ceremony<\/h3><\/div><\/div><\/figcaption><\/figure><\/a><!--end av-masonry entry--><a href=\"http:\/\/www.carruajesalba.com\/en\/tassels\/ \u200eEditar Editor est\u00e1ndar  http:\/\/www.carruajesalba.com\/en\/owner\/\"  aria-label=\"image Owner\"  id='av-masonry-1-item-2407' data-av-masonry-item='2407' class='av-masonry-entry isotope-item post-2407 attachment type-attachment status-inherit hentry  av-masonry-item-with-image av-grid-img' title=\"Owner\" alt=\"\"  data-av-masonry-custom-link=\"http:\/\/www.carruajesalba.com\/en\/tassels\/%20\u200eEditar%20Editor%20est\u00e1ndar%20%20http:\/\/www.carruajesalba.com\/en\/owner\/\"  itemprop=\"thumbnailUrl\" ><div class='av-inner-masonry-sizer'><\/div><figure class='av-inner-masonry main_color'><div class=\"av-masonry-outerimage-container\"><div class='av-masonry-image-container' style=\"background-image: url(https:\/\/www.carruajesalba.com\/wp-content\/uploads\/2015\/11\/P1010220-705x529.jpg);\"  title=\"Owner\" ><\/div><\/div><figcaption class='av-inner-masonry-content site-background'><div class='av-inner-masonry-content-pos'><div class='av-inner-masonry-content-pos-content'><div class='avia-arrow'><\/div><h3 class='av-masonry-entry-title entry-title '  itemprop=\"headline\" >Owner<\/h3><\/div><\/div><\/figcaption><\/figure><\/a><!--end av-masonry entry--><a href=\"http:\/\/www.carruajesalba.com\/en\/service\/\"  aria-label=\"image Service\"  id='av-masonry-1-item-2397' data-av-masonry-item='2397' class='av-masonry-entry isotope-item post-2397 attachment type-attachment status-inherit hentry  av-masonry-item-with-image av-grid-img' title=\"Service\" alt=\"\"  data-av-masonry-custom-link=\"http:\/\/www.carruajesalba.com\/en\/service\/\"  itemprop=\"thumbnailUrl\" ><div class='av-inner-masonry-sizer'><\/div><figure class='av-inner-masonry main_color'><div class=\"av-masonry-outerimage-container\"><div class='av-masonry-image-container' style=\"background-image: url(https:\/\/www.carruajesalba.com\/wp-content\/uploads\/2015\/11\/9-1-705x470.jpg);\"  title=\"Service\" ><\/div><\/div><figcaption class='av-inner-masonry-content site-background'><div class='av-inner-masonry-content-pos'><div class='av-inner-masonry-content-pos-content'><div class='avia-arrow'><\/div><h3 class='av-masonry-entry-title entry-title '  itemprop=\"headline\" >Service<\/h3><\/div><\/div><\/figcaption><\/figure><\/a><!--end av-masonry entry--><a href=\"http:\/\/www.carruajesalba.com\/en\/wheeler-and-house-in-a-single-harness\/\"  aria-label=\"image Wheeler and house in a single harness\"  id='av-masonry-1-item-2395' data-av-masonry-item='2395' class='av-masonry-entry isotope-item post-2395 attachment type-attachment status-inherit hentry  av-masonry-item-with-image av-grid-img' title=\"Wheeler and house in a single harness\" alt=\"\"  data-av-masonry-custom-link=\"http:\/\/www.carruajesalba.com\/en\/wheeler-and-house-in-a-single-harness\/\"  itemprop=\"thumbnailUrl\" ><div class='av-inner-masonry-sizer'><\/div><figure class='av-inner-masonry main_color'><div class=\"av-masonry-outerimage-container\"><div class='av-masonry-image-container' style=\"background-image: url(https:\/\/www.carruajesalba.com\/wp-content\/uploads\/2015\/11\/7.jpg);\"  title=\"Wheeler and house in a single harness\" ><\/div><\/div><figcaption class='av-inner-masonry-content site-background'><div class='av-inner-masonry-content-pos'><div class='av-inner-masonry-content-pos-content'><div class='avia-arrow'><\/div><h3 class='av-masonry-entry-title entry-title '  itemprop=\"headline\" >Wheeler and house in a single harness<\/h3><\/div><\/div><\/figcaption><\/figure><\/a><!--end av-masonry entry--><\/div><\/div><\/p>\n","protected":false},"excerpt":{"rendered":"","protected":false},"author":2,"featured_media":0,"parent":0,"menu_order":0,"comment_status":"closed","ping_status":"closed","template":"","meta":{"footnotes":""},"class_list":["post-121","page","type-page","status-publish","hentry"],"_links":{"self":[{"href":"https:\/\/www.carruajesalba.com\/en\/wp-json\/wp\/v2\/pages\/121","targetHints":{"allow":["GET"]}}],"collection":[{"href":"https:\/\/www.carruajesalba.com\/en\/wp-json\/wp\/v2\/pages"}],"about":[{"href":"https:\/\/www.carruajesalba.com\/en\/wp-json\/wp\/v2\/types\/page"}],"author":[{"embeddable":true,"href":"https:\/\/www.carruajesalba.com\/en\/wp-json\/wp\/v2\/users\/2"}],"replies":[{"embeddable":true,"href":"https:\/\/www.carruajesalba.com\/en\/wp-json\/wp\/v2\/comments?post=121"}],"version-history":[{"count":71,"href":"https:\/\/www.carruajesalba.com\/en\/wp-json\/wp\/v2\/pages\/121\/revisions"}],"predecessor-version":[{"id":5700,"href":"https:\/\/www.carruajesalba.com\/en\/wp-json\/wp\/v2\/pages\/121\/revisions\/5700"}],"wp:attachment":[{"href":"https:\/\/www.carruajesalba.com\/en\/wp-json\/wp\/v2\/media?parent=121"}],"curies":[{"name":"wp","href":"https:\/\/api.w.org\/{rel}","templated":true}]}}